{"id":6049,"date":"2023-01-24T15:32:21","date_gmt":"2023-01-24T14:32:21","guid":{"rendered":"https:\/\/aeroportcastello.com\/?page_id=6049"},"modified":"2023-01-24T15:33:26","modified_gmt":"2023-01-24T14:33:26","slug":"informacion-economica-y-presupuestaria","status":"publish","type":"page","link":"https:\/\/aeroportcastello.com\/es\/corporativo\/portal-de-transparencia\/informacion-economica-y-presupuestaria\/","title":{"rendered":"Informaci\u00f3n econ\u00f3mica y presupuestaria"},"content":{"rendered":"\t\t<div data-elementor-type=\"wp-page\" data-elementor-id=\"6049\" class=\"elementor elementor-6049\" data-elementor-post-type=\"page\">\n\t\t\t\t\t\t<section class=\"elementor-section elementor-top-section elementor-element elementor-element-357e981 elementor-section-boxed elementor-section-height-default elementor-section-height-default\" data-id=\"357e981\" data-element_type=\"section\" data-settings=\"{&quot;jet_parallax_layout_list&quot;:[]}\">\n\t\t\t\t\t\t<div class=\"elementor-container elementor-column-gap-default\">\n\t\t\t\t\t<div class=\"elementor-column elementor-col-100 elementor-top-column elementor-element elementor-element-fff066a\" data-id=\"fff066a\" data-element_type=\"column\" data-settings=\"{&quot;background_background&quot;:&quot;classic&quot;}\">\n\t\t\t<div class=\"elementor-widget-wrap elementor-element-populated\">\n\t\t\t\t\t\t<div class=\"elementor-element elementor-element-aa1a82d elementor-widget elementor-widget-heading\" data-id=\"aa1a82d\" data-element_type=\"widget\" data-widget_type=\"heading.default\">\n\t\t\t\t<div class=\"elementor-widget-container\">\n\t\t\t<h3 class=\"elementor-heading-title elementor-size-default\">Informaci\u00f3n econ\u00f3mica y presupuestaria<\/h3>\t\t<\/div>\n\t\t\t\t<\/div>\n\t\t\t\t<div class=\"elementor-element elementor-element-762d2dc elementor-widget-divider--view-line elementor-widget elementor-widget-divider\" data-id=\"762d2dc\" data-element_type=\"widget\" data-widget_type=\"divider.default\">\n\t\t\t\t<div class=\"elementor-widget-container\">\n\t\t\t\t\t<div class=\"elementor-divider\">\n\t\t\t<span class=\"elementor-divider-separator\">\n\t\t\t\t\t\t<\/span>\n\t\t<\/div>\n\t\t\t\t<\/div>\n\t\t\t\t<\/div>\n\t\t\t\t<div class=\"elementor-element elementor-element-ef79c06 elementor-widget elementor-widget-text-editor\" data-id=\"ef79c06\" data-element_type=\"widget\" data-widget_type=\"text-editor.default\">\n\t\t\t\t<div class=\"elementor-widget-container\">\n\t\t\t\t\t\t\t<p class=\"subtitulo\"><strong>PRESUPUESTO<\/strong><\/p><p>Para acceder a los presupuestos anuales, pulse\u00a0<a href=\"http:\/\/www.hisenda.gva.es\/web\/presupuestos\/hacienda-presupuestosanteriores\" target=\"_blank\" rel=\"noopener\"><strong>aqu\u00ed<\/strong><\/a>.<\/p><p class=\"subtitulo\"><strong>CUENTAS ANUALES<\/strong><\/p><p>Para acceder a las cuentas anuales, pulse\u00a0<a href=\"http:\/\/www.hisenda.gva.es\/web\/intervencion-general\/laconselleria-infogeneral-laintervenciongeneral-cuentas\" target=\"_blank\" rel=\"noopener\"><strong>aqu\u00ed<\/strong><\/a>.<\/p><p class=\"subtitulo\"><strong>PERIODO MEDIO DE PAGO<\/strong><\/p><p>Para acceder a los periodos medios de pago por entidades, pulse\u00a0<a href=\"http:\/\/www.hisenda.gva.es\/web\/intervencion-general\/periodo-medio-de-pago-por-entidades\" target=\"_blank\" rel=\"noopener\"><strong>aqu\u00ed<\/strong><\/a>.<\/p><p class=\"subtitulo\"><strong>CUENTAS ABIERTAS<\/strong><\/p><ul><li><a href=\"\/archivos\/pdf\/corporativo\/portal-transparencia\/movimientos-bancarios-2018.xlsx\" target=\"_blank\" rel=\"noopener\"><strong>Movimientos bancarios 2018<\/strong><\/a><\/li><li><a href=\"\/archivos\/pdf\/corporativo\/portal-transparencia\/movimientos-bancarios-2017.xlsx\" target=\"_blank\" rel=\"noopener\"><strong>Movimientos bancarios 2017<\/strong><\/a><\/li><\/ul>\t\t\t\t\t\t<\/div>\n\t\t\t\t<\/div>\n\t\t\t\t\t<\/div>\n\t\t<\/div>\n\t\t\t\t\t<\/div>\n\t\t<\/section>\n\t\t\t\t<section class=\"elementor-section elementor-top-section elementor-element elementor-element-49ca529 elementor-section-boxed elementor-section-height-default elementor-section-height-default\" data-id=\"49ca529\" data-element_type=\"section\" data-settings=\"{&quot;jet_parallax_layout_list&quot;:[]}\">\n\t\t\t\t\t\t<div class=\"elementor-container elementor-column-gap-default\">\n\t\t\t\t\t<div class=\"elementor-column elementor-col-100 elementor-top-column elementor-element elementor-element-ad28a15\" data-id=\"ad28a15\" data-element_type=\"column\">\n\t\t\t<div class=\"elementor-widget-wrap elementor-element-populated\">\n\t\t\t\t\t\t<div class=\"elementor-element elementor-element-09cb99d elementor-widget elementor-widget-spacer\" data-id=\"09cb99d\" data-element_type=\"widget\" data-widget_type=\"spacer.default\">\n\t\t\t\t<div class=\"elementor-widget-container\">\n\t\t\t\t\t<div class=\"elementor-spacer\">\n\t\t\t<div class=\"elementor-spacer-inner\"><\/div>\n\t\t<\/div>\n\t\t\t\t<\/div>\n\t\t\t\t<\/div>\n\t\t\t\t\t<\/div>\n\t\t<\/div>\n\t\t\t\t\t<\/div>\n\t\t<\/section>\n\t\t\t\t<\/div>\n\t\t","protected":false},"excerpt":{"rendered":"<p>Informaci\u00f3n econ\u00f3mica y presupuestaria PRESUPUESTO Para acceder a los presupuestos anuales, pulse\u00a0aqu\u00ed. CUENTAS ANUALES Para acceder a las cuentas anuales, pulse\u00a0aqu\u00ed. PERIODO MEDIO DE PAGO Para acceder a los periodos medios de pago por entidades, pulse\u00a0aqu\u00ed. CUENTAS ABIERTAS Movimientos bancarios 2018 Movimientos bancarios 2017<\/p>\n","protected":false},"author":1,"featured_media":0,"parent":1639,"menu_order":0,"comment_status":"closed","ping_status":"closed","template":"elementor_header_footer","meta":{"footnotes":""},"yoast_head":"<!-- This site is optimized with the Yoast SEO plugin v22.0 - https:\/\/yoast.com\/wordpress\/plugins\/seo\/ -->\n<title>Informaci\u00f3n econ\u00f3mica y presupuestaria - Aeropuerto Castell\u00f3n<\/title>\n<meta name=\"robots\" content=\"index, follow, max-snippet:-1, max-image-preview:large, max-video-preview:-1\" \/>\n<link rel=\"canonical\" href=\"https:\/\/aeroportcastello.com\/es\/corporativo\/portal-de-transparencia\/informacion-economica-y-presupuestaria\/\" \/>\n<meta property=\"og:locale\" content=\"es_ES\" \/>\n<meta property=\"og:type\" content=\"article\" \/>\n<meta property=\"og:title\" content=\"Informaci\u00f3n econ\u00f3mica y presupuestaria - Aeropuerto Castell\u00f3n\" \/>\n<meta property=\"og:description\" content=\"Informaci\u00f3n econ\u00f3mica y presupuestaria PRESUPUESTO Para acceder a los presupuestos anuales, pulse\u00a0aqu\u00ed. CUENTAS ANUALES Para acceder a las cuentas anuales, pulse\u00a0aqu\u00ed. PERIODO MEDIO DE PAGO Para acceder a los periodos medios de pago por entidades, pulse\u00a0aqu\u00ed. CUENTAS ABIERTAS Movimientos bancarios 2018 Movimientos bancarios 2017\" \/>\n<meta property=\"og:url\" content=\"https:\/\/aeroportcastello.com\/es\/corporativo\/portal-de-transparencia\/informacion-economica-y-presupuestaria\/\" \/>\n<meta property=\"og:site_name\" content=\"Aeropuerto Castell\u00f3n\" \/>\n<meta property=\"article:modified_time\" content=\"2023-01-24T14:33:26+00:00\" \/>\n<meta name=\"twitter:card\" content=\"summary_large_image\" \/>\n<meta name=\"twitter:label1\" content=\"Tiempo de lectura\" \/>\n\t<meta name=\"twitter:data1\" content=\"1 minuto\" \/>\n<script type=\"application\/ld+json\" class=\"yoast-schema-graph\">{\"@context\":\"https:\/\/schema.org\",\"@graph\":[{\"@type\":\"WebPage\",\"@id\":\"https:\/\/aeroportcastello.com\/es\/corporativo\/portal-de-transparencia\/informacion-economica-y-presupuestaria\/\",\"url\":\"https:\/\/aeroportcastello.com\/es\/corporativo\/portal-de-transparencia\/informacion-economica-y-presupuestaria\/\",\"name\":\"Informaci\u00f3n econ\u00f3mica y presupuestaria - Aeropuerto Castell\u00f3n\",\"isPartOf\":{\"@id\":\"https:\/\/aeroportcastello.com\/es\/#website\"},\"datePublished\":\"2023-01-24T14:32:21+00:00\",\"dateModified\":\"2023-01-24T14:33:26+00:00\",\"breadcrumb\":{\"@id\":\"https:\/\/aeroportcastello.com\/es\/corporativo\/portal-de-transparencia\/informacion-economica-y-presupuestaria\/#breadcrumb\"},\"inLanguage\":\"es\",\"potentialAction\":[{\"@type\":\"ReadAction\",\"target\":[\"https:\/\/aeroportcastello.com\/es\/corporativo\/portal-de-transparencia\/informacion-economica-y-presupuestaria\/\"]}]},{\"@type\":\"BreadcrumbList\",\"@id\":\"https:\/\/aeroportcastello.com\/es\/corporativo\/portal-de-transparencia\/informacion-economica-y-presupuestaria\/#breadcrumb\",\"itemListElement\":[{\"@type\":\"ListItem\",\"position\":1,\"name\":\"Pasajeros\",\"item\":\"https:\/\/aeroportcastello.com\/es\/\"},{\"@type\":\"ListItem\",\"position\":2,\"name\":\"Corporativo\",\"item\":\"https:\/\/aeroportcastello.com\/es\/corporativo\/\"},{\"@type\":\"ListItem\",\"position\":3,\"name\":\"Portal de transparencia\",\"item\":\"https:\/\/aeroportcastello.com\/es\/corporativo\/portal-de-transparencia\/\"},{\"@type\":\"ListItem\",\"position\":4,\"name\":\"Informaci\u00f3n econ\u00f3mica y presupuestaria\"}]},{\"@type\":\"WebSite\",\"@id\":\"https:\/\/aeroportcastello.com\/es\/#website\",\"url\":\"https:\/\/aeroportcastello.com\/es\/\",\"name\":\"Aeropuerto Castell\u00f3n\",\"description\":\"Aeropuerto Castell\u00f3n\",\"publisher\":{\"@id\":\"https:\/\/aeroportcastello.com\/es\/#organization\"},\"potentialAction\":[{\"@type\":\"SearchAction\",\"target\":{\"@type\":\"EntryPoint\",\"urlTemplate\":\"https:\/\/aeroportcastello.com\/es\/?s={search_term_string}\"},\"query-input\":\"required name=search_term_string\"}],\"inLanguage\":\"es\"},{\"@type\":\"Organization\",\"@id\":\"https:\/\/aeroportcastello.com\/es\/#organization\",\"name\":\"Aeropuerto Castell\u00f3n\",\"url\":\"https:\/\/aeroportcastello.com\/es\/\",\"logo\":{\"@type\":\"ImageObject\",\"inLanguage\":\"es\",\"@id\":\"https:\/\/aeroportcastello.com\/es\/#\/schema\/logo\/image\/\",\"url\":\"https:\/\/aeroportcastello.com\/wp-content\/uploads\/2021\/05\/logo_aeroport_castello-1.svg\",\"contentUrl\":\"https:\/\/aeroportcastello.com\/wp-content\/uploads\/2021\/05\/logo_aeroport_castello-1.svg\",\"width\":482.8999999999999772626324556767940521240234375,\"height\":93.7000000000000028421709430404007434844970703125,\"caption\":\"Aeropuerto Castell\u00f3n\"},\"image\":{\"@id\":\"https:\/\/aeroportcastello.com\/es\/#\/schema\/logo\/image\/\"}}]}<\/script>\n<!-- \/ Yoast SEO plugin. -->","yoast_head_json":{"title":"Informaci\u00f3n econ\u00f3mica y presupuestaria - Aeropuerto Castell\u00f3n","robots":{"index":"index","follow":"follow","max-snippet":"max-snippet:-1","max-image-preview":"max-image-preview:large","max-video-preview":"max-video-preview:-1"},"canonical":"https:\/\/aeroportcastello.com\/es\/corporativo\/portal-de-transparencia\/informacion-economica-y-presupuestaria\/","og_locale":"es_ES","og_type":"article","og_title":"Informaci\u00f3n econ\u00f3mica y presupuestaria - Aeropuerto Castell\u00f3n","og_description":"Informaci\u00f3n econ\u00f3mica y presupuestaria PRESUPUESTO Para acceder a los presupuestos anuales, pulse\u00a0aqu\u00ed. CUENTAS ANUALES Para acceder a las cuentas anuales, pulse\u00a0aqu\u00ed. PERIODO MEDIO DE PAGO Para acceder a los periodos medios de pago por entidades, pulse\u00a0aqu\u00ed. CUENTAS ABIERTAS Movimientos bancarios 2018 Movimientos bancarios 2017","og_url":"https:\/\/aeroportcastello.com\/es\/corporativo\/portal-de-transparencia\/informacion-economica-y-presupuestaria\/","og_site_name":"Aeropuerto Castell\u00f3n","article_modified_time":"2023-01-24T14:33:26+00:00","twitter_card":"summary_large_image","twitter_misc":{"Tiempo de lectura":"1 minuto"},"schema":{"@context":"https:\/\/schema.org","@graph":[{"@type":"WebPage","@id":"https:\/\/aeroportcastello.com\/es\/corporativo\/portal-de-transparencia\/informacion-economica-y-presupuestaria\/","url":"https:\/\/aeroportcastello.com\/es\/corporativo\/portal-de-transparencia\/informacion-economica-y-presupuestaria\/","name":"Informaci\u00f3n econ\u00f3mica y presupuestaria - Aeropuerto Castell\u00f3n","isPartOf":{"@id":"https:\/\/aeroportcastello.com\/es\/#website"},"datePublished":"2023-01-24T14:32:21+00:00","dateModified":"2023-01-24T14:33:26+00:00","breadcrumb":{"@id":"https:\/\/aeroportcastello.com\/es\/corporativo\/portal-de-transparencia\/informacion-economica-y-presupuestaria\/#breadcrumb"},"inLanguage":"es","potentialAction":[{"@type":"ReadAction","target":["https:\/\/aeroportcastello.com\/es\/corporativo\/portal-de-transparencia\/informacion-economica-y-presupuestaria\/"]}]},{"@type":"BreadcrumbList","@id":"https:\/\/aeroportcastello.com\/es\/corporativo\/portal-de-transparencia\/informacion-economica-y-presupuestaria\/#breadcrumb","itemListElement":[{"@type":"ListItem","position":1,"name":"Pasajeros","item":"https:\/\/aeroportcastello.com\/es\/"},{"@type":"ListItem","position":2,"name":"Corporativo","item":"https:\/\/aeroportcastello.com\/es\/corporativo\/"},{"@type":"ListItem","position":3,"name":"Portal de transparencia","item":"https:\/\/aeroportcastello.com\/es\/corporativo\/portal-de-transparencia\/"},{"@type":"ListItem","position":4,"name":"Informaci\u00f3n econ\u00f3mica y presupuestaria"}]},{"@type":"WebSite","@id":"https:\/\/aeroportcastello.com\/es\/#website","url":"https:\/\/aeroportcastello.com\/es\/","name":"Aeropuerto Castell\u00f3n","description":"Aeropuerto Castell\u00f3n","publisher":{"@id":"https:\/\/aeroportcastello.com\/es\/#organization"},"potentialAction":[{"@type":"SearchAction","target":{"@type":"EntryPoint","urlTemplate":"https:\/\/aeroportcastello.com\/es\/?s={search_term_string}"},"query-input":"required name=search_term_string"}],"inLanguage":"es"},{"@type":"Organization","@id":"https:\/\/aeroportcastello.com\/es\/#organization","name":"Aeropuerto Castell\u00f3n","url":"https:\/\/aeroportcastello.com\/es\/","logo":{"@type":"ImageObject","inLanguage":"es","@id":"https:\/\/aeroportcastello.com\/es\/#\/schema\/logo\/image\/","url":"https:\/\/aeroportcastello.com\/wp-content\/uploads\/2021\/05\/logo_aeroport_castello-1.svg","contentUrl":"https:\/\/aeroportcastello.com\/wp-content\/uploads\/2021\/05\/logo_aeroport_castello-1.svg","width":482.8999999999999772626324556767940521240234375,"height":93.7000000000000028421709430404007434844970703125,"caption":"Aeropuerto Castell\u00f3n"},"image":{"@id":"https:\/\/aeroportcastello.com\/es\/#\/schema\/logo\/image\/"}}]}},"_links":{"self":[{"href":"https:\/\/aeroportcastello.com\/es\/wp-json\/wp\/v2\/pages\/6049"}],"collection":[{"href":"https:\/\/aeroportcastello.com\/es\/wp-json\/wp\/v2\/pages"}],"about":[{"href":"https:\/\/aeroportcastello.com\/es\/wp-json\/wp\/v2\/types\/page"}],"author":[{"embeddable":true,"href":"https:\/\/aeroportcastello.com\/es\/wp-json\/wp\/v2\/users\/1"}],"replies":[{"embeddable":true,"href":"https:\/\/aeroportcastello.com\/es\/wp-json\/wp\/v2\/comments?post=6049"}],"version-history":[{"count":4,"href":"https:\/\/aeroportcastello.com\/es\/wp-json\/wp\/v2\/pages\/6049\/revisions"}],"predecessor-version":[{"id":6053,"href":"https:\/\/aeroportcastello.com\/es\/wp-json\/wp\/v2\/pages\/6049\/revisions\/6053"}],"up":[{"embeddable":true,"href":"https:\/\/aeroportcastello.com\/es\/wp-json\/wp\/v2\/pages\/1639"}],"wp:attachment":[{"href":"https:\/\/aeroportcastello.com\/es\/wp-json\/wp\/v2\/media?parent=6049"}],"curies":[{"name":"wp","href":"https:\/\/api.w.org\/{rel}","templated":true}]}}