{"id":5801,"date":"2023-01-19T11:15:34","date_gmt":"2023-01-19T10:15:34","guid":{"rendered":"https:\/\/aeroportcastello.com\/?page_id=5801"},"modified":"2025-08-01T09:14:31","modified_gmt":"2025-08-01T07:14:31","slug":"personal","status":"publish","type":"page","link":"https:\/\/aeroportcastello.com\/es\/corporativo\/portal-de-transparencia\/personal\/","title":{"rendered":"Personal"},"content":{"rendered":"\t\t<div data-elementor-type=\"wp-page\" data-elementor-id=\"5801\" class=\"elementor elementor-5801\" data-elementor-post-type=\"page\">\n\t\t\t\t\t\t<section class=\"elementor-section elementor-top-section elementor-element elementor-element-7af10ca elementor-section-boxed elementor-section-height-default elementor-section-height-default\" data-id=\"7af10ca\" data-element_type=\"section\" data-settings=\"{&quot;jet_parallax_layout_list&quot;:[]}\">\n\t\t\t\t\t\t<div class=\"elementor-container elementor-column-gap-default\">\n\t\t\t\t\t<div class=\"elementor-column elementor-col-100 elementor-top-column elementor-element elementor-element-aa9c255\" data-id=\"aa9c255\" data-element_type=\"column\" data-settings=\"{&quot;background_background&quot;:&quot;classic&quot;}\">\n\t\t\t<div class=\"elementor-widget-wrap elementor-element-populated\">\n\t\t\t\t\t\t<div class=\"elementor-element elementor-element-6806062 elementor-widget elementor-widget-heading\" data-id=\"6806062\" data-element_type=\"widget\" data-widget_type=\"heading.default\">\n\t\t\t\t<div class=\"elementor-widget-container\">\n\t\t\t<h3 class=\"elementor-heading-title elementor-size-default\">Oferta P\u00fablica de Empleo (OPE)<\/h3>\t\t<\/div>\n\t\t\t\t<\/div>\n\t\t\t\t<div class=\"elementor-element elementor-element-70f7d83 elementor-widget-divider--view-line elementor-widget elementor-widget-divider\" data-id=\"70f7d83\" data-element_type=\"widget\" data-widget_type=\"divider.default\">\n\t\t\t\t<div class=\"elementor-widget-container\">\n\t\t\t\t\t<div class=\"elementor-divider\">\n\t\t\t<span class=\"elementor-divider-separator\">\n\t\t\t\t\t\t<\/span>\n\t\t<\/div>\n\t\t\t\t<\/div>\n\t\t\t\t<\/div>\n\t\t\t\t<section class=\"elementor-section elementor-inner-section elementor-element elementor-element-5aad7e8 elementor-section-boxed elementor-section-height-default elementor-section-height-default\" data-id=\"5aad7e8\" data-element_type=\"section\" data-settings=\"{&quot;jet_parallax_layout_list&quot;:[]}\">\n\t\t\t\t\t\t<div class=\"elementor-container elementor-column-gap-default\">\n\t\t\t\t\t<div class=\"elementor-column elementor-col-33 elementor-inner-column elementor-element elementor-element-fd8c320\" data-id=\"fd8c320\" data-element_type=\"column\">\n\t\t\t<div class=\"elementor-widget-wrap elementor-element-populated\">\n\t\t\t\t\t\t<div class=\"elementor-element elementor-element-bc044f9 elementor-widget elementor-widget-text-editor\" data-id=\"bc044f9\" data-element_type=\"widget\" data-widget_type=\"text-editor.default\">\n\t\t\t\t<div class=\"elementor-widget-container\">\n\t\t\t\t\t\t\t<ul><li><a href=\"https:\/\/aeroportcastello.com\/wp-content\/uploads\/2023\/08\/oferta_empleo_publico_2022.pdf\" target=\"_blank\" rel=\"noopener\"><strong>Oferta de empleo p\u00fablico 2022 <\/strong><\/a><\/li><\/ul>\t\t\t\t\t\t<\/div>\n\t\t\t\t<\/div>\n\t\t\t\t\t<\/div>\n\t\t<\/div>\n\t\t\t\t<div class=\"elementor-column elementor-col-33 elementor-inner-column elementor-element elementor-element-454e48d\" data-id=\"454e48d\" data-element_type=\"column\">\n\t\t\t<div class=\"elementor-widget-wrap elementor-element-populated\">\n\t\t\t\t\t\t<div class=\"elementor-element elementor-element-f0f5b10 elementor-align-center elementor-widget elementor-widget-button\" data-id=\"f0f5b10\" data-element_type=\"widget\" data-widget_type=\"button.default\">\n\t\t\t\t<div class=\"elementor-widget-container\">\n\t\t\t\t\t<div class=\"elementor-button-wrapper\">\n\t\t\t<a class=\"elementor-button elementor-button-link elementor-size-sm\" href=\"https:\/\/aeroportcastello.com\/es\/corporativo\/portal-de-transparencia\/personal\/oferta-publica-de-empleo-ope\/\">\n\t\t\t\t\t\t<span class=\"elementor-button-content-wrapper\">\n\t\t\t\t\t\t<span class=\"elementor-button-text\">ACTIVAS<\/span>\n\t\t<\/span>\n\t\t\t\t\t<\/a>\n\t\t<\/div>\n\t\t\t\t<\/div>\n\t\t\t\t<\/div>\n\t\t\t\t\t<\/div>\n\t\t<\/div>\n\t\t\t\t<div class=\"elementor-column elementor-col-33 elementor-inner-column elementor-element elementor-element-9912c02\" data-id=\"9912c02\" data-element_type=\"column\">\n\t\t\t<div class=\"elementor-widget-wrap elementor-element-populated\">\n\t\t\t\t\t\t<div class=\"elementor-element elementor-element-f22ff2d elementor-align-center elementor-widget elementor-widget-button\" data-id=\"f22ff2d\" data-element_type=\"widget\" data-widget_type=\"button.default\">\n\t\t\t\t<div class=\"elementor-widget-container\">\n\t\t\t\t\t<div class=\"elementor-button-wrapper\">\n\t\t\t<a class=\"elementor-button elementor-button-link elementor-size-sm\" href=\"https:\/\/aeroportcastello.com\/es\/corporativo\/portal-de-transparencia\/personal\/oferta-publica-de-empleo-ope-historico\/\">\n\t\t\t\t\t\t<span class=\"elementor-button-content-wrapper\">\n\t\t\t\t\t\t<span class=\"elementor-button-text\">HIST\u00d3RICO<\/span>\n\t\t<\/span>\n\t\t\t\t\t<\/a>\n\t\t<\/div>\n\t\t\t\t<\/div>\n\t\t\t\t<\/div>\n\t\t\t\t\t<\/div>\n\t\t<\/div>\n\t\t\t\t\t<\/div>\n\t\t<\/section>\n\t\t\t\t\t<\/div>\n\t\t<\/div>\n\t\t\t\t\t<\/div>\n\t\t<\/section>\n\t\t\t\t<section class=\"elementor-section elementor-top-section elementor-element elementor-element-fc2d97a elementor-section-boxed elementor-section-height-default elementor-section-height-default\" data-id=\"fc2d97a\" data-element_type=\"section\" data-settings=\"{&quot;jet_parallax_layout_list&quot;:[]}\">\n\t\t\t\t\t\t<div class=\"elementor-container elementor-column-gap-default\">\n\t\t\t\t\t<div class=\"elementor-column elementor-col-100 elementor-top-column elementor-element elementor-element-7faef75\" data-id=\"7faef75\" data-element_type=\"column\" data-settings=\"{&quot;background_background&quot;:&quot;classic&quot;}\">\n\t\t\t<div class=\"elementor-widget-wrap elementor-element-populated\">\n\t\t\t\t\t\t<div class=\"elementor-element elementor-element-8612e80 elementor-widget elementor-widget-heading\" data-id=\"8612e80\" data-element_type=\"widget\" data-widget_type=\"heading.default\">\n\t\t\t\t<div class=\"elementor-widget-container\">\n\t\t\t<h3 class=\"elementor-heading-title elementor-size-default\">Bolsas Empleo Temporal<\/h3>\t\t<\/div>\n\t\t\t\t<\/div>\n\t\t\t\t<div class=\"elementor-element elementor-element-30f3d59 elementor-widget-divider--view-line elementor-widget elementor-widget-divider\" data-id=\"30f3d59\" data-element_type=\"widget\" data-widget_type=\"divider.default\">\n\t\t\t\t<div class=\"elementor-widget-container\">\n\t\t\t\t\t<div class=\"elementor-divider\">\n\t\t\t<span class=\"elementor-divider-separator\">\n\t\t\t\t\t\t<\/span>\n\t\t<\/div>\n\t\t\t\t<\/div>\n\t\t\t\t<\/div>\n\t\t\t\t<div class=\"elementor-element elementor-element-b7141a0 elementor-widget elementor-widget-text-editor\" data-id=\"b7141a0\" data-element_type=\"widget\" data-widget_type=\"text-editor.default\">\n\t\t\t\t<div class=\"elementor-widget-container\">\n\t\t\t\t\t\t\t<ul><li><a href=\"https:\/\/aeroportcastello.com\/wp-content\/uploads\/2023\/02\/Bolsas_temporales.pdf\" target=\"_blank\" rel=\"noopener\"><strong>Resoluci\u00f3n y bases para la constituci\u00f3n de 3 bolsas de empleo temporal<\/strong><\/a><br \/><strong><u>Fin de Plazo:<\/u> 7 de marzo\u00a0<\/strong><\/li><li><em>Anuncio DOGV\u00a0<a href=\"https:\/\/www.dogv.gva.es\/portal\/portal\/2023\/02\/21\/pdf\/2023_1077.pdf\" target=\"_blank\" rel=\"noopener\">2023\/1077<\/a>\u00a0en el Diari Oficial n\u00fam.\u00a0<a href=\"https:\/\/www.dogv.gva.es\/portal\/portal\/2023\/02\/21\/pdf\/docv_9538.pdf\" target=\"_blank\" rel=\"noopener\">9538<\/a> de Martes, 21 de febrero de 2023.\u00a0<\/em><\/li><li><a href=\"https:\/\/aeroportcastello.com\/wp-content\/uploads\/2023\/02\/Documento_POL.AAT_.FOR_.pdf\" target=\"_blank\" rel=\"noopener\">Documento POL.AAT.FOR\u00a0\u00a0<\/a><\/li><li><a href=\"https:\/\/aeroportcastello.com\/wp-content\/uploads\/2023\/02\/Documento_Actualizado_MA.AN-V_formacion.pdf\" target=\"_blank\" rel=\"noopener\">Documento MA.AN-V formaci\u00f3n<\/a><\/li><\/ul>\t\t\t\t\t\t<\/div>\n\t\t\t\t<\/div>\n\t\t\t\t<div class=\"elementor-element elementor-element-8162160 elementor-align-center elementor-widget elementor-widget-button\" data-id=\"8162160\" data-element_type=\"widget\" data-widget_type=\"button.default\">\n\t\t\t\t<div class=\"elementor-widget-container\">\n\t\t\t\t\t<div class=\"elementor-button-wrapper\">\n\t\t\t<a class=\"elementor-button elementor-button-link elementor-size-sm\" href=\"https:\/\/aeroportcastello.com\/es\/corporativo\/portal-de-transparencia\/personal\/bolsas-empleo-temporal\/\" target=\"_blank\">\n\t\t\t\t\t\t<span class=\"elementor-button-content-wrapper\">\n\t\t\t\t\t\t<span class=\"elementor-button-text\">BOLSAS EMPLEO TEMPORAL<\/span>\n\t\t<\/span>\n\t\t\t\t\t<\/a>\n\t\t<\/div>\n\t\t\t\t<\/div>\n\t\t\t\t<\/div>\n\t\t\t\t\t<\/div>\n\t\t<\/div>\n\t\t\t\t\t<\/div>\n\t\t<\/section>\n\t\t\t\t<section class=\"elementor-section elementor-top-section elementor-element elementor-element-dc70982 elementor-section-boxed elementor-section-height-default elementor-section-height-default\" data-id=\"dc70982\" data-element_type=\"section\" data-settings=\"{&quot;jet_parallax_layout_list&quot;:[],&quot;background_background&quot;:&quot;classic&quot;}\">\n\t\t\t\t\t\t<div class=\"elementor-container elementor-column-gap-default\">\n\t\t\t\t\t<div class=\"elementor-column elementor-col-100 elementor-top-column elementor-element elementor-element-1b3794c\" data-id=\"1b3794c\" data-element_type=\"column\" data-settings=\"{&quot;background_background&quot;:&quot;classic&quot;}\">\n\t\t\t<div class=\"elementor-widget-wrap elementor-element-populated\">\n\t\t\t\t\t\t<div class=\"elementor-element elementor-element-3d923bf elementor-widget elementor-widget-heading\" data-id=\"3d923bf\" data-element_type=\"widget\" data-widget_type=\"heading.default\">\n\t\t\t\t<div class=\"elementor-widget-container\">\n\t\t\t<h3 class=\"elementor-heading-title elementor-size-default\">Personal<\/h3>\t\t<\/div>\n\t\t\t\t<\/div>\n\t\t\t\t<div class=\"elementor-element elementor-element-b48d352 elementor-widget-divider--view-line elementor-widget elementor-widget-divider\" data-id=\"b48d352\" data-element_type=\"widget\" data-widget_type=\"divider.default\">\n\t\t\t\t<div class=\"elementor-widget-container\">\n\t\t\t\t\t<div class=\"elementor-divider\">\n\t\t\t<span class=\"elementor-divider-separator\">\n\t\t\t\t\t\t<\/span>\n\t\t<\/div>\n\t\t\t\t<\/div>\n\t\t\t\t<\/div>\n\t\t\t\t<section class=\"elementor-section elementor-inner-section elementor-element elementor-element-73ceadf elementor-section-boxed elementor-section-height-default elementor-section-height-default\" data-id=\"73ceadf\" data-element_type=\"section\" data-settings=\"{&quot;jet_parallax_layout_list&quot;:[]}\">\n\t\t\t\t\t\t<div class=\"elementor-container elementor-column-gap-default\">\n\t\t\t\t\t<div class=\"elementor-column elementor-col-50 elementor-inner-column elementor-element elementor-element-53a59b2\" data-id=\"53a59b2\" data-element_type=\"column\">\n\t\t\t<div class=\"elementor-widget-wrap elementor-element-populated\">\n\t\t\t\t\t\t<div class=\"elementor-element elementor-element-af28ad1 elementor-widget elementor-widget-text-editor\" data-id=\"af28ad1\" data-element_type=\"widget\" data-widget_type=\"text-editor.default\">\n\t\t\t\t<div class=\"elementor-widget-container\">\n\t\t\t\t\t\t\t<p class=\"subtitulo\"><strong>RELACI\u00d3N PUESTOS DE TRABAJO<\/strong><\/p><p>Puede descargarse la relaci\u00f3n de puestos de trabajos desde aqu\u00ed:<\/p><ul><li><a href=\"\/archivos\/pdf\/corporativo\/portal-transparencia\/RPT_2018.pdf\" target=\"_blank\" rel=\"noopener\"><strong>Ejercicio 2018<\/strong><\/a><\/li><li><a href=\"\/archivos\/pdf\/corporativo\/portal-transparencia\/RPT_2017.pdf\" target=\"_blank\" rel=\"noopener\"><strong>Ejercicio 2017<\/strong><\/a><\/li><\/ul><p class=\"subtitulo\"><strong>MASA SALARIAL<\/strong><\/p><p>Puede descargarse la masa salarial 2018 desde aqu\u00ed:<\/p><ul><li><a href=\"\/archivos\/pdf\/corporativo\/portal-transparencia\/MasaSalarial_AEROCAS_2018.pdf\" target=\"_blank\" rel=\"noopener\"><strong>2018<\/strong><\/a><\/li><li><a href=\"\/archivos\/pdf\/corporativo\/portal-transparencia\/MasaSalarial_AEROCAS_2017.pdf\" target=\"_blank\" rel=\"noopener\"><strong>2017<\/strong><\/a><\/li><\/ul><p class=\"subtitulo\"><strong>RECONOCIMIENTO DE COMPATIBILIDAD DEL PERSONAL DE AEROCAS<\/strong><\/p><ul style=\"font-weight: 400;\"><li><a href=\"https:\/\/aeroportcastello.com\/wp-content\/uploads\/2025\/07\/instancia_solicitud_compatibilidad.pdf\" target=\"_blank\" rel=\"noopener\">Instancia solicitud compatibilidad<\/a>\u00a0<\/li><li><a href=\"https:\/\/aeroportcastello.com\/wp-content\/uploads\/2025\/07\/pubilcacion_resoluciones_compatibilidad.pdf\" target=\"_blank\" rel=\"noopener\">Reconocimiento de compatibilidades del personal de AEROCAS\u00a0<\/a><\/li><\/ul>\t\t\t\t\t\t<\/div>\n\t\t\t\t<\/div>\n\t\t\t\t\t<\/div>\n\t\t<\/div>\n\t\t\t\t<div class=\"elementor-column elementor-col-50 elementor-inner-column elementor-element elementor-element-979ce0d\" data-id=\"979ce0d\" data-element_type=\"column\">\n\t\t\t<div class=\"elementor-widget-wrap elementor-element-populated\">\n\t\t\t\t\t\t<div class=\"elementor-element elementor-element-b4dd431 elementor-widget elementor-widget-text-editor\" data-id=\"b4dd431\" data-element_type=\"widget\" data-widget_type=\"text-editor.default\">\n\t\t\t\t<div class=\"elementor-widget-container\">\n\t\t\t\t\t\t\t<p><strong>ALTOS CARGOS &#8211; DIRECTOR GENERAL<\/strong><\/p><p class=\"sm-inferior\"><strong>Viajes<\/strong><\/p><ul><li><strong><a href=\"\/archivos\/pdf\/corporativo\/portal-transparencia\/Ejercicio_2019.docx?v=0421\" target=\"_blank\" rel=\"noopener\">Ejercicio 2019<\/a><\/strong><\/li><li><strong><a href=\"\/archivos\/pdf\/corporativo\/portal-transparencia\/Ejercicio_2018.docx\" target=\"_blank\" rel=\"noopener\">Ejercicio 2018<\/a><\/strong><\/li><li><strong><a href=\"\/archivos\/pdf\/corporativo\/portal-transparencia\/Ejercicio_2017.docx\" target=\"_blank\" rel=\"noopener\">Ejercicio 2017<\/a><\/strong><\/li><li><strong><a href=\"\/archivos\/pdf\/corporativo\/portal-transparencia\/Ejercicio_2016.docx\" target=\"_blank\" rel=\"noopener\">Ejercicio 2016<\/a><\/strong><\/li><\/ul><p class=\"sm-inferior\"><strong>Obsequios<\/strong><\/p><ul><li style=\"list-style-type: none;\"><ul><li><strong><a href=\"https:\/\/aeroportcastello.com\/archivos\/pdf\/corporativo\/portal-transparencia\/OBSEQUIOS_ALTOS_CARGOS.pdf\" target=\"_blank\" rel=\"noopener\">Ejercicio 2018\/2019<\/a><\/strong><\/li><li><p><a href=\"https:\/\/aeroportcastello.com\/archivos\/pdf\/corporativo\/portal-transparencia\/Obsequios_Ejercicio_2022.pdf\" target=\"_blank\" rel=\"noopener\"><strong>Ejercicio 2022<\/strong><\/a><\/p><\/li><\/ul><\/li><\/ul>\t\t\t\t\t\t<\/div>\n\t\t\t\t<\/div>\n\t\t\t\t\t<\/div>\n\t\t<\/div>\n\t\t\t\t\t<\/div>\n\t\t<\/section>\n\t\t\t\t\t<\/div>\n\t\t<\/div>\n\t\t\t\t\t<\/div>\n\t\t<\/section>\n\t\t\t\t<section class=\"elementor-section elementor-top-section elementor-element elementor-element-49ca529 elementor-section-boxed elementor-section-height-default elementor-section-height-default\" data-id=\"49ca529\" data-element_type=\"section\" data-settings=\"{&quot;jet_parallax_layout_list&quot;:[]}\">\n\t\t\t\t\t\t<div class=\"elementor-container elementor-column-gap-default\">\n\t\t\t\t\t<div class=\"elementor-column elementor-col-100 elementor-top-column elementor-element elementor-element-ad28a15\" data-id=\"ad28a15\" data-element_type=\"column\">\n\t\t\t<div class=\"elementor-widget-wrap elementor-element-populated\">\n\t\t\t\t\t\t<div class=\"elementor-element elementor-element-09cb99d elementor-widget elementor-widget-spacer\" data-id=\"09cb99d\" data-element_type=\"widget\" data-widget_type=\"spacer.default\">\n\t\t\t\t<div class=\"elementor-widget-container\">\n\t\t\t\t\t<div class=\"elementor-spacer\">\n\t\t\t<div class=\"elementor-spacer-inner\"><\/div>\n\t\t<\/div>\n\t\t\t\t<\/div>\n\t\t\t\t<\/div>\n\t\t\t\t\t<\/div>\n\t\t<\/div>\n\t\t\t\t\t<\/div>\n\t\t<\/section>\n\t\t\t\t<\/div>\n\t\t","protected":false},"excerpt":{"rendered":"<p>Oferta P\u00fablica de Empleo (OPE) Oferta de empleo p\u00fablico 2022 ACTIVAS HIST\u00d3RICO Bolsas Empleo Temporal Resoluci\u00f3n y bases para la constituci\u00f3n de 3 bolsas de empleo temporalFin de Plazo: 7 de marzo\u00a0 Anuncio DOGV\u00a02023\/1077\u00a0en el Diari Oficial n\u00fam.\u00a09538 de Martes, 21 de febrero de 2023.\u00a0 Documento POL.AAT.FOR\u00a0\u00a0 Documento MA.AN-V formaci\u00f3n BOLSAS EMPLEO TEMPORAL Personal RELACI\u00d3N &#8230; <\/p>\n<p class=\"read-more-container\"><a title=\"Personal\" class=\"read-more button\" href=\"https:\/\/aeroportcastello.com\/es\/corporativo\/portal-de-transparencia\/personal\/#more-5801\" aria-label=\"Leer m\u00e1s sobre Personal\">Leer m\u00e1s<\/a><\/p>\n","protected":false},"author":1,"featured_media":0,"parent":1639,"menu_order":0,"comment_status":"closed","ping_status":"closed","template":"elementor_header_footer","meta":{"footnotes":""},"yoast_head":"<!-- This site is optimized with the Yoast SEO plugin v22.0 - https:\/\/yoast.com\/wordpress\/plugins\/seo\/ -->\n<title>Personal - Aeropuerto Castell\u00f3n<\/title>\n<meta name=\"robots\" content=\"index, follow, max-snippet:-1, max-image-preview:large, max-video-preview:-1\" \/>\n<link rel=\"canonical\" href=\"https:\/\/aeroportcastello.com\/es\/corporativo\/portal-de-transparencia\/personal\/\" \/>\n<meta property=\"og:locale\" content=\"es_ES\" \/>\n<meta property=\"og:type\" content=\"article\" \/>\n<meta property=\"og:title\" content=\"Personal - Aeropuerto Castell\u00f3n\" \/>\n<meta property=\"og:description\" content=\"Oferta P\u00fablica de Empleo (OPE) Oferta de empleo p\u00fablico 2022 ACTIVAS HIST\u00d3RICO Bolsas Empleo Temporal Resoluci\u00f3n y bases para la constituci\u00f3n de 3 bolsas de empleo temporalFin de Plazo: 7 de marzo\u00a0 Anuncio DOGV\u00a02023\/1077\u00a0en el Diari Oficial n\u00fam.\u00a09538 de Martes, 21 de febrero de 2023.\u00a0 Documento POL.AAT.FOR\u00a0\u00a0 Documento MA.AN-V formaci\u00f3n BOLSAS EMPLEO TEMPORAL Personal RELACI\u00d3N ... Leer m\u00e1s\" \/>\n<meta property=\"og:url\" content=\"https:\/\/aeroportcastello.com\/es\/corporativo\/portal-de-transparencia\/personal\/\" \/>\n<meta property=\"og:site_name\" content=\"Aeropuerto Castell\u00f3n\" \/>\n<meta property=\"article:modified_time\" content=\"2025-08-01T07:14:31+00:00\" \/>\n<meta name=\"twitter:card\" content=\"summary_large_image\" \/>\n<meta name=\"twitter:label1\" content=\"Tiempo de lectura\" \/>\n\t<meta name=\"twitter:data1\" content=\"1 minuto\" \/>\n<script type=\"application\/ld+json\" class=\"yoast-schema-graph\">{\"@context\":\"https:\/\/schema.org\",\"@graph\":[{\"@type\":\"WebPage\",\"@id\":\"https:\/\/aeroportcastello.com\/es\/corporativo\/portal-de-transparencia\/personal\/\",\"url\":\"https:\/\/aeroportcastello.com\/es\/corporativo\/portal-de-transparencia\/personal\/\",\"name\":\"Personal - Aeropuerto Castell\u00f3n\",\"isPartOf\":{\"@id\":\"https:\/\/aeroportcastello.com\/es\/#website\"},\"datePublished\":\"2023-01-19T10:15:34+00:00\",\"dateModified\":\"2025-08-01T07:14:31+00:00\",\"breadcrumb\":{\"@id\":\"https:\/\/aeroportcastello.com\/es\/corporativo\/portal-de-transparencia\/personal\/#breadcrumb\"},\"inLanguage\":\"es\",\"potentialAction\":[{\"@type\":\"ReadAction\",\"target\":[\"https:\/\/aeroportcastello.com\/es\/corporativo\/portal-de-transparencia\/personal\/\"]}]},{\"@type\":\"BreadcrumbList\",\"@id\":\"https:\/\/aeroportcastello.com\/es\/corporativo\/portal-de-transparencia\/personal\/#breadcrumb\",\"itemListElement\":[{\"@type\":\"ListItem\",\"position\":1,\"name\":\"Pasajeros\",\"item\":\"https:\/\/aeroportcastello.com\/es\/\"},{\"@type\":\"ListItem\",\"position\":2,\"name\":\"Corporativo\",\"item\":\"https:\/\/aeroportcastello.com\/es\/corporativo\/\"},{\"@type\":\"ListItem\",\"position\":3,\"name\":\"Portal de transparencia\",\"item\":\"https:\/\/aeroportcastello.com\/es\/corporativo\/portal-de-transparencia\/\"},{\"@type\":\"ListItem\",\"position\":4,\"name\":\"Personal\"}]},{\"@type\":\"WebSite\",\"@id\":\"https:\/\/aeroportcastello.com\/es\/#website\",\"url\":\"https:\/\/aeroportcastello.com\/es\/\",\"name\":\"Aeropuerto Castell\u00f3n\",\"description\":\"Aeropuerto Castell\u00f3n\",\"publisher\":{\"@id\":\"https:\/\/aeroportcastello.com\/es\/#organization\"},\"potentialAction\":[{\"@type\":\"SearchAction\",\"target\":{\"@type\":\"EntryPoint\",\"urlTemplate\":\"https:\/\/aeroportcastello.com\/es\/?s={search_term_string}\"},\"query-input\":\"required name=search_term_string\"}],\"inLanguage\":\"es\"},{\"@type\":\"Organization\",\"@id\":\"https:\/\/aeroportcastello.com\/es\/#organization\",\"name\":\"Aeropuerto Castell\u00f3n\",\"url\":\"https:\/\/aeroportcastello.com\/es\/\",\"logo\":{\"@type\":\"ImageObject\",\"inLanguage\":\"es\",\"@id\":\"https:\/\/aeroportcastello.com\/es\/#\/schema\/logo\/image\/\",\"url\":\"https:\/\/aeroportcastello.com\/wp-content\/uploads\/2021\/05\/logo_aeroport_castello-1.svg\",\"contentUrl\":\"https:\/\/aeroportcastello.com\/wp-content\/uploads\/2021\/05\/logo_aeroport_castello-1.svg\",\"width\":482.8999999999999772626324556767940521240234375,\"height\":93.7000000000000028421709430404007434844970703125,\"caption\":\"Aeropuerto Castell\u00f3n\"},\"image\":{\"@id\":\"https:\/\/aeroportcastello.com\/es\/#\/schema\/logo\/image\/\"}}]}<\/script>\n<!-- \/ Yoast SEO plugin. -->","yoast_head_json":{"title":"Personal - Aeropuerto Castell\u00f3n","robots":{"index":"index","follow":"follow","max-snippet":"max-snippet:-1","max-image-preview":"max-image-preview:large","max-video-preview":"max-video-preview:-1"},"canonical":"https:\/\/aeroportcastello.com\/es\/corporativo\/portal-de-transparencia\/personal\/","og_locale":"es_ES","og_type":"article","og_title":"Personal - Aeropuerto Castell\u00f3n","og_description":"Oferta P\u00fablica de Empleo (OPE) Oferta de empleo p\u00fablico 2022 ACTIVAS HIST\u00d3RICO Bolsas Empleo Temporal Resoluci\u00f3n y bases para la constituci\u00f3n de 3 bolsas de empleo temporalFin de Plazo: 7 de marzo\u00a0 Anuncio DOGV\u00a02023\/1077\u00a0en el Diari Oficial n\u00fam.\u00a09538 de Martes, 21 de febrero de 2023.\u00a0 Documento POL.AAT.FOR\u00a0\u00a0 Documento MA.AN-V formaci\u00f3n BOLSAS EMPLEO TEMPORAL Personal RELACI\u00d3N ... Leer m\u00e1s","og_url":"https:\/\/aeroportcastello.com\/es\/corporativo\/portal-de-transparencia\/personal\/","og_site_name":"Aeropuerto Castell\u00f3n","article_modified_time":"2025-08-01T07:14:31+00:00","twitter_card":"summary_large_image","twitter_misc":{"Tiempo de lectura":"1 minuto"},"schema":{"@context":"https:\/\/schema.org","@graph":[{"@type":"WebPage","@id":"https:\/\/aeroportcastello.com\/es\/corporativo\/portal-de-transparencia\/personal\/","url":"https:\/\/aeroportcastello.com\/es\/corporativo\/portal-de-transparencia\/personal\/","name":"Personal - Aeropuerto Castell\u00f3n","isPartOf":{"@id":"https:\/\/aeroportcastello.com\/es\/#website"},"datePublished":"2023-01-19T10:15:34+00:00","dateModified":"2025-08-01T07:14:31+00:00","breadcrumb":{"@id":"https:\/\/aeroportcastello.com\/es\/corporativo\/portal-de-transparencia\/personal\/#breadcrumb"},"inLanguage":"es","potentialAction":[{"@type":"ReadAction","target":["https:\/\/aeroportcastello.com\/es\/corporativo\/portal-de-transparencia\/personal\/"]}]},{"@type":"BreadcrumbList","@id":"https:\/\/aeroportcastello.com\/es\/corporativo\/portal-de-transparencia\/personal\/#breadcrumb","itemListElement":[{"@type":"ListItem","position":1,"name":"Pasajeros","item":"https:\/\/aeroportcastello.com\/es\/"},{"@type":"ListItem","position":2,"name":"Corporativo","item":"https:\/\/aeroportcastello.com\/es\/corporativo\/"},{"@type":"ListItem","position":3,"name":"Portal de transparencia","item":"https:\/\/aeroportcastello.com\/es\/corporativo\/portal-de-transparencia\/"},{"@type":"ListItem","position":4,"name":"Personal"}]},{"@type":"WebSite","@id":"https:\/\/aeroportcastello.com\/es\/#website","url":"https:\/\/aeroportcastello.com\/es\/","name":"Aeropuerto Castell\u00f3n","description":"Aeropuerto Castell\u00f3n","publisher":{"@id":"https:\/\/aeroportcastello.com\/es\/#organization"},"potentialAction":[{"@type":"SearchAction","target":{"@type":"EntryPoint","urlTemplate":"https:\/\/aeroportcastello.com\/es\/?s={search_term_string}"},"query-input":"required name=search_term_string"}],"inLanguage":"es"},{"@type":"Organization","@id":"https:\/\/aeroportcastello.com\/es\/#organization","name":"Aeropuerto Castell\u00f3n","url":"https:\/\/aeroportcastello.com\/es\/","logo":{"@type":"ImageObject","inLanguage":"es","@id":"https:\/\/aeroportcastello.com\/es\/#\/schema\/logo\/image\/","url":"https:\/\/aeroportcastello.com\/wp-content\/uploads\/2021\/05\/logo_aeroport_castello-1.svg","contentUrl":"https:\/\/aeroportcastello.com\/wp-content\/uploads\/2021\/05\/logo_aeroport_castello-1.svg","width":482.8999999999999772626324556767940521240234375,"height":93.7000000000000028421709430404007434844970703125,"caption":"Aeropuerto Castell\u00f3n"},"image":{"@id":"https:\/\/aeroportcastello.com\/es\/#\/schema\/logo\/image\/"}}]}},"_links":{"self":[{"href":"https:\/\/aeroportcastello.com\/es\/wp-json\/wp\/v2\/pages\/5801"}],"collection":[{"href":"https:\/\/aeroportcastello.com\/es\/wp-json\/wp\/v2\/pages"}],"about":[{"href":"https:\/\/aeroportcastello.com\/es\/wp-json\/wp\/v2\/types\/page"}],"author":[{"embeddable":true,"href":"https:\/\/aeroportcastello.com\/es\/wp-json\/wp\/v2\/users\/1"}],"replies":[{"embeddable":true,"href":"https:\/\/aeroportcastello.com\/es\/wp-json\/wp\/v2\/comments?post=5801"}],"version-history":[{"count":142,"href":"https:\/\/aeroportcastello.com\/es\/wp-json\/wp\/v2\/pages\/5801\/revisions"}],"predecessor-version":[{"id":13205,"href":"https:\/\/aeroportcastello.com\/es\/wp-json\/wp\/v2\/pages\/5801\/revisions\/13205"}],"up":[{"embeddable":true,"href":"https:\/\/aeroportcastello.com\/es\/wp-json\/wp\/v2\/pages\/1639"}],"wp:attachment":[{"href":"https:\/\/aeroportcastello.com\/es\/wp-json\/wp\/v2\/media?parent=5801"}],"curies":[{"name":"wp","href":"https:\/\/api.w.org\/{rel}","templated":true}]}}