{"id":1630,"date":"2021-07-12T12:17:28","date_gmt":"2021-07-12T10:17:28","guid":{"rendered":"https:\/\/aeroportcastello.com\/?page_id=1630"},"modified":"2022-09-07T13:48:15","modified_gmt":"2022-09-07T11:48:15","slug":"perfil-del-contratante","status":"publish","type":"page","link":"https:\/\/aeroportcastello.com\/es\/corporativo\/perfil-del-contratante\/","title":{"rendered":"Perfil del contratante"},"content":{"rendered":"\t\t<div data-elementor-type=\"wp-page\" data-elementor-id=\"1630\" class=\"elementor elementor-1630\" data-elementor-post-type=\"page\">\n\t\t\t\t\t\t<section class=\"elementor-section elementor-top-section elementor-element elementor-element-357e981 elementor-section-boxed elementor-section-height-default elementor-section-height-default\" data-id=\"357e981\" data-element_type=\"section\" data-settings=\"{&quot;jet_parallax_layout_list&quot;:[]}\">\n\t\t\t\t\t\t<div class=\"elementor-container elementor-column-gap-default\">\n\t\t\t\t\t<div class=\"elementor-column elementor-col-33 elementor-top-column elementor-element elementor-element-fff066a\" data-id=\"fff066a\" data-element_type=\"column\" data-settings=\"{&quot;background_background&quot;:&quot;classic&quot;}\">\n\t\t\t<div class=\"elementor-widget-wrap elementor-element-populated\">\n\t\t\t\t\t\t<div class=\"elementor-element elementor-element-aa1a82d elementor-widget elementor-widget-heading\" data-id=\"aa1a82d\" data-element_type=\"widget\" data-widget_type=\"heading.default\">\n\t\t\t\t<div class=\"elementor-widget-container\">\n\t\t\t<h3 class=\"elementor-heading-title elementor-size-default\">Normativa<\/h3>\t\t<\/div>\n\t\t\t\t<\/div>\n\t\t\t\t<div class=\"elementor-element elementor-element-762d2dc elementor-widget-divider--view-line elementor-widget elementor-widget-divider\" data-id=\"762d2dc\" data-element_type=\"widget\" data-widget_type=\"divider.default\">\n\t\t\t\t<div class=\"elementor-widget-container\">\n\t\t\t\t\t<div class=\"elementor-divider\">\n\t\t\t<span class=\"elementor-divider-separator\">\n\t\t\t\t\t\t<\/span>\n\t\t<\/div>\n\t\t\t\t<\/div>\n\t\t\t\t<\/div>\n\t\t\t\t<div class=\"elementor-element elementor-element-ef79c06 elementor-widget elementor-widget-text-editor\" data-id=\"ef79c06\" data-element_type=\"widget\" data-widget_type=\"text-editor.default\">\n\t\t\t\t<div class=\"elementor-widget-container\">\n\t\t\t\t\t\t\t<p>La contrataci\u00f3n de Aeropuerto de Castell\u00f3n, S.L. est\u00e1 sujeta a la\u00a0<a href=\"https:\/\/www.boe.es\/buscar\/pdf\/2007\/BOE-A-2007-18875-consolidado.pdf\" target=\"_blank\" rel=\"noopener\">Ley 31\/2007, de 30 de octubre, sobre procedimientos de contrataci\u00f3n en los sectores del agua, la energ\u00eda, los transportes y los servicios postales<\/a>.<\/p><p>Los contratos que celebre Aeropuerto de Castell\u00f3n, S.L. que, excluidos de la aplicaci\u00f3n de la Ley 31\/2007, de 30 de octubre, est\u00e9n sometidos a la LCSP.<\/p>\t\t\t\t\t\t<\/div>\n\t\t\t\t<\/div>\n\t\t\t\t\t<\/div>\n\t\t<\/div>\n\t\t\t\t<div class=\"elementor-column elementor-col-33 elementor-top-column elementor-element elementor-element-be23704\" data-id=\"be23704\" data-element_type=\"column\" data-settings=\"{&quot;background_background&quot;:&quot;classic&quot;}\">\n\t\t\t<div class=\"elementor-widget-wrap elementor-element-populated\">\n\t\t\t\t\t\t<div class=\"elementor-element elementor-element-eec5740 elementor-widget elementor-widget-heading\" data-id=\"eec5740\" data-element_type=\"widget\" data-widget_type=\"heading.default\">\n\t\t\t\t<div class=\"elementor-widget-container\">\n\t\t\t<h3 class=\"elementor-heading-title elementor-size-default\">Contrataci\u00f3n<\/h3>\t\t<\/div>\n\t\t\t\t<\/div>\n\t\t\t\t<div class=\"elementor-element elementor-element-7cb8b58 elementor-widget-divider--view-line elementor-widget elementor-widget-divider\" data-id=\"7cb8b58\" data-element_type=\"widget\" data-widget_type=\"divider.default\">\n\t\t\t\t<div class=\"elementor-widget-container\">\n\t\t\t\t\t<div class=\"elementor-divider\">\n\t\t\t<span class=\"elementor-divider-separator\">\n\t\t\t\t\t\t<\/span>\n\t\t<\/div>\n\t\t\t\t<\/div>\n\t\t\t\t<\/div>\n\t\t\t\t<div class=\"elementor-element elementor-element-ccb8dab elementor-widget elementor-widget-text-editor\" data-id=\"ccb8dab\" data-element_type=\"widget\" data-widget_type=\"text-editor.default\">\n\t\t\t\t<div class=\"elementor-widget-container\">\n\t\t\t\t\t\t\t<p><strong>ATENCI\u00d3N<\/strong>: <br \/>Para los procedimientos de contrataci\u00f3n licitados por AEROPUERTO DE CASTELL\u00d3N, S.L. deben consultar la Plataforma de Contrataci\u00f3n del Sector P\u00fablico:\u00a0<a href=\"https:\/\/contrataciondelestado.es\/wps\/portal\/plataforma\" target=\"_blank\" rel=\"noopener\"><strong>www.contrataciondelestado.es<\/strong><\/a><\/p>\t\t\t\t\t\t<\/div>\n\t\t\t\t<\/div>\n\t\t\t\t\t<\/div>\n\t\t<\/div>\n\t\t\t\t<div class=\"elementor-column elementor-col-33 elementor-top-column elementor-element elementor-element-af5430c\" data-id=\"af5430c\" data-element_type=\"column\" data-settings=\"{&quot;background_background&quot;:&quot;classic&quot;}\">\n\t\t\t<div class=\"elementor-widget-wrap elementor-element-populated\">\n\t\t\t\t\t\t<div class=\"elementor-element elementor-element-cbe9d66 elementor-widget elementor-widget-heading\" data-id=\"cbe9d66\" data-element_type=\"widget\" data-widget_type=\"heading.default\">\n\t\t\t\t<div class=\"elementor-widget-container\">\n\t\t\t<h3 class=\"elementor-heading-title elementor-size-default\">Contratos por utilizaci\u00f3n de espacios<\/h3>\t\t<\/div>\n\t\t\t\t<\/div>\n\t\t\t\t<div class=\"elementor-element elementor-element-d860e17 elementor-widget-divider--view-line elementor-widget elementor-widget-divider\" data-id=\"d860e17\" data-element_type=\"widget\" data-widget_type=\"divider.default\">\n\t\t\t\t<div class=\"elementor-widget-container\">\n\t\t\t\t\t<div class=\"elementor-divider\">\n\t\t\t<span class=\"elementor-divider-separator\">\n\t\t\t\t\t\t<\/span>\n\t\t<\/div>\n\t\t\t\t<\/div>\n\t\t\t\t<\/div>\n\t\t\t\t<div class=\"elementor-element elementor-element-70069ec elementor-widget elementor-widget-text-editor\" data-id=\"70069ec\" data-element_type=\"widget\" data-widget_type=\"text-editor.default\">\n\t\t\t\t<div class=\"elementor-widget-container\">\n\t\t\t\t\t\t\t<a href=\"\/archivos\/pdf\/corporativo\/perfil-contratante\/Normas_Internas_Formalizacion_Contratos_Aeropuerto_Castellon.pdf\" target=\"_blank\" rel=\"noopener\">Descargar normas para la formalizaci\u00f3n de contratos que tengan por objeto la utilizaci\u00f3n de espacios del aeropuerto de Castell\u00f3n<\/a>\t\t\t\t\t\t<\/div>\n\t\t\t\t<\/div>\n\t\t\t\t\t<\/div>\n\t\t<\/div>\n\t\t\t\t\t<\/div>\n\t\t<\/section>\n\t\t\t\t<section class=\"elementor-section elementor-top-section elementor-element elementor-element-ba8d00e elementor-reverse-mobile elementor-section-boxed elementor-section-height-default elementor-section-height-default\" data-id=\"ba8d00e\" data-element_type=\"section\" data-settings=\"{&quot;jet_parallax_layout_list&quot;:[]}\">\n\t\t\t\t\t\t<div class=\"elementor-container elementor-column-gap-default\">\n\t\t\t\t\t<div class=\"elementor-column elementor-col-33 elementor-top-column elementor-element elementor-element-8182838\" data-id=\"8182838\" data-element_type=\"column\" data-settings=\"{&quot;background_background&quot;:&quot;classic&quot;}\">\n\t\t\t<div class=\"elementor-widget-wrap elementor-element-populated\">\n\t\t\t\t\t\t<div class=\"elementor-element elementor-element-d833bb7 elementor-widget elementor-widget-heading\" data-id=\"d833bb7\" data-element_type=\"widget\" data-widget_type=\"heading.default\">\n\t\t\t\t<div class=\"elementor-widget-container\">\n\t\t\t<h3 class=\"elementor-heading-title elementor-size-default\">Anuncios p\u00fablicos de ocupaci\u00f3n de espacios en el Aeropuerto de Castell\u00f3n<\/h3>\t\t<\/div>\n\t\t\t\t<\/div>\n\t\t\t\t<div class=\"elementor-element elementor-element-137b729 elementor-widget-divider--view-line elementor-widget elementor-widget-divider\" data-id=\"137b729\" data-element_type=\"widget\" data-widget_type=\"divider.default\">\n\t\t\t\t<div class=\"elementor-widget-container\">\n\t\t\t\t\t<div class=\"elementor-divider\">\n\t\t\t<span class=\"elementor-divider-separator\">\n\t\t\t\t\t\t<\/span>\n\t\t<\/div>\n\t\t\t\t<\/div>\n\t\t\t\t<\/div>\n\t\t\t\t<div class=\"elementor-element elementor-element-1fc21fa elementor-widget elementor-widget-text-editor\" data-id=\"1fc21fa\" data-element_type=\"widget\" data-widget_type=\"text-editor.default\">\n\t\t\t\t<div class=\"elementor-widget-container\">\n\t\t\t\t\t\t\t<p><a href=\"https:\/\/contrataciondelestado.es\/wps\/poc?uri=deeplink:perfilContratante&amp;idBp=j4OPHjf8urYQK2TEfXGy%2BA%3D%3D\" target=\"_blank\" rel=\"noopener\">Contrataciondelestado.es\/wps\/myportal\/<\/a><\/p>\t\t\t\t\t\t<\/div>\n\t\t\t\t<\/div>\n\t\t\t\t\t<\/div>\n\t\t<\/div>\n\t\t\t\t<div class=\"elementor-column elementor-col-33 elementor-top-column elementor-element elementor-element-698bd20\" data-id=\"698bd20\" data-element_type=\"column\" data-settings=\"{&quot;background_background&quot;:&quot;classic&quot;}\">\n\t\t\t<div class=\"elementor-widget-wrap elementor-element-populated\">\n\t\t\t\t\t\t<div class=\"elementor-element elementor-element-c8adcc3 elementor-widget elementor-widget-heading\" data-id=\"c8adcc3\" data-element_type=\"widget\" data-widget_type=\"heading.default\">\n\t\t\t\t<div class=\"elementor-widget-container\">\n\t\t\t<h3 class=\"elementor-heading-title elementor-size-default\">Relaci\u00f3n contratos<\/h3>\t\t<\/div>\n\t\t\t\t<\/div>\n\t\t\t\t<div class=\"elementor-element elementor-element-7f2e777 elementor-widget-divider--view-line elementor-widget elementor-widget-divider\" data-id=\"7f2e777\" data-element_type=\"widget\" data-widget_type=\"divider.default\">\n\t\t\t\t<div class=\"elementor-widget-container\">\n\t\t\t\t\t<div class=\"elementor-divider\">\n\t\t\t<span class=\"elementor-divider-separator\">\n\t\t\t\t\t\t<\/span>\n\t\t<\/div>\n\t\t\t\t<\/div>\n\t\t\t\t<\/div>\n\t\t\t\t<div class=\"elementor-element elementor-element-142be3d elementor-widget elementor-widget-text-editor\" data-id=\"142be3d\" data-element_type=\"widget\" data-widget_type=\"text-editor.default\">\n\t\t\t\t<div class=\"elementor-widget-container\">\n\t\t\t\t\t\t\t<p><a href=\"http:\/\/csi.ha.gva.es\/regconweb\/faces\/inicio.jsp\" target=\"_blank\" rel=\"noopener\">Acceso al Registro Oficial de Contratos de la GVA<\/a><\/p><p><strong>Contratos adjudicados<\/strong><\/p><ul><li><a href=\"\/archivos\/pdf\/corporativo\/perfil-contratante\/Relacion-contratos-2018.pdf\" target=\"_blank\" rel=\"noopener\">Contratos 2018<\/a><\/li><li><a href=\"\/archivos\/pdf\/corporativo\/perfil-contratante\/Relacion-contratos-2017.pdf\" target=\"_blank\" rel=\"noopener\">Contratos 2017<\/a><\/li><li><a href=\"\/archivos\/pdf\/corporativo\/perfil-contratante\/Relacion-contratos-2016.pdf\" target=\"_blank\" rel=\"noopener\">Contratos 2016<\/a><\/li><\/ul><p><strong>Relaci\u00f3n de convenios<\/strong><\/p><ul><li><a href=\"\/archivos\/pdf\/corporativo\/perfil-contratante\/Convenio-turismo.pdf\" target=\"_blank\" rel=\"noopener\">Convenio de colaboraci\u00f3n con Turismo Comunitat Valenciana<\/a><\/li><li><a href=\"\/archivos\/pdf\/corporativo\/perfil-contratante\/AC-CONV-009-15_PRACTICAS_BECA_UJI.pdf\" target=\"_blank\" rel=\"noopener\">Convenio Pr\u00e1cticas Universitat Jaume I<\/a><\/li><li><a href=\"\/archivos\/pdf\/corporativo\/perfil-contratante\/Convenio_AVT-Aerocas_Tourist-info.pdf\" target=\"_blank\" rel=\"noopener\">Convenio de colaboraci\u00f3n con la Agencia Valenciana de Turismo<\/a><\/li><li><a href=\"\/archivos\/pdf\/corporativo\/perfil-contratante\/Conveni_Advocacia_Generalitat.pdf\" target=\"_blank\" rel=\"noopener\">Convenio de asistencia jur\u00eddica<\/a><\/li><li><a href=\"\/archivos\/pdf\/corporativo\/perfil-contratante\/Conveni_marc_UJI.pdf\" target=\"_blank\" rel=\"noopener\">Convenio marco de colaboraci\u00f3n con la Universitat Jaume I<\/a><\/li><\/ul>\t\t\t\t\t\t<\/div>\n\t\t\t\t<\/div>\n\t\t\t\t\t<\/div>\n\t\t<\/div>\n\t\t\t\t<div class=\"elementor-column elementor-col-33 elementor-top-column elementor-element elementor-element-523972c\" data-id=\"523972c\" data-element_type=\"column\" data-settings=\"{&quot;background_background&quot;:&quot;classic&quot;}\">\n\t\t\t<div class=\"elementor-widget-wrap elementor-element-populated\">\n\t\t\t\t\t\t<div class=\"elementor-element elementor-element-352c0a4 elementor-widget elementor-widget-heading\" data-id=\"352c0a4\" data-element_type=\"widget\" data-widget_type=\"heading.default\">\n\t\t\t\t<div class=\"elementor-widget-container\">\n\t\t\t<h3 class=\"elementor-heading-title elementor-size-default\">Otros documentos <\/h3>\t\t<\/div>\n\t\t\t\t<\/div>\n\t\t\t\t<div class=\"elementor-element elementor-element-0e260cd elementor-widget-divider--view-line elementor-widget elementor-widget-divider\" data-id=\"0e260cd\" data-element_type=\"widget\" data-widget_type=\"divider.default\">\n\t\t\t\t<div class=\"elementor-widget-container\">\n\t\t\t\t\t<div class=\"elementor-divider\">\n\t\t\t<span class=\"elementor-divider-separator\">\n\t\t\t\t\t\t<\/span>\n\t\t<\/div>\n\t\t\t\t<\/div>\n\t\t\t\t<\/div>\n\t\t\t\t<div class=\"elementor-element elementor-element-8894e76 elementor-widget elementor-widget-text-editor\" data-id=\"8894e76\" data-element_type=\"widget\" data-widget_type=\"text-editor.default\">\n\t\t\t\t<div class=\"elementor-widget-container\">\n\t\t\t\t\t\t\t<p><strong>Estudio de Paisaje del Plan Especial del Aeropuerto de Castellon:<\/strong><\/p>\t\t\t\t\t\t<\/div>\n\t\t\t\t<\/div>\n\t\t\t\t<div class=\"elementor-element elementor-element-9120173 elementor-widget elementor-widget-text-editor\" data-id=\"9120173\" data-element_type=\"widget\" data-widget_type=\"text-editor.default\">\n\t\t\t\t<div class=\"elementor-widget-container\">\n\t\t\t\t\t\t\t<p><a href=\"\/pdf\/EncuestaPPP.pdf\" target=\"_blank\" rel=\"noopener\">Encuesta PPP<\/a><\/p><p><a href=\"\/pdf\/Plan_de_Participacion_Publica .pdf\" target=\"_blank\" rel=\"noopener\">Plan de participaci\u00f3n publica<\/a><\/p>\t\t\t\t\t\t<\/div>\n\t\t\t\t<\/div>\n\t\t\t\t\t<\/div>\n\t\t<\/div>\n\t\t\t\t\t<\/div>\n\t\t<\/section>\n\t\t\t\t<section class=\"elementor-section elementor-top-section elementor-element elementor-element-49ca529 elementor-section-boxed elementor-section-height-default elementor-section-height-default\" data-id=\"49ca529\" data-element_type=\"section\" data-settings=\"{&quot;jet_parallax_layout_list&quot;:[]}\">\n\t\t\t\t\t\t<div class=\"elementor-container elementor-column-gap-default\">\n\t\t\t\t\t<div class=\"elementor-column elementor-col-100 elementor-top-column elementor-element elementor-element-ad28a15\" data-id=\"ad28a15\" data-element_type=\"column\">\n\t\t\t<div class=\"elementor-widget-wrap elementor-element-populated\">\n\t\t\t\t\t\t<div class=\"elementor-element elementor-element-09cb99d elementor-widget elementor-widget-spacer\" data-id=\"09cb99d\" data-element_type=\"widget\" data-widget_type=\"spacer.default\">\n\t\t\t\t<div class=\"elementor-widget-container\">\n\t\t\t\t\t<div class=\"elementor-spacer\">\n\t\t\t<div class=\"elementor-spacer-inner\"><\/div>\n\t\t<\/div>\n\t\t\t\t<\/div>\n\t\t\t\t<\/div>\n\t\t\t\t\t<\/div>\n\t\t<\/div>\n\t\t\t\t\t<\/div>\n\t\t<\/section>\n\t\t\t\t<\/div>\n\t\t","protected":false},"excerpt":{"rendered":"<p>Normativa La contrataci\u00f3n de Aeropuerto de Castell\u00f3n, S.L. est\u00e1 sujeta a la\u00a0Ley 31\/2007, de 30 de octubre, sobre procedimientos de contrataci\u00f3n en los sectores del agua, la energ\u00eda, los transportes y los servicios postales. Los contratos que celebre Aeropuerto de Castell\u00f3n, S.L. que, excluidos de la aplicaci\u00f3n de la Ley 31\/2007, de 30 de octubre, &#8230; <\/p>\n<p class=\"read-more-container\"><a title=\"Perfil del contratante\" class=\"read-more button\" href=\"https:\/\/aeroportcastello.com\/es\/corporativo\/perfil-del-contratante\/#more-1630\" aria-label=\"Leer m\u00e1s sobre Perfil del contratante\">Leer m\u00e1s<\/a><\/p>\n","protected":false},"author":1,"featured_media":0,"parent":1431,"menu_order":0,"comment_status":"closed","ping_status":"closed","template":"elementor_header_footer","meta":{"footnotes":""},"yoast_head":"<!-- This site is optimized with the Yoast SEO plugin v22.0 - https:\/\/yoast.com\/wordpress\/plugins\/seo\/ -->\n<title>Perfil del contratante - Aeropuerto Castell\u00f3n<\/title>\n<meta name=\"robots\" content=\"index, follow, max-snippet:-1, max-image-preview:large, max-video-preview:-1\" \/>\n<link rel=\"canonical\" href=\"https:\/\/aeroportcastello.com\/es\/corporativo\/perfil-del-contratante\/\" \/>\n<meta property=\"og:locale\" content=\"es_ES\" \/>\n<meta property=\"og:type\" content=\"article\" \/>\n<meta property=\"og:title\" content=\"Perfil del contratante - Aeropuerto Castell\u00f3n\" \/>\n<meta property=\"og:description\" content=\"Normativa La contrataci\u00f3n de Aeropuerto de Castell\u00f3n, S.L. est\u00e1 sujeta a la\u00a0Ley 31\/2007, de 30 de octubre, sobre procedimientos de contrataci\u00f3n en los sectores del agua, la energ\u00eda, los transportes y los servicios postales. Los contratos que celebre Aeropuerto de Castell\u00f3n, S.L. que, excluidos de la aplicaci\u00f3n de la Ley 31\/2007, de 30 de octubre, ... Leer m\u00e1s\" \/>\n<meta property=\"og:url\" content=\"https:\/\/aeroportcastello.com\/es\/corporativo\/perfil-del-contratante\/\" \/>\n<meta property=\"og:site_name\" content=\"Aeropuerto Castell\u00f3n\" \/>\n<meta property=\"article:modified_time\" content=\"2022-09-07T11:48:15+00:00\" \/>\n<meta name=\"twitter:card\" content=\"summary_large_image\" \/>\n<meta name=\"twitter:label1\" content=\"Tiempo de lectura\" \/>\n\t<meta name=\"twitter:data1\" content=\"1 minuto\" \/>\n<script type=\"application\/ld+json\" class=\"yoast-schema-graph\">{\"@context\":\"https:\/\/schema.org\",\"@graph\":[{\"@type\":\"WebPage\",\"@id\":\"https:\/\/aeroportcastello.com\/es\/corporativo\/perfil-del-contratante\/\",\"url\":\"https:\/\/aeroportcastello.com\/es\/corporativo\/perfil-del-contratante\/\",\"name\":\"Perfil del contratante - Aeropuerto Castell\u00f3n\",\"isPartOf\":{\"@id\":\"https:\/\/aeroportcastello.com\/es\/#website\"},\"datePublished\":\"2021-07-12T10:17:28+00:00\",\"dateModified\":\"2022-09-07T11:48:15+00:00\",\"breadcrumb\":{\"@id\":\"https:\/\/aeroportcastello.com\/es\/corporativo\/perfil-del-contratante\/#breadcrumb\"},\"inLanguage\":\"es\",\"potentialAction\":[{\"@type\":\"ReadAction\",\"target\":[\"https:\/\/aeroportcastello.com\/es\/corporativo\/perfil-del-contratante\/\"]}]},{\"@type\":\"BreadcrumbList\",\"@id\":\"https:\/\/aeroportcastello.com\/es\/corporativo\/perfil-del-contratante\/#breadcrumb\",\"itemListElement\":[{\"@type\":\"ListItem\",\"position\":1,\"name\":\"Pasajeros\",\"item\":\"https:\/\/aeroportcastello.com\/es\/\"},{\"@type\":\"ListItem\",\"position\":2,\"name\":\"Corporativo\",\"item\":\"https:\/\/aeroportcastello.com\/es\/corporativo\/\"},{\"@type\":\"ListItem\",\"position\":3,\"name\":\"Perfil del contratante\"}]},{\"@type\":\"WebSite\",\"@id\":\"https:\/\/aeroportcastello.com\/es\/#website\",\"url\":\"https:\/\/aeroportcastello.com\/es\/\",\"name\":\"Aeropuerto Castell\u00f3n\",\"description\":\"Aeropuerto Castell\u00f3n\",\"publisher\":{\"@id\":\"https:\/\/aeroportcastello.com\/es\/#organization\"},\"potentialAction\":[{\"@type\":\"SearchAction\",\"target\":{\"@type\":\"EntryPoint\",\"urlTemplate\":\"https:\/\/aeroportcastello.com\/es\/?s={search_term_string}\"},\"query-input\":\"required name=search_term_string\"}],\"inLanguage\":\"es\"},{\"@type\":\"Organization\",\"@id\":\"https:\/\/aeroportcastello.com\/es\/#organization\",\"name\":\"Aeropuerto Castell\u00f3n\",\"url\":\"https:\/\/aeroportcastello.com\/es\/\",\"logo\":{\"@type\":\"ImageObject\",\"inLanguage\":\"es\",\"@id\":\"https:\/\/aeroportcastello.com\/es\/#\/schema\/logo\/image\/\",\"url\":\"https:\/\/aeroportcastello.com\/wp-content\/uploads\/2021\/05\/logo_aeroport_castello-1.svg\",\"contentUrl\":\"https:\/\/aeroportcastello.com\/wp-content\/uploads\/2021\/05\/logo_aeroport_castello-1.svg\",\"width\":482.8999999999999772626324556767940521240234375,\"height\":93.7000000000000028421709430404007434844970703125,\"caption\":\"Aeropuerto Castell\u00f3n\"},\"image\":{\"@id\":\"https:\/\/aeroportcastello.com\/es\/#\/schema\/logo\/image\/\"}}]}<\/script>\n<!-- \/ Yoast SEO plugin. -->","yoast_head_json":{"title":"Perfil del contratante - Aeropuerto Castell\u00f3n","robots":{"index":"index","follow":"follow","max-snippet":"max-snippet:-1","max-image-preview":"max-image-preview:large","max-video-preview":"max-video-preview:-1"},"canonical":"https:\/\/aeroportcastello.com\/es\/corporativo\/perfil-del-contratante\/","og_locale":"es_ES","og_type":"article","og_title":"Perfil del contratante - Aeropuerto Castell\u00f3n","og_description":"Normativa La contrataci\u00f3n de Aeropuerto de Castell\u00f3n, S.L. est\u00e1 sujeta a la\u00a0Ley 31\/2007, de 30 de octubre, sobre procedimientos de contrataci\u00f3n en los sectores del agua, la energ\u00eda, los transportes y los servicios postales. Los contratos que celebre Aeropuerto de Castell\u00f3n, S.L. que, excluidos de la aplicaci\u00f3n de la Ley 31\/2007, de 30 de octubre, ... Leer m\u00e1s","og_url":"https:\/\/aeroportcastello.com\/es\/corporativo\/perfil-del-contratante\/","og_site_name":"Aeropuerto Castell\u00f3n","article_modified_time":"2022-09-07T11:48:15+00:00","twitter_card":"summary_large_image","twitter_misc":{"Tiempo de lectura":"1 minuto"},"schema":{"@context":"https:\/\/schema.org","@graph":[{"@type":"WebPage","@id":"https:\/\/aeroportcastello.com\/es\/corporativo\/perfil-del-contratante\/","url":"https:\/\/aeroportcastello.com\/es\/corporativo\/perfil-del-contratante\/","name":"Perfil del contratante - Aeropuerto Castell\u00f3n","isPartOf":{"@id":"https:\/\/aeroportcastello.com\/es\/#website"},"datePublished":"2021-07-12T10:17:28+00:00","dateModified":"2022-09-07T11:48:15+00:00","breadcrumb":{"@id":"https:\/\/aeroportcastello.com\/es\/corporativo\/perfil-del-contratante\/#breadcrumb"},"inLanguage":"es","potentialAction":[{"@type":"ReadAction","target":["https:\/\/aeroportcastello.com\/es\/corporativo\/perfil-del-contratante\/"]}]},{"@type":"BreadcrumbList","@id":"https:\/\/aeroportcastello.com\/es\/corporativo\/perfil-del-contratante\/#breadcrumb","itemListElement":[{"@type":"ListItem","position":1,"name":"Pasajeros","item":"https:\/\/aeroportcastello.com\/es\/"},{"@type":"ListItem","position":2,"name":"Corporativo","item":"https:\/\/aeroportcastello.com\/es\/corporativo\/"},{"@type":"ListItem","position":3,"name":"Perfil del contratante"}]},{"@type":"WebSite","@id":"https:\/\/aeroportcastello.com\/es\/#website","url":"https:\/\/aeroportcastello.com\/es\/","name":"Aeropuerto Castell\u00f3n","description":"Aeropuerto Castell\u00f3n","publisher":{"@id":"https:\/\/aeroportcastello.com\/es\/#organization"},"potentialAction":[{"@type":"SearchAction","target":{"@type":"EntryPoint","urlTemplate":"https:\/\/aeroportcastello.com\/es\/?s={search_term_string}"},"query-input":"required name=search_term_string"}],"inLanguage":"es"},{"@type":"Organization","@id":"https:\/\/aeroportcastello.com\/es\/#organization","name":"Aeropuerto Castell\u00f3n","url":"https:\/\/aeroportcastello.com\/es\/","logo":{"@type":"ImageObject","inLanguage":"es","@id":"https:\/\/aeroportcastello.com\/es\/#\/schema\/logo\/image\/","url":"https:\/\/aeroportcastello.com\/wp-content\/uploads\/2021\/05\/logo_aeroport_castello-1.svg","contentUrl":"https:\/\/aeroportcastello.com\/wp-content\/uploads\/2021\/05\/logo_aeroport_castello-1.svg","width":482.8999999999999772626324556767940521240234375,"height":93.7000000000000028421709430404007434844970703125,"caption":"Aeropuerto Castell\u00f3n"},"image":{"@id":"https:\/\/aeroportcastello.com\/es\/#\/schema\/logo\/image\/"}}]}},"_links":{"self":[{"href":"https:\/\/aeroportcastello.com\/es\/wp-json\/wp\/v2\/pages\/1630"}],"collection":[{"href":"https:\/\/aeroportcastello.com\/es\/wp-json\/wp\/v2\/pages"}],"about":[{"href":"https:\/\/aeroportcastello.com\/es\/wp-json\/wp\/v2\/types\/page"}],"author":[{"embeddable":true,"href":"https:\/\/aeroportcastello.com\/es\/wp-json\/wp\/v2\/users\/1"}],"replies":[{"embeddable":true,"href":"https:\/\/aeroportcastello.com\/es\/wp-json\/wp\/v2\/comments?post=1630"}],"version-history":[{"count":23,"href":"https:\/\/aeroportcastello.com\/es\/wp-json\/wp\/v2\/pages\/1630\/revisions"}],"predecessor-version":[{"id":4927,"href":"https:\/\/aeroportcastello.com\/es\/wp-json\/wp\/v2\/pages\/1630\/revisions\/4927"}],"up":[{"embeddable":true,"href":"https:\/\/aeroportcastello.com\/es\/wp-json\/wp\/v2\/pages\/1431"}],"wp:attachment":[{"href":"https:\/\/aeroportcastello.com\/es\/wp-json\/wp\/v2\/media?parent=1630"}],"curies":[{"name":"wp","href":"https:\/\/api.w.org\/{rel}","templated":true}]}}