{"id":14932,"date":"2026-02-16T19:35:23","date_gmt":"2026-02-16T18:35:23","guid":{"rendered":"https:\/\/aeroportcastello.com\/?page_id=14932"},"modified":"2026-03-26T11:27:36","modified_gmt":"2026-03-26T10:27:36","slug":"informacion-altos-cargos","status":"publish","type":"page","link":"https:\/\/aeroportcastello.com\/es\/corporativo\/portal-de-transparencia\/informacion-altos-cargos\/","title":{"rendered":"Informaci\u00f3n altos cargos"},"content":{"rendered":"\t\t<div data-elementor-type=\"wp-page\" data-elementor-id=\"14932\" class=\"elementor elementor-14932\" data-elementor-post-type=\"page\">\n\t\t\t\t\t\t<section class=\"elementor-section elementor-top-section elementor-element elementor-element-357e981 elementor-section-boxed elementor-section-height-default elementor-section-height-default\" data-id=\"357e981\" data-element_type=\"section\" data-settings=\"{&quot;jet_parallax_layout_list&quot;:[]}\">\n\t\t\t\t\t\t<div class=\"elementor-container elementor-column-gap-default\">\n\t\t\t\t\t<div class=\"elementor-column elementor-col-100 elementor-top-column elementor-element elementor-element-fff066a\" data-id=\"fff066a\" data-element_type=\"column\" data-settings=\"{&quot;background_background&quot;:&quot;classic&quot;}\">\n\t\t\t<div class=\"elementor-widget-wrap elementor-element-populated\">\n\t\t\t\t\t\t<div class=\"elementor-element elementor-element-aa1a82d elementor-widget elementor-widget-heading\" data-id=\"aa1a82d\" data-element_type=\"widget\" data-widget_type=\"heading.default\">\n\t\t\t\t<div class=\"elementor-widget-container\">\n\t\t\t<h3 class=\"elementor-heading-title elementor-size-default\">Informaci\u00f3n altos cargos<\/h3>\t\t<\/div>\n\t\t\t\t<\/div>\n\t\t\t\t<div class=\"elementor-element elementor-element-762d2dc elementor-widget-divider--view-line elementor-widget elementor-widget-divider\" data-id=\"762d2dc\" data-element_type=\"widget\" data-widget_type=\"divider.default\">\n\t\t\t\t<div class=\"elementor-widget-container\">\n\t\t\t\t\t<div class=\"elementor-divider\">\n\t\t\t<span class=\"elementor-divider-separator\">\n\t\t\t\t\t\t<\/span>\n\t\t<\/div>\n\t\t\t\t<\/div>\n\t\t\t\t<\/div>\n\t\t\t\t<div class=\"elementor-element elementor-element-ef79c06 elementor-widget elementor-widget-text-editor\" data-id=\"ef79c06\" data-element_type=\"widget\" data-widget_type=\"text-editor.default\">\n\t\t\t\t<div class=\"elementor-widget-container\">\n\t\t\t\t\t\t\t<p><strong>DIRECTORA GENERAL<\/strong><br \/>Raquel Par\u00eds Mar\u00edn<\/p><p><a href=\"https:\/\/aeroportcastello.com\/wp-content\/uploads\/2025\/10\/COMP_NOM_2024_129.pdf\" target=\"_blank\" rel=\"noopener\">Resoluci\u00f3n sobre la situaci\u00f3n de compatibilidad<\/a><\/p><p><strong>AGENDA DE DIRECCI\u00d3N<\/strong><b><\/b><\/p><ul><li><strong>Enero 2026<\/strong>; <a href=\"https:\/\/aeroportcastello.com\/wp-content\/uploads\/2026\/02\/AGENDA_DG_TRANSPARECIA_enero26.pdf\" target=\"_blank\" rel=\"noopener\">Agenda<\/a> y <a href=\"https:\/\/aeroportcastello.com\/wp-content\/uploads\/2026\/02\/VIAJES_DG_ENERO_26.pdf\" target=\"_blank\" rel=\"noopener\">viajes fuera de la Comunidad Valenciana<\/a><\/li><\/ul>\t\t\t\t\t\t<\/div>\n\t\t\t\t<\/div>\n\t\t\t\t\t<\/div>\n\t\t<\/div>\n\t\t\t\t\t<\/div>\n\t\t<\/section>\n\t\t\t\t<section class=\"elementor-section elementor-top-section elementor-element elementor-element-49ca529 elementor-section-boxed elementor-section-height-default elementor-section-height-default\" data-id=\"49ca529\" data-element_type=\"section\" data-settings=\"{&quot;jet_parallax_layout_list&quot;:[]}\">\n\t\t\t\t\t\t<div class=\"elementor-container elementor-column-gap-default\">\n\t\t\t\t\t<div class=\"elementor-column elementor-col-100 elementor-top-column elementor-element elementor-element-ad28a15\" data-id=\"ad28a15\" data-element_type=\"column\">\n\t\t\t<div class=\"elementor-widget-wrap elementor-element-populated\">\n\t\t\t\t\t\t<div class=\"elementor-element elementor-element-09cb99d elementor-widget elementor-widget-spacer\" data-id=\"09cb99d\" data-element_type=\"widget\" data-widget_type=\"spacer.default\">\n\t\t\t\t<div class=\"elementor-widget-container\">\n\t\t\t\t\t<div class=\"elementor-spacer\">\n\t\t\t<div class=\"elementor-spacer-inner\"><\/div>\n\t\t<\/div>\n\t\t\t\t<\/div>\n\t\t\t\t<\/div>\n\t\t\t\t\t<\/div>\n\t\t<\/div>\n\t\t\t\t\t<\/div>\n\t\t<\/section>\n\t\t\t\t<\/div>\n\t\t","protected":false},"excerpt":{"rendered":"<p>Informaci\u00f3n altos cargos DIRECTORA GENERALRaquel Par\u00eds Mar\u00edn Resoluci\u00f3n sobre la situaci\u00f3n de compatibilidad AGENDA DE DIRECCI\u00d3N Enero 2026; Agenda y viajes fuera de la Comunidad Valenciana<\/p>\n","protected":false},"author":8,"featured_media":0,"parent":1639,"menu_order":0,"comment_status":"closed","ping_status":"closed","template":"elementor_header_footer","meta":{"footnotes":""},"yoast_head":"<!-- This site is optimized with the Yoast SEO plugin v22.0 - https:\/\/yoast.com\/wordpress\/plugins\/seo\/ -->\n<title>Informaci\u00f3n altos cargos - Aeropuerto Castell\u00f3n<\/title>\n<meta name=\"robots\" content=\"index, follow, max-snippet:-1, max-image-preview:large, max-video-preview:-1\" \/>\n<link rel=\"canonical\" href=\"https:\/\/aeroportcastello.com\/es\/corporativo\/portal-de-transparencia\/informacion-altos-cargos\/\" \/>\n<meta property=\"og:locale\" content=\"es_ES\" \/>\n<meta property=\"og:type\" content=\"article\" \/>\n<meta property=\"og:title\" content=\"Informaci\u00f3n altos cargos - Aeropuerto Castell\u00f3n\" \/>\n<meta property=\"og:description\" content=\"Informaci\u00f3n altos cargos DIRECTORA GENERALRaquel Par\u00eds Mar\u00edn Resoluci\u00f3n sobre la situaci\u00f3n de compatibilidad AGENDA DE DIRECCI\u00d3N Enero 2026; Agenda y viajes fuera de la Comunidad Valenciana\" \/>\n<meta property=\"og:url\" content=\"https:\/\/aeroportcastello.com\/es\/corporativo\/portal-de-transparencia\/informacion-altos-cargos\/\" \/>\n<meta property=\"og:site_name\" content=\"Aeropuerto Castell\u00f3n\" \/>\n<meta property=\"article:modified_time\" content=\"2026-03-26T10:27:36+00:00\" \/>\n<meta name=\"twitter:card\" content=\"summary_large_image\" \/>\n<meta name=\"twitter:label1\" content=\"Tiempo de lectura\" \/>\n\t<meta name=\"twitter:data1\" content=\"1 minuto\" \/>\n<script type=\"application\/ld+json\" class=\"yoast-schema-graph\">{\"@context\":\"https:\/\/schema.org\",\"@graph\":[{\"@type\":\"WebPage\",\"@id\":\"https:\/\/aeroportcastello.com\/es\/corporativo\/portal-de-transparencia\/informacion-altos-cargos\/\",\"url\":\"https:\/\/aeroportcastello.com\/es\/corporativo\/portal-de-transparencia\/informacion-altos-cargos\/\",\"name\":\"Informaci\u00f3n altos cargos - Aeropuerto Castell\u00f3n\",\"isPartOf\":{\"@id\":\"https:\/\/aeroportcastello.com\/es\/#website\"},\"datePublished\":\"2026-02-16T18:35:23+00:00\",\"dateModified\":\"2026-03-26T10:27:36+00:00\",\"breadcrumb\":{\"@id\":\"https:\/\/aeroportcastello.com\/es\/corporativo\/portal-de-transparencia\/informacion-altos-cargos\/#breadcrumb\"},\"inLanguage\":\"es\",\"potentialAction\":[{\"@type\":\"ReadAction\",\"target\":[\"https:\/\/aeroportcastello.com\/es\/corporativo\/portal-de-transparencia\/informacion-altos-cargos\/\"]}]},{\"@type\":\"BreadcrumbList\",\"@id\":\"https:\/\/aeroportcastello.com\/es\/corporativo\/portal-de-transparencia\/informacion-altos-cargos\/#breadcrumb\",\"itemListElement\":[{\"@type\":\"ListItem\",\"position\":1,\"name\":\"Pasajeros\",\"item\":\"https:\/\/aeroportcastello.com\/es\/\"},{\"@type\":\"ListItem\",\"position\":2,\"name\":\"Corporativo\",\"item\":\"https:\/\/aeroportcastello.com\/es\/corporativo\/\"},{\"@type\":\"ListItem\",\"position\":3,\"name\":\"Portal de transparencia\",\"item\":\"https:\/\/aeroportcastello.com\/es\/corporativo\/portal-de-transparencia\/\"},{\"@type\":\"ListItem\",\"position\":4,\"name\":\"Informaci\u00f3n altos cargos\"}]},{\"@type\":\"WebSite\",\"@id\":\"https:\/\/aeroportcastello.com\/es\/#website\",\"url\":\"https:\/\/aeroportcastello.com\/es\/\",\"name\":\"Aeropuerto Castell\u00f3n\",\"description\":\"Aeropuerto Castell\u00f3n\",\"publisher\":{\"@id\":\"https:\/\/aeroportcastello.com\/es\/#organization\"},\"potentialAction\":[{\"@type\":\"SearchAction\",\"target\":{\"@type\":\"EntryPoint\",\"urlTemplate\":\"https:\/\/aeroportcastello.com\/es\/?s={search_term_string}\"},\"query-input\":\"required name=search_term_string\"}],\"inLanguage\":\"es\"},{\"@type\":\"Organization\",\"@id\":\"https:\/\/aeroportcastello.com\/es\/#organization\",\"name\":\"Aeropuerto Castell\u00f3n\",\"url\":\"https:\/\/aeroportcastello.com\/es\/\",\"logo\":{\"@type\":\"ImageObject\",\"inLanguage\":\"es\",\"@id\":\"https:\/\/aeroportcastello.com\/es\/#\/schema\/logo\/image\/\",\"url\":\"https:\/\/aeroportcastello.com\/wp-content\/uploads\/2021\/05\/logo_aeroport_castello-1.svg\",\"contentUrl\":\"https:\/\/aeroportcastello.com\/wp-content\/uploads\/2021\/05\/logo_aeroport_castello-1.svg\",\"width\":482.8999999999999772626324556767940521240234375,\"height\":93.7000000000000028421709430404007434844970703125,\"caption\":\"Aeropuerto Castell\u00f3n\"},\"image\":{\"@id\":\"https:\/\/aeroportcastello.com\/es\/#\/schema\/logo\/image\/\"}}]}<\/script>\n<!-- \/ Yoast SEO plugin. -->","yoast_head_json":{"title":"Informaci\u00f3n altos cargos - Aeropuerto Castell\u00f3n","robots":{"index":"index","follow":"follow","max-snippet":"max-snippet:-1","max-image-preview":"max-image-preview:large","max-video-preview":"max-video-preview:-1"},"canonical":"https:\/\/aeroportcastello.com\/es\/corporativo\/portal-de-transparencia\/informacion-altos-cargos\/","og_locale":"es_ES","og_type":"article","og_title":"Informaci\u00f3n altos cargos - Aeropuerto Castell\u00f3n","og_description":"Informaci\u00f3n altos cargos DIRECTORA GENERALRaquel Par\u00eds Mar\u00edn Resoluci\u00f3n sobre la situaci\u00f3n de compatibilidad AGENDA DE DIRECCI\u00d3N Enero 2026; Agenda y viajes fuera de la Comunidad Valenciana","og_url":"https:\/\/aeroportcastello.com\/es\/corporativo\/portal-de-transparencia\/informacion-altos-cargos\/","og_site_name":"Aeropuerto Castell\u00f3n","article_modified_time":"2026-03-26T10:27:36+00:00","twitter_card":"summary_large_image","twitter_misc":{"Tiempo de lectura":"1 minuto"},"schema":{"@context":"https:\/\/schema.org","@graph":[{"@type":"WebPage","@id":"https:\/\/aeroportcastello.com\/es\/corporativo\/portal-de-transparencia\/informacion-altos-cargos\/","url":"https:\/\/aeroportcastello.com\/es\/corporativo\/portal-de-transparencia\/informacion-altos-cargos\/","name":"Informaci\u00f3n altos cargos - Aeropuerto Castell\u00f3n","isPartOf":{"@id":"https:\/\/aeroportcastello.com\/es\/#website"},"datePublished":"2026-02-16T18:35:23+00:00","dateModified":"2026-03-26T10:27:36+00:00","breadcrumb":{"@id":"https:\/\/aeroportcastello.com\/es\/corporativo\/portal-de-transparencia\/informacion-altos-cargos\/#breadcrumb"},"inLanguage":"es","potentialAction":[{"@type":"ReadAction","target":["https:\/\/aeroportcastello.com\/es\/corporativo\/portal-de-transparencia\/informacion-altos-cargos\/"]}]},{"@type":"BreadcrumbList","@id":"https:\/\/aeroportcastello.com\/es\/corporativo\/portal-de-transparencia\/informacion-altos-cargos\/#breadcrumb","itemListElement":[{"@type":"ListItem","position":1,"name":"Pasajeros","item":"https:\/\/aeroportcastello.com\/es\/"},{"@type":"ListItem","position":2,"name":"Corporativo","item":"https:\/\/aeroportcastello.com\/es\/corporativo\/"},{"@type":"ListItem","position":3,"name":"Portal de transparencia","item":"https:\/\/aeroportcastello.com\/es\/corporativo\/portal-de-transparencia\/"},{"@type":"ListItem","position":4,"name":"Informaci\u00f3n altos cargos"}]},{"@type":"WebSite","@id":"https:\/\/aeroportcastello.com\/es\/#website","url":"https:\/\/aeroportcastello.com\/es\/","name":"Aeropuerto Castell\u00f3n","description":"Aeropuerto Castell\u00f3n","publisher":{"@id":"https:\/\/aeroportcastello.com\/es\/#organization"},"potentialAction":[{"@type":"SearchAction","target":{"@type":"EntryPoint","urlTemplate":"https:\/\/aeroportcastello.com\/es\/?s={search_term_string}"},"query-input":"required name=search_term_string"}],"inLanguage":"es"},{"@type":"Organization","@id":"https:\/\/aeroportcastello.com\/es\/#organization","name":"Aeropuerto Castell\u00f3n","url":"https:\/\/aeroportcastello.com\/es\/","logo":{"@type":"ImageObject","inLanguage":"es","@id":"https:\/\/aeroportcastello.com\/es\/#\/schema\/logo\/image\/","url":"https:\/\/aeroportcastello.com\/wp-content\/uploads\/2021\/05\/logo_aeroport_castello-1.svg","contentUrl":"https:\/\/aeroportcastello.com\/wp-content\/uploads\/2021\/05\/logo_aeroport_castello-1.svg","width":482.8999999999999772626324556767940521240234375,"height":93.7000000000000028421709430404007434844970703125,"caption":"Aeropuerto Castell\u00f3n"},"image":{"@id":"https:\/\/aeroportcastello.com\/es\/#\/schema\/logo\/image\/"}}]}},"_links":{"self":[{"href":"https:\/\/aeroportcastello.com\/es\/wp-json\/wp\/v2\/pages\/14932"}],"collection":[{"href":"https:\/\/aeroportcastello.com\/es\/wp-json\/wp\/v2\/pages"}],"about":[{"href":"https:\/\/aeroportcastello.com\/es\/wp-json\/wp\/v2\/types\/page"}],"author":[{"embeddable":true,"href":"https:\/\/aeroportcastello.com\/es\/wp-json\/wp\/v2\/users\/8"}],"replies":[{"embeddable":true,"href":"https:\/\/aeroportcastello.com\/es\/wp-json\/wp\/v2\/comments?post=14932"}],"version-history":[{"count":14,"href":"https:\/\/aeroportcastello.com\/es\/wp-json\/wp\/v2\/pages\/14932\/revisions"}],"predecessor-version":[{"id":15337,"href":"https:\/\/aeroportcastello.com\/es\/wp-json\/wp\/v2\/pages\/14932\/revisions\/15337"}],"up":[{"embeddable":true,"href":"https:\/\/aeroportcastello.com\/es\/wp-json\/wp\/v2\/pages\/1639"}],"wp:attachment":[{"href":"https:\/\/aeroportcastello.com\/es\/wp-json\/wp\/v2\/media?parent=14932"}],"curies":[{"name":"wp","href":"https:\/\/api.w.org\/{rel}","templated":true}]}}