{"id":1434,"date":"2021-06-30T16:24:05","date_gmt":"2021-06-30T14:24:05","guid":{"rendered":"https:\/\/aeroportcastello.com\/?page_id=1434"},"modified":"2021-09-03T08:29:34","modified_gmt":"2021-09-03T06:29:34","slug":"horario-de-operaciones","status":"publish","type":"page","link":"https:\/\/aeroportcastello.com\/es\/profesionales\/informacion-aeronautica\/horario-de-operaciones\/","title":{"rendered":"Horario de operaciones"},"content":{"rendered":"\t\t<div data-elementor-type=\"wp-page\" data-elementor-id=\"1434\" class=\"elementor elementor-1434\" data-elementor-post-type=\"page\">\n\t\t\t\t\t\t<section class=\"elementor-section elementor-top-section elementor-element elementor-element-44363e8 elementor-section-boxed elementor-section-height-default elementor-section-height-default\" data-id=\"44363e8\" data-element_type=\"section\" data-settings=\"{&quot;jet_parallax_layout_list&quot;:[]}\">\n\t\t\t\t\t\t<div class=\"elementor-container elementor-column-gap-default\">\n\t\t\t\t\t<div class=\"elementor-column elementor-col-100 elementor-top-column elementor-element elementor-element-1a663c6\" data-id=\"1a663c6\" data-element_type=\"column\" data-settings=\"{&quot;background_background&quot;:&quot;classic&quot;}\">\n\t\t\t<div class=\"elementor-widget-wrap elementor-element-populated\">\n\t\t\t\t\t\t<div class=\"elementor-element elementor-element-5738850 elementor-widget elementor-widget-heading\" data-id=\"5738850\" data-element_type=\"widget\" data-widget_type=\"heading.default\">\n\t\t\t\t<div class=\"elementor-widget-container\">\n\t\t\t<h3 class=\"elementor-heading-title elementor-size-default\">Hasta el 30 de Octubre de 2021<\/h3>\t\t<\/div>\n\t\t\t\t<\/div>\n\t\t\t\t<div class=\"elementor-element elementor-element-708e167 elementor-widget-divider--view-line elementor-widget elementor-widget-divider\" data-id=\"708e167\" data-element_type=\"widget\" data-widget_type=\"divider.default\">\n\t\t\t\t<div class=\"elementor-widget-container\">\n\t\t\t\t\t<div class=\"elementor-divider\">\n\t\t\t<span class=\"elementor-divider-separator\">\n\t\t\t\t\t\t<\/span>\n\t\t<\/div>\n\t\t\t\t<\/div>\n\t\t\t\t<\/div>\n\t\t\t\t<div class=\"elementor-element elementor-element-acf2811 elementor-widget elementor-widget-text-editor\" data-id=\"acf2811\" data-element_type=\"widget\" data-widget_type=\"text-editor.default\">\n\t\t\t\t<div class=\"elementor-widget-container\">\n\t\t\t\t\t\t\t<p>Todas las horas en\u00a0<strong>UTC<\/strong><\/p>\t\t\t\t\t\t<\/div>\n\t\t\t\t<\/div>\n\t\t\t\t<div class=\"elementor-element elementor-element-7c7b7f4 elementor-widget elementor-widget-text-editor\" data-id=\"7c7b7f4\" data-element_type=\"widget\" data-widget_type=\"text-editor.default\">\n\t\t\t\t<div class=\"elementor-widget-container\">\n\t\t\t\t\t\t\t<table><thead class=\"thead-dark\"><tr><th style=\"background: #0D6780; color: #fff;\" scope=\"col\"><strong>D\u00eda de la semana<\/strong><\/th><th style=\"background: #0D6780; color: #fff;\" scope=\"col\"><strong>Horario<\/strong><\/th><\/tr><\/thead><tbody><tr><td style=\"background: #F2F7F8;\"><strong>Lunes<\/strong><\/td><td style=\"background: #F2F7F8;\">06:00-18:00 + 2 HR PPR<\/td><\/tr><tr><td><strong>Martes<\/strong><\/td><td>06:00-18:00 + 2 HR PPR<\/td><\/tr><tr><td style=\"background: #F2F7F8;\" scope=\"row\"><strong>Mi\u00e9rcoles<\/strong><\/td><td style=\"background: #F2F7F8;\">06:00-18:00 + 2 HR PPR<\/td><\/tr><tr><td><strong>Jueves<\/strong><\/td><td>06:00-18:00 + 2 HR PPR<\/td><\/tr><tr><td style=\"background: #F2F7F8;\"><strong>Viernes<\/strong><\/td><td style=\"background: #F2F7F8;\">06:00-18:00 + 2 HR PPR<\/td><\/tr><tr><td scope=\"row\"><strong>S\u00e1bado<\/strong><\/td><td>06:00-18:00 + 2 HR PPR<\/td><\/tr><tr><td style=\"background: #F2F7F8;\"><strong>Domingo<\/strong><\/td><td style=\"background: #F2F7F8;\">06:00-18:00 + 2 HR PPR<\/td><\/tr><\/tbody><\/table>\t\t\t\t\t\t<\/div>\n\t\t\t\t<\/div>\n\t\t\t\t\t<\/div>\n\t\t<\/div>\n\t\t\t\t\t<\/div>\n\t\t<\/section>\n\t\t\t\t<section class=\"elementor-section elementor-top-section elementor-element elementor-element-1355c22 elementor-section-boxed elementor-section-height-default elementor-section-height-default\" data-id=\"1355c22\" data-element_type=\"section\" data-settings=\"{&quot;jet_parallax_layout_list&quot;:[]}\">\n\t\t\t\t\t\t<div class=\"elementor-container elementor-column-gap-default\">\n\t\t\t\t\t<div class=\"elementor-column elementor-col-100 elementor-top-column elementor-element elementor-element-9e5da4e\" data-id=\"9e5da4e\" data-element_type=\"column\">\n\t\t\t<div class=\"elementor-widget-wrap elementor-element-populated\">\n\t\t\t\t\t\t<div class=\"elementor-element elementor-element-58e1d5e elementor-widget elementor-widget-text-editor\" data-id=\"58e1d5e\" data-element_type=\"widget\" data-widget_type=\"text-editor.default\">\n\t\t\t\t<div class=\"elementor-widget-container\">\n\t\t\t\t\t\t\t<strong>Nota:<\/strong>\u00a0El aeropuerto puede ser abierto fuera de estos horarios a petici\u00f3n presentada por la compa\u00f1\u00eda a\u00e9rea a la oficina de operaciones del aeropuerto\u00a0<a href=\"mailto:cecoa@aeroportcastello.com\">(CECOA)<\/a>\u00a0con 72 horas de antelaci\u00f3n.\n\n<a href=\"\/informacion-aeronautica\/datos-tecnicos-del-aeropuerto\/\">DESCARGA INFORMACI\u00d3N AERON\u00c1UTICA LECH\/CDT<\/a>\t\t\t\t\t\t<\/div>\n\t\t\t\t<\/div>\n\t\t\t\t\t<\/div>\n\t\t<\/div>\n\t\t\t\t\t<\/div>\n\t\t<\/section>\n\t\t\t\t<section class=\"elementor-section elementor-top-section elementor-element elementor-element-15e5e8b elementor-section-boxed elementor-section-height-default elementor-section-height-default\" data-id=\"15e5e8b\" data-element_type=\"section\" data-settings=\"{&quot;jet_parallax_layout_list&quot;:[]}\">\n\t\t\t\t\t\t<div class=\"elementor-container elementor-column-gap-default\">\n\t\t\t\t\t<div class=\"elementor-column elementor-col-100 elementor-top-column elementor-element elementor-element-7a1187a\" data-id=\"7a1187a\" data-element_type=\"column\">\n\t\t\t<div class=\"elementor-widget-wrap elementor-element-populated\">\n\t\t\t\t\t\t<div class=\"elementor-element elementor-element-d07da17 elementor-widget elementor-widget-spacer\" data-id=\"d07da17\" data-element_type=\"widget\" data-widget_type=\"spacer.default\">\n\t\t\t\t<div class=\"elementor-widget-container\">\n\t\t\t\t\t<div class=\"elementor-spacer\">\n\t\t\t<div class=\"elementor-spacer-inner\"><\/div>\n\t\t<\/div>\n\t\t\t\t<\/div>\n\t\t\t\t<\/div>\n\t\t\t\t\t<\/div>\n\t\t<\/div>\n\t\t\t\t\t<\/div>\n\t\t<\/section>\n\t\t\t\t<\/div>\n\t\t","protected":false},"excerpt":{"rendered":"<p>Hasta el 30 de Octubre de 2021 Todas las horas en\u00a0UTC D\u00eda de la semana Horario Lunes 06:00-18:00 + 2 HR PPR Martes 06:00-18:00 + 2 HR PPR Mi\u00e9rcoles 06:00-18:00 + 2 HR PPR Jueves 06:00-18:00 + 2 HR PPR Viernes 06:00-18:00 + 2 HR PPR S\u00e1bado 06:00-18:00 + 2 HR PPR Domingo 06:00-18:00 + &#8230; <\/p>\n<p class=\"read-more-container\"><a title=\"Horario de operaciones\" class=\"read-more button\" href=\"https:\/\/aeroportcastello.com\/es\/profesionales\/informacion-aeronautica\/horario-de-operaciones\/#more-1434\" aria-label=\"Leer m\u00e1s sobre Horario de operaciones\">Leer m\u00e1s<\/a><\/p>\n","protected":false},"author":1,"featured_media":0,"parent":1429,"menu_order":0,"comment_status":"closed","ping_status":"closed","template":"elementor_header_footer","meta":{"footnotes":""},"yoast_head":"<!-- This site is optimized with the Yoast SEO plugin v22.0 - https:\/\/yoast.com\/wordpress\/plugins\/seo\/ -->\n<title>Horario de operaciones - Aeropuerto Castell\u00f3n<\/title>\n<meta name=\"robots\" content=\"index, follow, max-snippet:-1, max-image-preview:large, max-video-preview:-1\" \/>\n<link rel=\"canonical\" href=\"https:\/\/aeroportcastello.com\/es\/profesionales\/informacion-aeronautica\/horario-de-operaciones\/\" \/>\n<meta property=\"og:locale\" content=\"es_ES\" \/>\n<meta property=\"og:type\" content=\"article\" \/>\n<meta property=\"og:title\" content=\"Horario de operaciones - Aeropuerto Castell\u00f3n\" \/>\n<meta property=\"og:description\" content=\"Hasta el 30 de Octubre de 2021 Todas las horas en\u00a0UTC D\u00eda de la semana Horario Lunes 06:00-18:00 + 2 HR PPR Martes 06:00-18:00 + 2 HR PPR Mi\u00e9rcoles 06:00-18:00 + 2 HR PPR Jueves 06:00-18:00 + 2 HR PPR Viernes 06:00-18:00 + 2 HR PPR S\u00e1bado 06:00-18:00 + 2 HR PPR Domingo 06:00-18:00 + ... Leer m\u00e1s\" \/>\n<meta property=\"og:url\" content=\"https:\/\/aeroportcastello.com\/es\/profesionales\/informacion-aeronautica\/horario-de-operaciones\/\" \/>\n<meta property=\"og:site_name\" content=\"Aeropuerto Castell\u00f3n\" \/>\n<meta property=\"article:modified_time\" content=\"2021-09-03T06:29:34+00:00\" \/>\n<meta name=\"twitter:card\" content=\"summary_large_image\" \/>\n<meta name=\"twitter:label1\" content=\"Tiempo de lectura\" \/>\n\t<meta name=\"twitter:data1\" content=\"1 minuto\" \/>\n<script type=\"application\/ld+json\" class=\"yoast-schema-graph\">{\"@context\":\"https:\/\/schema.org\",\"@graph\":[{\"@type\":\"WebPage\",\"@id\":\"https:\/\/aeroportcastello.com\/es\/profesionales\/informacion-aeronautica\/horario-de-operaciones\/\",\"url\":\"https:\/\/aeroportcastello.com\/es\/profesionales\/informacion-aeronautica\/horario-de-operaciones\/\",\"name\":\"Horario de operaciones - Aeropuerto Castell\u00f3n\",\"isPartOf\":{\"@id\":\"https:\/\/aeroportcastello.com\/es\/#website\"},\"datePublished\":\"2021-06-30T14:24:05+00:00\",\"dateModified\":\"2021-09-03T06:29:34+00:00\",\"breadcrumb\":{\"@id\":\"https:\/\/aeroportcastello.com\/es\/profesionales\/informacion-aeronautica\/horario-de-operaciones\/#breadcrumb\"},\"inLanguage\":\"es\",\"potentialAction\":[{\"@type\":\"ReadAction\",\"target\":[\"https:\/\/aeroportcastello.com\/es\/profesionales\/informacion-aeronautica\/horario-de-operaciones\/\"]}]},{\"@type\":\"BreadcrumbList\",\"@id\":\"https:\/\/aeroportcastello.com\/es\/profesionales\/informacion-aeronautica\/horario-de-operaciones\/#breadcrumb\",\"itemListElement\":[{\"@type\":\"ListItem\",\"position\":1,\"name\":\"Pasajeros\",\"item\":\"https:\/\/aeroportcastello.com\/es\/\"},{\"@type\":\"ListItem\",\"position\":2,\"name\":\"Profesionales\",\"item\":\"https:\/\/aeroportcastello.com\/es\/profesionales\/\"},{\"@type\":\"ListItem\",\"position\":3,\"name\":\"Informaci\u00f3n aeron\u00e1utica\",\"item\":\"https:\/\/aeroportcastello.com\/es\/profesionales\/informacion-aeronautica\/\"},{\"@type\":\"ListItem\",\"position\":4,\"name\":\"Horario de operaciones\"}]},{\"@type\":\"WebSite\",\"@id\":\"https:\/\/aeroportcastello.com\/es\/#website\",\"url\":\"https:\/\/aeroportcastello.com\/es\/\",\"name\":\"Aeropuerto Castell\u00f3n\",\"description\":\"Aeropuerto Castell\u00f3n\",\"publisher\":{\"@id\":\"https:\/\/aeroportcastello.com\/es\/#organization\"},\"potentialAction\":[{\"@type\":\"SearchAction\",\"target\":{\"@type\":\"EntryPoint\",\"urlTemplate\":\"https:\/\/aeroportcastello.com\/es\/?s={search_term_string}\"},\"query-input\":\"required name=search_term_string\"}],\"inLanguage\":\"es\"},{\"@type\":\"Organization\",\"@id\":\"https:\/\/aeroportcastello.com\/es\/#organization\",\"name\":\"Aeropuerto Castell\u00f3n\",\"url\":\"https:\/\/aeroportcastello.com\/es\/\",\"logo\":{\"@type\":\"ImageObject\",\"inLanguage\":\"es\",\"@id\":\"https:\/\/aeroportcastello.com\/es\/#\/schema\/logo\/image\/\",\"url\":\"https:\/\/aeroportcastello.com\/wp-content\/uploads\/2021\/05\/logo_aeroport_castello-1.svg\",\"contentUrl\":\"https:\/\/aeroportcastello.com\/wp-content\/uploads\/2021\/05\/logo_aeroport_castello-1.svg\",\"width\":482.8999999999999772626324556767940521240234375,\"height\":93.7000000000000028421709430404007434844970703125,\"caption\":\"Aeropuerto Castell\u00f3n\"},\"image\":{\"@id\":\"https:\/\/aeroportcastello.com\/es\/#\/schema\/logo\/image\/\"}}]}<\/script>\n<!-- \/ Yoast SEO plugin. -->","yoast_head_json":{"title":"Horario de operaciones - Aeropuerto Castell\u00f3n","robots":{"index":"index","follow":"follow","max-snippet":"max-snippet:-1","max-image-preview":"max-image-preview:large","max-video-preview":"max-video-preview:-1"},"canonical":"https:\/\/aeroportcastello.com\/es\/profesionales\/informacion-aeronautica\/horario-de-operaciones\/","og_locale":"es_ES","og_type":"article","og_title":"Horario de operaciones - Aeropuerto Castell\u00f3n","og_description":"Hasta el 30 de Octubre de 2021 Todas las horas en\u00a0UTC D\u00eda de la semana Horario Lunes 06:00-18:00 + 2 HR PPR Martes 06:00-18:00 + 2 HR PPR Mi\u00e9rcoles 06:00-18:00 + 2 HR PPR Jueves 06:00-18:00 + 2 HR PPR Viernes 06:00-18:00 + 2 HR PPR S\u00e1bado 06:00-18:00 + 2 HR PPR Domingo 06:00-18:00 + ... Leer m\u00e1s","og_url":"https:\/\/aeroportcastello.com\/es\/profesionales\/informacion-aeronautica\/horario-de-operaciones\/","og_site_name":"Aeropuerto Castell\u00f3n","article_modified_time":"2021-09-03T06:29:34+00:00","twitter_card":"summary_large_image","twitter_misc":{"Tiempo de lectura":"1 minuto"},"schema":{"@context":"https:\/\/schema.org","@graph":[{"@type":"WebPage","@id":"https:\/\/aeroportcastello.com\/es\/profesionales\/informacion-aeronautica\/horario-de-operaciones\/","url":"https:\/\/aeroportcastello.com\/es\/profesionales\/informacion-aeronautica\/horario-de-operaciones\/","name":"Horario de operaciones - Aeropuerto Castell\u00f3n","isPartOf":{"@id":"https:\/\/aeroportcastello.com\/es\/#website"},"datePublished":"2021-06-30T14:24:05+00:00","dateModified":"2021-09-03T06:29:34+00:00","breadcrumb":{"@id":"https:\/\/aeroportcastello.com\/es\/profesionales\/informacion-aeronautica\/horario-de-operaciones\/#breadcrumb"},"inLanguage":"es","potentialAction":[{"@type":"ReadAction","target":["https:\/\/aeroportcastello.com\/es\/profesionales\/informacion-aeronautica\/horario-de-operaciones\/"]}]},{"@type":"BreadcrumbList","@id":"https:\/\/aeroportcastello.com\/es\/profesionales\/informacion-aeronautica\/horario-de-operaciones\/#breadcrumb","itemListElement":[{"@type":"ListItem","position":1,"name":"Pasajeros","item":"https:\/\/aeroportcastello.com\/es\/"},{"@type":"ListItem","position":2,"name":"Profesionales","item":"https:\/\/aeroportcastello.com\/es\/profesionales\/"},{"@type":"ListItem","position":3,"name":"Informaci\u00f3n aeron\u00e1utica","item":"https:\/\/aeroportcastello.com\/es\/profesionales\/informacion-aeronautica\/"},{"@type":"ListItem","position":4,"name":"Horario de operaciones"}]},{"@type":"WebSite","@id":"https:\/\/aeroportcastello.com\/es\/#website","url":"https:\/\/aeroportcastello.com\/es\/","name":"Aeropuerto Castell\u00f3n","description":"Aeropuerto Castell\u00f3n","publisher":{"@id":"https:\/\/aeroportcastello.com\/es\/#organization"},"potentialAction":[{"@type":"SearchAction","target":{"@type":"EntryPoint","urlTemplate":"https:\/\/aeroportcastello.com\/es\/?s={search_term_string}"},"query-input":"required name=search_term_string"}],"inLanguage":"es"},{"@type":"Organization","@id":"https:\/\/aeroportcastello.com\/es\/#organization","name":"Aeropuerto Castell\u00f3n","url":"https:\/\/aeroportcastello.com\/es\/","logo":{"@type":"ImageObject","inLanguage":"es","@id":"https:\/\/aeroportcastello.com\/es\/#\/schema\/logo\/image\/","url":"https:\/\/aeroportcastello.com\/wp-content\/uploads\/2021\/05\/logo_aeroport_castello-1.svg","contentUrl":"https:\/\/aeroportcastello.com\/wp-content\/uploads\/2021\/05\/logo_aeroport_castello-1.svg","width":482.8999999999999772626324556767940521240234375,"height":93.7000000000000028421709430404007434844970703125,"caption":"Aeropuerto Castell\u00f3n"},"image":{"@id":"https:\/\/aeroportcastello.com\/es\/#\/schema\/logo\/image\/"}}]}},"_links":{"self":[{"href":"https:\/\/aeroportcastello.com\/es\/wp-json\/wp\/v2\/pages\/1434"}],"collection":[{"href":"https:\/\/aeroportcastello.com\/es\/wp-json\/wp\/v2\/pages"}],"about":[{"href":"https:\/\/aeroportcastello.com\/es\/wp-json\/wp\/v2\/types\/page"}],"author":[{"embeddable":true,"href":"https:\/\/aeroportcastello.com\/es\/wp-json\/wp\/v2\/users\/1"}],"replies":[{"embeddable":true,"href":"https:\/\/aeroportcastello.com\/es\/wp-json\/wp\/v2\/comments?post=1434"}],"version-history":[{"count":28,"href":"https:\/\/aeroportcastello.com\/es\/wp-json\/wp\/v2\/pages\/1434\/revisions"}],"predecessor-version":[{"id":3644,"href":"https:\/\/aeroportcastello.com\/es\/wp-json\/wp\/v2\/pages\/1434\/revisions\/3644"}],"up":[{"embeddable":true,"href":"https:\/\/aeroportcastello.com\/es\/wp-json\/wp\/v2\/pages\/1429"}],"wp:attachment":[{"href":"https:\/\/aeroportcastello.com\/es\/wp-json\/wp\/v2\/media?parent=1434"}],"curies":[{"name":"wp","href":"https:\/\/api.w.org\/{rel}","templated":true}]}}