{"id":1390,"date":"2021-06-30T14:24:14","date_gmt":"2021-06-30T12:24:14","guid":{"rendered":"https:\/\/aeroportcastello.com\/?page_id=1390"},"modified":"2024-12-10T08:40:23","modified_gmt":"2024-12-10T07:40:23","slug":"zac","status":"publish","type":"page","link":"https:\/\/aeroportcastello.com\/es\/profesionales\/empresas-2\/zac\/","title":{"rendered":"Zona de Actividades Complementarias (ZAC)"},"content":{"rendered":"\t\t<div data-elementor-type=\"wp-page\" data-elementor-id=\"1390\" class=\"elementor elementor-1390\" data-elementor-post-type=\"page\">\n\t\t\t\t\t\t<section class=\"elementor-section elementor-top-section elementor-element elementor-element-2f02764 elementor-section-boxed elementor-section-height-default elementor-section-height-default\" data-id=\"2f02764\" data-element_type=\"section\" data-settings=\"{&quot;jet_parallax_layout_list&quot;:[]}\">\n\t\t\t\t\t\t<div class=\"elementor-container elementor-column-gap-default\">\n\t\t\t\t\t<div class=\"elementor-column elementor-col-50 elementor-top-column elementor-element elementor-element-9cbefbf\" data-id=\"9cbefbf\" data-element_type=\"column\" data-settings=\"{&quot;background_background&quot;:&quot;classic&quot;}\">\n\t\t\t<div class=\"elementor-widget-wrap elementor-element-populated\">\n\t\t\t\t\t\t<div class=\"elementor-element elementor-element-eebbbe6 elementor-widget elementor-widget-heading\" data-id=\"eebbbe6\" data-element_type=\"widget\" data-widget_type=\"heading.default\">\n\t\t\t\t<div class=\"elementor-widget-container\">\n\t\t\t<h3 class=\"elementor-heading-title elementor-size-default\">Polo empresarial<\/h3>\t\t<\/div>\n\t\t\t\t<\/div>\n\t\t\t\t<div class=\"elementor-element elementor-element-c3cd90b elementor-widget-divider--view-line elementor-widget elementor-widget-divider\" data-id=\"c3cd90b\" data-element_type=\"widget\" data-widget_type=\"divider.default\">\n\t\t\t\t<div class=\"elementor-widget-container\">\n\t\t\t\t\t<div class=\"elementor-divider\">\n\t\t\t<span class=\"elementor-divider-separator\">\n\t\t\t\t\t\t<\/span>\n\t\t<\/div>\n\t\t\t\t<\/div>\n\t\t\t\t<\/div>\n\t\t\t\t<div class=\"elementor-element elementor-element-2fedd5d elementor-widget elementor-widget-text-editor\" data-id=\"2fedd5d\" data-element_type=\"widget\" data-widget_type=\"text-editor.default\">\n\t\t\t\t<div class=\"elementor-widget-container\">\n\t\t\t\t\t\t\t<p>Es competencia de la sociedad p\u00fablica Aerocas el desarrollo de la denominada Zona de Actividades Complementarias (ZAC), que abarca una superficie de 208 hect\u00e1reas y donde est\u00e1 previsto el emplazamiento de empresas relacionadas con la aeron\u00e1utica y la log\u00edstica, adem\u00e1s de otro tipo de actividades industriales y econ\u00f3micas.<\/p><p>La ZAC est\u00e1 incluida en el Plan Director del aeropuerto, que define dos \u00e1mbitos de actuaci\u00f3n: la zona industrial, que abarca una superficie de 53,39 hect\u00e1reas; y la zona de reserva interior, con una superficie de 154,98 hect\u00e1reas.<\/p><p>Es objetivo estrat\u00e9gico de Aerocas promover en esta reserva de suelo un polo econ\u00f3mico vinculado al aeropuerto. El desarrollo de la ZAC se realizar\u00e1 por fases y en funci\u00f3n de la demanda empresarial.<\/p>\t\t\t\t\t\t<\/div>\n\t\t\t\t<\/div>\n\t\t\t\t\t<\/div>\n\t\t<\/div>\n\t\t\t\t<div class=\"elementor-column elementor-col-50 elementor-top-column elementor-element elementor-element-a699b3e\" data-id=\"a699b3e\" data-element_type=\"column\" data-settings=\"{&quot;background_background&quot;:&quot;classic&quot;}\">\n\t\t\t<div class=\"elementor-widget-wrap elementor-element-populated\">\n\t\t\t\t\t\t<div class=\"elementor-element elementor-element-3414108 elementor-widget elementor-widget-image\" data-id=\"3414108\" data-element_type=\"widget\" data-widget_type=\"image.default\">\n\t\t\t\t<div class=\"elementor-widget-container\">\n\t\t\t\t\t\t\t\t\t\t\t\t\t<img fetchpriority=\"high\" decoding=\"async\" width=\"1024\" height=\"431\" src=\"https:\/\/aeroportcastello.com\/wp-content\/uploads\/2021\/06\/zac.jpg\" class=\"attachment-large size-large wp-image-1392\" alt=\"\" srcset=\"https:\/\/aeroportcastello.com\/wp-content\/uploads\/2021\/06\/zac.jpg 1024w, https:\/\/aeroportcastello.com\/wp-content\/uploads\/2021\/06\/zac-300x126.jpg 300w, https:\/\/aeroportcastello.com\/wp-content\/uploads\/2021\/06\/zac-768x323.jpg 768w\" sizes=\"(max-width: 1024px) 100vw, 1024px\" \/>\t\t\t\t\t\t\t\t\t\t\t\t\t<\/div>\n\t\t\t\t<\/div>\n\t\t\t\t<div class=\"elementor-element elementor-element-95f2e65 elementor-widget elementor-widget-image\" data-id=\"95f2e65\" data-element_type=\"widget\" data-widget_type=\"image.default\">\n\t\t\t\t<div class=\"elementor-widget-container\">\n\t\t\t\t\t\t\t\t\t\t\t\t\t<img decoding=\"async\" width=\"1024\" height=\"659\" src=\"https:\/\/aeroportcastello.com\/wp-content\/uploads\/2021\/06\/zac.aeroportcastello.jpg\" class=\"attachment-large size-large wp-image-1394\" alt=\"\" srcset=\"https:\/\/aeroportcastello.com\/wp-content\/uploads\/2021\/06\/zac.aeroportcastello.jpg 1024w, https:\/\/aeroportcastello.com\/wp-content\/uploads\/2021\/06\/zac.aeroportcastello-300x193.jpg 300w, https:\/\/aeroportcastello.com\/wp-content\/uploads\/2021\/06\/zac.aeroportcastello-768x494.jpg 768w\" sizes=\"(max-width: 1024px) 100vw, 1024px\" \/>\t\t\t\t\t\t\t\t\t\t\t\t\t<\/div>\n\t\t\t\t<\/div>\n\t\t\t\t\t<\/div>\n\t\t<\/div>\n\t\t\t\t\t<\/div>\n\t\t<\/section>\n\t\t\t\t<section class=\"elementor-section elementor-top-section elementor-element elementor-element-ae02c20 elementor-section-boxed elementor-section-height-default elementor-section-height-default\" data-id=\"ae02c20\" data-element_type=\"section\" data-settings=\"{&quot;jet_parallax_layout_list&quot;:[]}\">\n\t\t\t\t\t\t<div class=\"elementor-container elementor-column-gap-default\">\n\t\t\t\t\t<div class=\"elementor-column elementor-col-100 elementor-top-column elementor-element elementor-element-25df9c4\" data-id=\"25df9c4\" data-element_type=\"column\">\n\t\t\t<div class=\"elementor-widget-wrap elementor-element-populated\">\n\t\t\t\t\t\t<div class=\"elementor-element elementor-element-a819501 elementor-widget elementor-widget-image\" data-id=\"a819501\" data-element_type=\"widget\" data-widget_type=\"image.default\">\n\t\t\t\t<div class=\"elementor-widget-container\">\n\t\t\t\t\t\t\t\t\t\t\t\t\t<img decoding=\"async\" width=\"1024\" height=\"727\" src=\"https:\/\/aeroportcastello.com\/wp-content\/uploads\/2021\/06\/zac.plano_-1024x727.jpg\" class=\"attachment-large size-large wp-image-1408\" alt=\"\" srcset=\"https:\/\/aeroportcastello.com\/wp-content\/uploads\/2021\/06\/zac.plano_-1024x727.jpg 1024w, https:\/\/aeroportcastello.com\/wp-content\/uploads\/2021\/06\/zac.plano_-300x213.jpg 300w, https:\/\/aeroportcastello.com\/wp-content\/uploads\/2021\/06\/zac.plano_-768x546.jpg 768w, https:\/\/aeroportcastello.com\/wp-content\/uploads\/2021\/06\/zac.plano_-1536x1091.jpg 1536w, https:\/\/aeroportcastello.com\/wp-content\/uploads\/2021\/06\/zac.plano_-2048x1455.jpg 2048w\" sizes=\"(max-width: 1024px) 100vw, 1024px\" \/>\t\t\t\t\t\t\t\t\t\t\t\t\t<\/div>\n\t\t\t\t<\/div>\n\t\t\t\t\t<\/div>\n\t\t<\/div>\n\t\t\t\t\t<\/div>\n\t\t<\/section>\n\t\t\t\t<section class=\"elementor-section elementor-top-section elementor-element elementor-element-3439248 elementor-section-boxed elementor-section-height-default elementor-section-height-default\" data-id=\"3439248\" data-element_type=\"section\" data-settings=\"{&quot;jet_parallax_layout_list&quot;:[]}\">\n\t\t\t\t\t\t<div class=\"elementor-container elementor-column-gap-default\">\n\t\t\t\t\t<div class=\"elementor-column elementor-col-100 elementor-top-column elementor-element elementor-element-b91d71f\" data-id=\"b91d71f\" data-element_type=\"column\">\n\t\t\t<div class=\"elementor-widget-wrap elementor-element-populated\">\n\t\t\t\t\t\t<div class=\"elementor-element elementor-element-c82bdc8 elementor-widget elementor-widget-spacer\" data-id=\"c82bdc8\" data-element_type=\"widget\" data-widget_type=\"spacer.default\">\n\t\t\t\t<div class=\"elementor-widget-container\">\n\t\t\t\t\t<div class=\"elementor-spacer\">\n\t\t\t<div class=\"elementor-spacer-inner\"><\/div>\n\t\t<\/div>\n\t\t\t\t<\/div>\n\t\t\t\t<\/div>\n\t\t\t\t\t<\/div>\n\t\t<\/div>\n\t\t\t\t\t<\/div>\n\t\t<\/section>\n\t\t\t\t<\/div>\n\t\t","protected":false},"excerpt":{"rendered":"<p>Polo empresarial Es competencia de la sociedad p\u00fablica Aerocas el desarrollo de la denominada Zona de Actividades Complementarias (ZAC), que abarca una superficie de 208 hect\u00e1reas y donde est\u00e1 previsto el emplazamiento de empresas relacionadas con la aeron\u00e1utica y la log\u00edstica, adem\u00e1s de otro tipo de actividades industriales y econ\u00f3micas. La ZAC est\u00e1 incluida en &#8230; <\/p>\n<p class=\"read-more-container\"><a title=\"Zona de Actividades Complementarias (ZAC)\" class=\"read-more button\" href=\"https:\/\/aeroportcastello.com\/es\/profesionales\/empresas-2\/zac\/#more-1390\" aria-label=\"Leer m\u00e1s sobre Zona de Actividades Complementarias (ZAC)\">Leer m\u00e1s<\/a><\/p>\n","protected":false},"author":1,"featured_media":0,"parent":10761,"menu_order":0,"comment_status":"closed","ping_status":"open","template":"elementor_header_footer","meta":{"footnotes":""},"yoast_head":"<!-- This site is optimized with the Yoast SEO plugin v22.0 - https:\/\/yoast.com\/wordpress\/plugins\/seo\/ -->\n<title>Zona de Actividades Complementarias (ZAC) - Aeropuerto Castell\u00f3n<\/title>\n<meta name=\"robots\" content=\"index, follow, max-snippet:-1, max-image-preview:large, max-video-preview:-1\" \/>\n<link rel=\"canonical\" href=\"https:\/\/aeroportcastello.com\/es\/profesionales\/empresas-2\/zac\/\" \/>\n<meta property=\"og:locale\" content=\"es_ES\" \/>\n<meta property=\"og:type\" content=\"article\" \/>\n<meta property=\"og:title\" content=\"Zona de Actividades Complementarias (ZAC) - Aeropuerto Castell\u00f3n\" \/>\n<meta property=\"og:description\" content=\"Polo empresarial Es competencia de la sociedad p\u00fablica Aerocas el desarrollo de la denominada Zona de Actividades Complementarias (ZAC), que abarca una superficie de 208 hect\u00e1reas y donde est\u00e1 previsto el emplazamiento de empresas relacionadas con la aeron\u00e1utica y la log\u00edstica, adem\u00e1s de otro tipo de actividades industriales y econ\u00f3micas. La ZAC est\u00e1 incluida en ... Leer m\u00e1s\" \/>\n<meta property=\"og:url\" content=\"https:\/\/aeroportcastello.com\/es\/profesionales\/empresas-2\/zac\/\" \/>\n<meta property=\"og:site_name\" content=\"Aeropuerto Castell\u00f3n\" \/>\n<meta property=\"article:modified_time\" content=\"2024-12-10T07:40:23+00:00\" \/>\n<meta property=\"og:image\" content=\"https:\/\/aeroportcastello.com\/wp-content\/uploads\/2021\/06\/zac.jpg\" \/>\n<meta name=\"twitter:card\" content=\"summary_large_image\" \/>\n<meta name=\"twitter:label1\" content=\"Tiempo de lectura\" \/>\n\t<meta name=\"twitter:data1\" content=\"2 minutos\" \/>\n<script type=\"application\/ld+json\" class=\"yoast-schema-graph\">{\"@context\":\"https:\/\/schema.org\",\"@graph\":[{\"@type\":\"WebPage\",\"@id\":\"https:\/\/aeroportcastello.com\/es\/profesionales\/empresas-2\/zac\/\",\"url\":\"https:\/\/aeroportcastello.com\/es\/profesionales\/empresas-2\/zac\/\",\"name\":\"Zona de Actividades Complementarias (ZAC) - Aeropuerto Castell\u00f3n\",\"isPartOf\":{\"@id\":\"https:\/\/aeroportcastello.com\/es\/#website\"},\"datePublished\":\"2021-06-30T12:24:14+00:00\",\"dateModified\":\"2024-12-10T07:40:23+00:00\",\"breadcrumb\":{\"@id\":\"https:\/\/aeroportcastello.com\/es\/profesionales\/empresas-2\/zac\/#breadcrumb\"},\"inLanguage\":\"es\",\"potentialAction\":[{\"@type\":\"ReadAction\",\"target\":[\"https:\/\/aeroportcastello.com\/es\/profesionales\/empresas-2\/zac\/\"]}]},{\"@type\":\"BreadcrumbList\",\"@id\":\"https:\/\/aeroportcastello.com\/es\/profesionales\/empresas-2\/zac\/#breadcrumb\",\"itemListElement\":[{\"@type\":\"ListItem\",\"position\":1,\"name\":\"Pasajeros\",\"item\":\"https:\/\/aeroportcastello.com\/es\/\"},{\"@type\":\"ListItem\",\"position\":2,\"name\":\"Profesionales\",\"item\":\"https:\/\/aeroportcastello.com\/es\/profesionales\/\"},{\"@type\":\"ListItem\",\"position\":3,\"name\":\"Empresas\",\"item\":\"https:\/\/aeroportcastello.com\/es\/profesionales\/empresas-2\/\"},{\"@type\":\"ListItem\",\"position\":4,\"name\":\"Zona de Actividades Complementarias (ZAC)\"}]},{\"@type\":\"WebSite\",\"@id\":\"https:\/\/aeroportcastello.com\/es\/#website\",\"url\":\"https:\/\/aeroportcastello.com\/es\/\",\"name\":\"Aeropuerto Castell\u00f3n\",\"description\":\"Aeropuerto Castell\u00f3n\",\"publisher\":{\"@id\":\"https:\/\/aeroportcastello.com\/es\/#organization\"},\"potentialAction\":[{\"@type\":\"SearchAction\",\"target\":{\"@type\":\"EntryPoint\",\"urlTemplate\":\"https:\/\/aeroportcastello.com\/es\/?s={search_term_string}\"},\"query-input\":\"required name=search_term_string\"}],\"inLanguage\":\"es\"},{\"@type\":\"Organization\",\"@id\":\"https:\/\/aeroportcastello.com\/es\/#organization\",\"name\":\"Aeropuerto Castell\u00f3n\",\"url\":\"https:\/\/aeroportcastello.com\/es\/\",\"logo\":{\"@type\":\"ImageObject\",\"inLanguage\":\"es\",\"@id\":\"https:\/\/aeroportcastello.com\/es\/#\/schema\/logo\/image\/\",\"url\":\"https:\/\/aeroportcastello.com\/wp-content\/uploads\/2021\/05\/logo_aeroport_castello-1.svg\",\"contentUrl\":\"https:\/\/aeroportcastello.com\/wp-content\/uploads\/2021\/05\/logo_aeroport_castello-1.svg\",\"width\":482.8999999999999772626324556767940521240234375,\"height\":93.7000000000000028421709430404007434844970703125,\"caption\":\"Aeropuerto Castell\u00f3n\"},\"image\":{\"@id\":\"https:\/\/aeroportcastello.com\/es\/#\/schema\/logo\/image\/\"}}]}<\/script>\n<!-- \/ Yoast SEO plugin. -->","yoast_head_json":{"title":"Zona de Actividades Complementarias (ZAC) - Aeropuerto Castell\u00f3n","robots":{"index":"index","follow":"follow","max-snippet":"max-snippet:-1","max-image-preview":"max-image-preview:large","max-video-preview":"max-video-preview:-1"},"canonical":"https:\/\/aeroportcastello.com\/es\/profesionales\/empresas-2\/zac\/","og_locale":"es_ES","og_type":"article","og_title":"Zona de Actividades Complementarias (ZAC) - Aeropuerto Castell\u00f3n","og_description":"Polo empresarial Es competencia de la sociedad p\u00fablica Aerocas el desarrollo de la denominada Zona de Actividades Complementarias (ZAC), que abarca una superficie de 208 hect\u00e1reas y donde est\u00e1 previsto el emplazamiento de empresas relacionadas con la aeron\u00e1utica y la log\u00edstica, adem\u00e1s de otro tipo de actividades industriales y econ\u00f3micas. La ZAC est\u00e1 incluida en ... Leer m\u00e1s","og_url":"https:\/\/aeroportcastello.com\/es\/profesionales\/empresas-2\/zac\/","og_site_name":"Aeropuerto Castell\u00f3n","article_modified_time":"2024-12-10T07:40:23+00:00","og_image":[{"url":"https:\/\/aeroportcastello.com\/wp-content\/uploads\/2021\/06\/zac.jpg"}],"twitter_card":"summary_large_image","twitter_misc":{"Tiempo de lectura":"2 minutos"},"schema":{"@context":"https:\/\/schema.org","@graph":[{"@type":"WebPage","@id":"https:\/\/aeroportcastello.com\/es\/profesionales\/empresas-2\/zac\/","url":"https:\/\/aeroportcastello.com\/es\/profesionales\/empresas-2\/zac\/","name":"Zona de Actividades Complementarias (ZAC) - Aeropuerto Castell\u00f3n","isPartOf":{"@id":"https:\/\/aeroportcastello.com\/es\/#website"},"datePublished":"2021-06-30T12:24:14+00:00","dateModified":"2024-12-10T07:40:23+00:00","breadcrumb":{"@id":"https:\/\/aeroportcastello.com\/es\/profesionales\/empresas-2\/zac\/#breadcrumb"},"inLanguage":"es","potentialAction":[{"@type":"ReadAction","target":["https:\/\/aeroportcastello.com\/es\/profesionales\/empresas-2\/zac\/"]}]},{"@type":"BreadcrumbList","@id":"https:\/\/aeroportcastello.com\/es\/profesionales\/empresas-2\/zac\/#breadcrumb","itemListElement":[{"@type":"ListItem","position":1,"name":"Pasajeros","item":"https:\/\/aeroportcastello.com\/es\/"},{"@type":"ListItem","position":2,"name":"Profesionales","item":"https:\/\/aeroportcastello.com\/es\/profesionales\/"},{"@type":"ListItem","position":3,"name":"Empresas","item":"https:\/\/aeroportcastello.com\/es\/profesionales\/empresas-2\/"},{"@type":"ListItem","position":4,"name":"Zona de Actividades Complementarias (ZAC)"}]},{"@type":"WebSite","@id":"https:\/\/aeroportcastello.com\/es\/#website","url":"https:\/\/aeroportcastello.com\/es\/","name":"Aeropuerto Castell\u00f3n","description":"Aeropuerto Castell\u00f3n","publisher":{"@id":"https:\/\/aeroportcastello.com\/es\/#organization"},"potentialAction":[{"@type":"SearchAction","target":{"@type":"EntryPoint","urlTemplate":"https:\/\/aeroportcastello.com\/es\/?s={search_term_string}"},"query-input":"required name=search_term_string"}],"inLanguage":"es"},{"@type":"Organization","@id":"https:\/\/aeroportcastello.com\/es\/#organization","name":"Aeropuerto Castell\u00f3n","url":"https:\/\/aeroportcastello.com\/es\/","logo":{"@type":"ImageObject","inLanguage":"es","@id":"https:\/\/aeroportcastello.com\/es\/#\/schema\/logo\/image\/","url":"https:\/\/aeroportcastello.com\/wp-content\/uploads\/2021\/05\/logo_aeroport_castello-1.svg","contentUrl":"https:\/\/aeroportcastello.com\/wp-content\/uploads\/2021\/05\/logo_aeroport_castello-1.svg","width":482.8999999999999772626324556767940521240234375,"height":93.7000000000000028421709430404007434844970703125,"caption":"Aeropuerto Castell\u00f3n"},"image":{"@id":"https:\/\/aeroportcastello.com\/es\/#\/schema\/logo\/image\/"}}]}},"_links":{"self":[{"href":"https:\/\/aeroportcastello.com\/es\/wp-json\/wp\/v2\/pages\/1390"}],"collection":[{"href":"https:\/\/aeroportcastello.com\/es\/wp-json\/wp\/v2\/pages"}],"about":[{"href":"https:\/\/aeroportcastello.com\/es\/wp-json\/wp\/v2\/types\/page"}],"author":[{"embeddable":true,"href":"https:\/\/aeroportcastello.com\/es\/wp-json\/wp\/v2\/users\/1"}],"replies":[{"embeddable":true,"href":"https:\/\/aeroportcastello.com\/es\/wp-json\/wp\/v2\/comments?post=1390"}],"version-history":[{"count":15,"href":"https:\/\/aeroportcastello.com\/es\/wp-json\/wp\/v2\/pages\/1390\/revisions"}],"predecessor-version":[{"id":10719,"href":"https:\/\/aeroportcastello.com\/es\/wp-json\/wp\/v2\/pages\/1390\/revisions\/10719"}],"up":[{"embeddable":true,"href":"https:\/\/aeroportcastello.com\/es\/wp-json\/wp\/v2\/pages\/10761"}],"wp:attachment":[{"href":"https:\/\/aeroportcastello.com\/es\/wp-json\/wp\/v2\/media?parent=1390"}],"curies":[{"name":"wp","href":"https:\/\/api.w.org\/{rel}","templated":true}]}}