{"id":1323,"date":"2021-06-30T11:43:42","date_gmt":"2021-06-30T09:43:42","guid":{"rendered":"https:\/\/aeroportcastello.com\/?page_id=1323"},"modified":"2025-11-12T13:03:13","modified_gmt":"2025-11-12T12:03:13","slug":"rutas","status":"publish","type":"page","link":"https:\/\/aeroportcastello.com\/es\/vuelos-y-destinos\/rutas\/","title":{"rendered":"Rutas"},"content":{"rendered":"\t\t<div data-elementor-type=\"wp-page\" data-elementor-id=\"1323\" class=\"elementor elementor-1323\" data-elementor-post-type=\"page\">\n\t\t\t\t\t\t<section class=\"elementor-section elementor-top-section elementor-element elementor-element-f195224 elementor-section-boxed elementor-section-height-default elementor-section-height-default\" data-id=\"f195224\" data-element_type=\"section\" data-settings=\"{&quot;jet_parallax_layout_list&quot;:[]}\">\n\t\t\t\t\t\t<div class=\"elementor-container elementor-column-gap-default\">\n\t\t\t\t\t<div class=\"elementor-column elementor-col-100 elementor-top-column elementor-element elementor-element-91fde30\" data-id=\"91fde30\" data-element_type=\"column\" data-settings=\"{&quot;background_background&quot;:&quot;classic&quot;}\">\n\t\t\t<div class=\"elementor-widget-wrap elementor-element-populated\">\n\t\t\t\t\t\t<div class=\"elementor-element elementor-element-ccb9fac elementor-widget elementor-widget-image\" data-id=\"ccb9fac\" data-element_type=\"widget\" data-widget_type=\"image.default\">\n\t\t\t\t<div class=\"elementor-widget-container\">\n\t\t\t\t\t\t\t\t\t\t\t\t\t<img fetchpriority=\"high\" decoding=\"async\" width=\"2048\" height=\"1183\" src=\"https:\/\/aeroportcastello.com\/wp-content\/uploads\/2025\/11\/ES.png\" class=\"attachment-full size-full wp-image-14116\" alt=\"\" srcset=\"https:\/\/aeroportcastello.com\/wp-content\/uploads\/2025\/11\/ES.png 2048w, https:\/\/aeroportcastello.com\/wp-content\/uploads\/2025\/11\/ES-300x173.png 300w, https:\/\/aeroportcastello.com\/wp-content\/uploads\/2025\/11\/ES-1024x592.png 1024w, https:\/\/aeroportcastello.com\/wp-content\/uploads\/2025\/11\/ES-768x444.png 768w, https:\/\/aeroportcastello.com\/wp-content\/uploads\/2025\/11\/ES-1536x887.png 1536w\" sizes=\"(max-width: 2048px) 100vw, 2048px\" \/>\t\t\t\t\t\t\t\t\t\t\t\t\t<\/div>\n\t\t\t\t<\/div>\n\t\t\t\t\t<\/div>\n\t\t<\/div>\n\t\t\t\t\t<\/div>\n\t\t<\/section>\n\t\t\t\t<section class=\"elementor-section elementor-top-section elementor-element elementor-element-03103b2 elementor-section-boxed elementor-section-height-default elementor-section-height-default\" data-id=\"03103b2\" data-element_type=\"section\" data-settings=\"{&quot;jet_parallax_layout_list&quot;:[]}\">\n\t\t\t\t\t\t<div class=\"elementor-container elementor-column-gap-default\">\n\t\t\t\t\t<div class=\"elementor-column elementor-col-100 elementor-top-column elementor-element elementor-element-62eb16c\" data-id=\"62eb16c\" data-element_type=\"column\">\n\t\t\t<div class=\"elementor-widget-wrap elementor-element-populated\">\n\t\t\t\t\t\t<div class=\"elementor-element elementor-element-0e6998d elementor-widget elementor-widget-spacer\" data-id=\"0e6998d\" data-element_type=\"widget\" data-widget_type=\"spacer.default\">\n\t\t\t\t<div class=\"elementor-widget-container\">\n\t\t\t\t\t<div class=\"elementor-spacer\">\n\t\t\t<div class=\"elementor-spacer-inner\"><\/div>\n\t\t<\/div>\n\t\t\t\t<\/div>\n\t\t\t\t<\/div>\n\t\t\t\t\t<\/div>\n\t\t<\/div>\n\t\t\t\t\t<\/div>\n\t\t<\/section>\n\t\t\t\t<section class=\"elementor-section elementor-top-section elementor-element elementor-element-c1ff11a elementor-section-boxed elementor-section-height-default elementor-section-height-default\" data-id=\"c1ff11a\" data-element_type=\"section\" data-settings=\"{&quot;jet_parallax_layout_list&quot;:[]}\">\n\t\t\t\t\t\t<div class=\"elementor-container elementor-column-gap-default\">\n\t\t\t\t\t<div class=\"elementor-column elementor-col-25 elementor-top-column elementor-element elementor-element-c3fc26a\" data-id=\"c3fc26a\" data-element_type=\"column\">\n\t\t\t<div class=\"elementor-widget-wrap elementor-element-populated\">\n\t\t\t\t\t\t<div class=\"elementor-element elementor-element-085b862 elementor-position-top elementor-widget elementor-widget-image-box\" data-id=\"085b862\" data-element_type=\"widget\" data-widget_type=\"image-box.default\">\n\t\t\t\t<div class=\"elementor-widget-container\">\n\t\t\t<div class=\"elementor-image-box-wrapper\"><figure class=\"elementor-image-box-img\"><a href=\"http:\/\/ryanair.com\" target=\"_blank\" tabindex=\"-1\"><img decoding=\"async\" width=\"372\" height=\"65\" src=\"https:\/\/aeroportcastello.com\/wp-content\/uploads\/2024\/10\/ryanair.png\" class=\"attachment-full size-full wp-image-10018\" alt=\"\" srcset=\"https:\/\/aeroportcastello.com\/wp-content\/uploads\/2024\/10\/ryanair.png 372w, https:\/\/aeroportcastello.com\/wp-content\/uploads\/2024\/10\/ryanair-300x52.png 300w\" sizes=\"(max-width: 372px) 100vw, 372px\" \/><\/a><\/figure><div class=\"elementor-image-box-content\"><p class=\"elementor-image-box-description\">Berl\u00edn <br>\nBruselas <br>\nBudapest <br>\nCracovia <br>\nD\u00fcsseldorf <br>\nLondres <br>\nMil\u00e1n <br>\nOporto <br>\nManchester <br>\nBolonia <br>\n<br>\n<a href=\"https:\/\/www.ryanair.com\" target=\"_blank\" style=\"color:#0998C0;\">ryanair.com<\/a>\n<\/p><\/div><\/div>\t\t<\/div>\n\t\t\t\t<\/div>\n\t\t\t\t\t<\/div>\n\t\t<\/div>\n\t\t\t\t<div class=\"elementor-column elementor-col-25 elementor-top-column elementor-element elementor-element-5dfa92d\" data-id=\"5dfa92d\" data-element_type=\"column\">\n\t\t\t<div class=\"elementor-widget-wrap elementor-element-populated\">\n\t\t\t\t\t\t<div class=\"elementor-element elementor-element-276257b elementor-position-top elementor-widget elementor-widget-image-box\" data-id=\"276257b\" data-element_type=\"widget\" data-widget_type=\"image-box.default\">\n\t\t\t\t<div class=\"elementor-widget-container\">\n\t\t\t<div class=\"elementor-image-box-wrapper\"><figure class=\"elementor-image-box-img\"><a href=\"http:\/\/wizzair.com\" target=\"_blank\" tabindex=\"-1\"><img decoding=\"async\" width=\"226\" height=\"96\" src=\"https:\/\/aeroportcastello.com\/wp-content\/uploads\/2024\/10\/wizz.png\" class=\"attachment-full size-full wp-image-10024\" alt=\"\" \/><\/a><\/figure><div class=\"elementor-image-box-content\"><p class=\"elementor-image-box-description\">Bucarest <br>\nCluj-Napoca <br>\n<br><br><br><br><br><br>\n<br>\n<a href=\"https:\/\/wizzair.com\" target=\"_blank\" style=\"color:#0998C0;\">wizzair.com<\/a>\n<\/p><\/div><\/div>\t\t<\/div>\n\t\t\t\t<\/div>\n\t\t\t\t\t<\/div>\n\t\t<\/div>\n\t\t\t\t<div class=\"elementor-column elementor-col-25 elementor-top-column elementor-element elementor-element-95872d6\" data-id=\"95872d6\" data-element_type=\"column\">\n\t\t\t<div class=\"elementor-widget-wrap elementor-element-populated\">\n\t\t\t\t\t\t<div class=\"elementor-element elementor-element-b0d01cd elementor-position-top elementor-widget elementor-widget-image-box\" data-id=\"b0d01cd\" data-element_type=\"widget\" data-widget_type=\"image-box.default\">\n\t\t\t\t<div class=\"elementor-widget-container\">\n\t\t\t<div class=\"elementor-image-box-wrapper\"><figure class=\"elementor-image-box-img\"><a href=\"http:\/\/iberia.com\" target=\"_blank\" tabindex=\"-1\"><img loading=\"lazy\" decoding=\"async\" width=\"486\" height=\"76\" src=\"https:\/\/aeroportcastello.com\/wp-content\/uploads\/2024\/12\/IBERIA_REGIONAL_AIRNOSTRUM_.svg\" class=\"attachment-full size-full wp-image-10591\" alt=\"\" \/><\/a><\/figure><div class=\"elementor-image-box-content\"><p class=\"elementor-image-box-description\">\n<br>\nMadrid <br>Palma de Mallorca <br><br><br><br><br>\n<br><br>\n\n<br>\n<a href=\"https:\/\/www.iberia.com\" target=\"_blank\" style=\"color:#0998C0;\">iberia.com<\/a>\n<\/p><\/div><\/div>\t\t<\/div>\n\t\t\t\t<\/div>\n\t\t\t\t\t<\/div>\n\t\t<\/div>\n\t\t\t\t<div class=\"elementor-column elementor-col-25 elementor-top-column elementor-element elementor-element-ae2f0cb\" data-id=\"ae2f0cb\" data-element_type=\"column\">\n\t\t\t<div class=\"elementor-widget-wrap elementor-element-populated\">\n\t\t\t\t\t\t<div class=\"elementor-element elementor-element-7e223f9 elementor-position-top elementor-widget elementor-widget-image-box\" data-id=\"7e223f9\" data-element_type=\"widget\" data-widget_type=\"image-box.default\">\n\t\t\t\t<div class=\"elementor-widget-container\">\n\t\t\t<div class=\"elementor-image-box-wrapper\"><figure class=\"elementor-image-box-img\"><a href=\"http:\/\/volotea.com\" target=\"_blank\" tabindex=\"-1\"><img loading=\"lazy\" decoding=\"async\" width=\"308\" height=\"111\" src=\"https:\/\/aeroportcastello.com\/wp-content\/uploads\/2024\/05\/logo_volotea-1-1.png\" class=\"attachment-full size-full wp-image-9483\" alt=\"\" srcset=\"https:\/\/aeroportcastello.com\/wp-content\/uploads\/2024\/05\/logo_volotea-1-1.png 308w, https:\/\/aeroportcastello.com\/wp-content\/uploads\/2024\/05\/logo_volotea-1-1-300x108.png 300w\" sizes=\"(max-width: 308px) 100vw, 308px\" \/><\/a><\/figure><div class=\"elementor-image-box-content\"><p class=\"elementor-image-box-description\">Asturias <br>\nBilbao <br>\n<br><br><br><br>\n\n<br><br><br>\n<a href=\"https:\/\/www.volotea.com\" target=\"_blank\" style=\"color:#0998C0;\">volotea.com<\/a>\n<\/p><\/div><\/div>\t\t<\/div>\n\t\t\t\t<\/div>\n\t\t\t\t\t<\/div>\n\t\t<\/div>\n\t\t\t\t\t<\/div>\n\t\t<\/section>\n\t\t\t\t<section class=\"elementor-section elementor-top-section elementor-element elementor-element-90672f0 elementor-section-boxed elementor-section-height-default elementor-section-height-default\" data-id=\"90672f0\" data-element_type=\"section\" data-settings=\"{&quot;jet_parallax_layout_list&quot;:[]}\">\n\t\t\t\t\t\t<div class=\"elementor-container elementor-column-gap-default\">\n\t\t\t\t\t<div class=\"elementor-column elementor-col-100 elementor-top-column elementor-element elementor-element-2b258b7\" data-id=\"2b258b7\" data-element_type=\"column\">\n\t\t\t<div class=\"elementor-widget-wrap elementor-element-populated\">\n\t\t\t\t\t\t<div class=\"elementor-element elementor-element-fd833c8 elementor-widget elementor-widget-spacer\" data-id=\"fd833c8\" data-element_type=\"widget\" data-widget_type=\"spacer.default\">\n\t\t\t\t<div class=\"elementor-widget-container\">\n\t\t\t\t\t<div class=\"elementor-spacer\">\n\t\t\t<div class=\"elementor-spacer-inner\"><\/div>\n\t\t<\/div>\n\t\t\t\t<\/div>\n\t\t\t\t<\/div>\n\t\t\t\t\t<\/div>\n\t\t<\/div>\n\t\t\t\t\t<\/div>\n\t\t<\/section>\n\t\t\t\t<section class=\"elementor-section elementor-top-section elementor-element elementor-element-e181788 elementor-section-boxed elementor-section-height-default elementor-section-height-default\" data-id=\"e181788\" data-element_type=\"section\" data-settings=\"{&quot;jet_parallax_layout_list&quot;:[]}\">\n\t\t\t\t\t\t<div class=\"elementor-container elementor-column-gap-default\">\n\t\t\t\t\t<div class=\"elementor-column elementor-col-100 elementor-top-column elementor-element elementor-element-75bbdc9\" data-id=\"75bbdc9\" data-element_type=\"column\">\n\t\t\t<div class=\"elementor-widget-wrap\">\n\t\t\t\t\t\t\t<\/div>\n\t\t<\/div>\n\t\t\t\t\t<\/div>\n\t\t<\/section>\n\t\t\t\t<section class=\"elementor-section elementor-top-section elementor-element elementor-element-5deb6a0 elementor-section-boxed elementor-section-height-default elementor-section-height-default\" data-id=\"5deb6a0\" data-element_type=\"section\" data-settings=\"{&quot;jet_parallax_layout_list&quot;:[]}\">\n\t\t\t\t\t\t<div class=\"elementor-container elementor-column-gap-default\">\n\t\t\t\t\t<div class=\"elementor-column elementor-col-100 elementor-top-column elementor-element elementor-element-b22bf77\" data-id=\"b22bf77\" data-element_type=\"column\">\n\t\t\t<div class=\"elementor-widget-wrap elementor-element-populated\">\n\t\t\t\t\t\t<div class=\"elementor-element elementor-element-24f5c16 elementor-widget elementor-widget-text-editor\" data-id=\"24f5c16\" data-element_type=\"widget\" data-widget_type=\"text-editor.default\">\n\t\t\t\t<div class=\"elementor-widget-container\">\n\t\t\t\t\t\t\t<table class=\"table tabla-vuelos\">\n<thead class=\"thead-dark\">\n<tr>\n<th style=\"background: #0D6780; color: #fff;\" scope=\"col\">Destino<\/th>\n<th style=\"background: #0D6780; color: #fff;\" scope=\"col\">Aerol\u00ednea<\/th>\n<th style=\"background: #0D6780; color: #fff;\" scope=\"col\">Per\u00edodo de operaciones<\/th>\n<th style=\"background: #0D6780; color: #fff;\" scope=\"col\">Informaci\u00f3n<\/th>\n<\/tr>\n<\/thead>\n<tbody>\n<tr>\n<td style=\"background: #F2F7F8;\" scope=\"row\">Asturias (OVD)<\/td>\n<td style=\"background: #F2F7F8;\">Volotea<\/td>\n<td style=\"background: #F2F7F8;\">Temporada de verano<\/td>\n<td style=\"background: #F2F7F8;\"><a href=\"https:\/\/www.volotea.com\" target=\"_blank\" rel=\"noopener\">www.volotea.com<\/a><\/td>\n<\/tr>\n<tr>\n<td scope=\"row\">Berlin (BER)<\/td>\n<td>Ryanair<\/td>\n<td>Temporada de verano<\/td>\n<td><a href=\"https:\/\/www.ryanair.com\" target=\"_blank\" rel=\"noopener\">www.ryanair.com<\/a><\/td>\n<\/tr>\n<tr>\n<td style=\"background: #F2F7F8;\" scope=\"row\">Bilbao (BIO)<\/td>\n<td style=\"background: #F2F7F8;\">Volotea<\/td>\n<td style=\"background: #F2F7F8;\">Temporada de verano<\/td>\n<td style=\"background: #F2F7F8;\"><a href=\"https:\/\/www.volotea.com\" target=\"_blank\" rel=\"noopener\">www.volotea.com<\/a><\/td>\n<\/tr>\n<tr>\n<td scope=\"row\">Bruselas (CRL)<\/td>\n<td>Ryanair<\/td>\n<td>Ruta anual<\/td>\n<td><a href=\"https:\/\/www.ryanair.com\" target=\"_blank\" rel=\"noopener\">www.ryanair.com<\/a><\/td>\n<\/tr>\n<tr>\n<td style=\"background: #F2F7F8;\" scope=\"row\">Bucarest (OTP)<\/td>\n<td style=\"background: #F2F7F8;\">Wizz Air<\/td>\n<td style=\"background: #F2F7F8;\">Ruta anual<\/td>\n<td style=\"background: #F2F7F8;\"><a href=\"https:\/\/www.wizzair.com\" target=\"_blank\" rel=\"noopener\">www.wizzair.com<\/a><\/td>\n<\/tr>\n<tr>\n<td scope=\"row\">Budapest (BUD)<\/td>\n<td>Ryanair<\/td>\n<td>Temporada de verano<\/td>\n<td><a href=\"https:\/\/www.ryanair.com\" target=\"_blank\" rel=\"noopener\">www.ryanair.com<\/a><\/td>\n<\/tr>\n<tr>\n<td style=\"background: #F2F7F8;\" scope=\"row\">Cluj-Napoca (CLJ)<\/td>\n<td style=\"background: #F2F7F8;\">Wizz Air<\/td>\n<td style=\"background: #F2F7F8;\">Ruta anual<\/td>\n<td style=\"background: #F2F7F8;\"><a href=\"https:\/\/www.wizzair.com\" target=\"_blank\" rel=\"noopener\">www.wizzair.com<\/a><\/td>\n<\/tr>\n<tr>\n<td scope=\"row\">Cracovia (KRK)<\/td>\n<td>Ryanair<\/td>\n<td>Temporada de verano<\/td>\n<td><a href=\"https:\/\/www.ryanair.com\" target=\"_blank\" rel=\"noopener\">www.ryanair.com<\/a><\/td>\n<\/tr>\n<tr>\n<td style=\"background: #F2F7F8;\" scope=\"row\">D\u00fcsseldorf Weeze (NRN)<\/td>\n<td style=\"background: #F2F7F8;\">Ryanair<\/td>\n<td style=\"background: #F2F7F8;\">Temporada de verano<\/td>\n<td style=\"background: #F2F7F8;\"><a href=\"https:\/\/www.ryanair.com\" target=\"_blank\" rel=\"noopener\">www.ryanair.com<\/a><\/td>\n<\/tr>\n<tr>\n<td scope=\"row\">Londres (STN)<\/td>\n<td>Ryanair<\/td>\n<td>Ruta anual<\/td>\n<td><a href=\"https:\/\/www.ryanair.com\" target=\"_blank\" rel=\"noopener\">www.ryanair.com<\/a><\/td>\n<\/tr>\n<tr>\n<td style=\"background: #F2F7F8;\" scope=\"row\">Madrid (MAD)<\/td>\n<td style=\"background: #F2F7F8;\">AirNostrum-Iberia<\/td>\n<td style=\"background: #F2F7F8;\">Ruta anual<\/td>\n<td style=\"background: #F2F7F8;\"><a href=\"https:\/\/www.iberia.com\/\" target=\"_blank\" rel=\"noopener\">www.iberia.com<\/a><\/td>\n<\/tr>\n<tr>\n<td scope=\"row\">Mil\u00e1n (BGY)<\/td>\n<td>Ryanair<\/td>\n<td>Temporada de verano<\/td>\n<td><a href=\"https:\/\/www.ryanair.com\" target=\"_blank\" rel=\"noopener\">www.ryanair.com<\/a><\/td>\n<\/tr>\n<tr>\n<td style=\"background: #F2F7F8;\" scope=\"row\">Oporto (OPO)<\/td>\n<td style=\"background: #F2F7F8;\">Ryanair<\/td>\n<td style=\"background: #F2F7F8;\">Temporada de verano<\/td>\n<td style=\"background: #F2F7F8;\"><a href=\"https:\/\/www.ryanair.com\" target=\"_blank\" rel=\"noopener\">www.ryanair.com<\/a><\/td>\n<\/tr>\n<tr>\n<td scope=\"row\">Palma de Mallorca (PMI)<\/td>\n<td>AirNostrum-Iberia<\/td>\n<td>Temporada de verano<\/td>\n<td><a href=\"https:\/\/www.iberia.com\/\"> www.iberia.com<\/a><\/td>\n<\/tr>\n<tr>\n<td scope=\"row\">Manchester (MAN)<\/td>\n<td>Ryanair<\/td>\n<td>Temporada de verano<\/td>\n<td><a href=\"https:\/\/www.ryanair.com\"> www.ryanair.com<\/a><\/td>\n<\/tr>\n<tr>\n<td scope=\"row\">Bolonia (BLQ)<\/td>\n<td>Ryanair<\/td>\n<td>Temporada de verano<\/td>\n<td><a href=\"https:\/\/www.ryanair.com\"> www.ryanair.com<\/a><\/td>\n<\/tr>\n<\/tbody>\n<\/table>\t\t\t\t\t\t<\/div>\n\t\t\t\t<\/div>\n\t\t\t\t<div class=\"elementor-element elementor-element-7bf87f2 elementor-widget elementor-widget-spacer\" data-id=\"7bf87f2\" data-element_type=\"widget\" data-widget_type=\"spacer.default\">\n\t\t\t\t<div class=\"elementor-widget-container\">\n\t\t\t\t\t<div class=\"elementor-spacer\">\n\t\t\t<div class=\"elementor-spacer-inner\"><\/div>\n\t\t<\/div>\n\t\t\t\t<\/div>\n\t\t\t\t<\/div>\n\t\t\t\t\t<\/div>\n\t\t<\/div>\n\t\t\t\t\t<\/div>\n\t\t<\/section>\n\t\t\t\t<\/div>\n\t\t","protected":false},"excerpt":{"rendered":"<p>Berl\u00edn Bruselas Budapest Cracovia D\u00fcsseldorf Londres Mil\u00e1n Oporto Manchester Bolonia ryanair.com Bucarest Cluj-Napoca wizzair.com Madrid Palma de Mallorca iberia.com Asturias Bilbao volotea.com Destino Aerol\u00ednea Per\u00edodo de operaciones Informaci\u00f3n Asturias (OVD) Volotea Temporada de verano www.volotea.com Berlin (BER) Ryanair Temporada de verano www.ryanair.com Bilbao (BIO) Volotea Temporada de verano www.volotea.com Bruselas (CRL) Ryanair Ruta anual www.ryanair.com &#8230; <\/p>\n<p class=\"read-more-container\"><a title=\"Rutas\" class=\"read-more button\" href=\"https:\/\/aeroportcastello.com\/es\/vuelos-y-destinos\/rutas\/#more-1323\" aria-label=\"Leer m\u00e1s sobre Rutas\">Leer m\u00e1s<\/a><\/p>\n","protected":false},"author":1,"featured_media":0,"parent":1103,"menu_order":0,"comment_status":"closed","ping_status":"closed","template":"","meta":{"footnotes":""},"yoast_head":"<!-- This site is optimized with the Yoast SEO plugin v22.0 - https:\/\/yoast.com\/wordpress\/plugins\/seo\/ -->\n<title>Rutas - Aeropuerto Castell\u00f3n<\/title>\n<meta name=\"robots\" content=\"index, follow, max-snippet:-1, max-image-preview:large, max-video-preview:-1\" \/>\n<link rel=\"canonical\" href=\"https:\/\/aeroportcastello.com\/es\/vuelos-y-destinos\/rutas\/\" \/>\n<meta property=\"og:locale\" content=\"es_ES\" \/>\n<meta property=\"og:type\" content=\"article\" \/>\n<meta property=\"og:title\" content=\"Rutas - Aeropuerto Castell\u00f3n\" \/>\n<meta property=\"og:description\" content=\"Berl\u00edn Bruselas Budapest Cracovia D\u00fcsseldorf Londres Mil\u00e1n Oporto Manchester Bolonia ryanair.com Bucarest Cluj-Napoca wizzair.com Madrid Palma de Mallorca iberia.com Asturias Bilbao volotea.com Destino Aerol\u00ednea Per\u00edodo de operaciones Informaci\u00f3n Asturias (OVD) Volotea Temporada de verano www.volotea.com Berlin (BER) Ryanair Temporada de verano www.ryanair.com Bilbao (BIO) Volotea Temporada de verano www.volotea.com Bruselas (CRL) Ryanair Ruta anual www.ryanair.com ... Leer m\u00e1s\" \/>\n<meta property=\"og:url\" content=\"https:\/\/aeroportcastello.com\/es\/vuelos-y-destinos\/rutas\/\" \/>\n<meta property=\"og:site_name\" content=\"Aeropuerto Castell\u00f3n\" \/>\n<meta property=\"article:modified_time\" content=\"2025-11-12T12:03:13+00:00\" \/>\n<meta property=\"og:image\" content=\"https:\/\/aeroportcastello.com\/wp-content\/uploads\/2025\/11\/ES.png\" \/>\n<meta name=\"twitter:card\" content=\"summary_large_image\" \/>\n<meta name=\"twitter:label1\" content=\"Tiempo de lectura\" \/>\n\t<meta name=\"twitter:data1\" content=\"2 minutos\" \/>\n<script type=\"application\/ld+json\" class=\"yoast-schema-graph\">{\"@context\":\"https:\/\/schema.org\",\"@graph\":[{\"@type\":\"WebPage\",\"@id\":\"https:\/\/aeroportcastello.com\/es\/vuelos-y-destinos\/rutas\/\",\"url\":\"https:\/\/aeroportcastello.com\/es\/vuelos-y-destinos\/rutas\/\",\"name\":\"Rutas - Aeropuerto Castell\u00f3n\",\"isPartOf\":{\"@id\":\"https:\/\/aeroportcastello.com\/es\/#website\"},\"datePublished\":\"2021-06-30T09:43:42+00:00\",\"dateModified\":\"2025-11-12T12:03:13+00:00\",\"breadcrumb\":{\"@id\":\"https:\/\/aeroportcastello.com\/es\/vuelos-y-destinos\/rutas\/#breadcrumb\"},\"inLanguage\":\"es\",\"potentialAction\":[{\"@type\":\"ReadAction\",\"target\":[\"https:\/\/aeroportcastello.com\/es\/vuelos-y-destinos\/rutas\/\"]}]},{\"@type\":\"BreadcrumbList\",\"@id\":\"https:\/\/aeroportcastello.com\/es\/vuelos-y-destinos\/rutas\/#breadcrumb\",\"itemListElement\":[{\"@type\":\"ListItem\",\"position\":1,\"name\":\"Pasajeros\",\"item\":\"https:\/\/aeroportcastello.com\/es\/\"},{\"@type\":\"ListItem\",\"position\":2,\"name\":\"Vuelos y destinos\",\"item\":\"https:\/\/aeroportcastello.com\/es\/vuelos-y-destinos\/\"},{\"@type\":\"ListItem\",\"position\":3,\"name\":\"Rutas\"}]},{\"@type\":\"WebSite\",\"@id\":\"https:\/\/aeroportcastello.com\/es\/#website\",\"url\":\"https:\/\/aeroportcastello.com\/es\/\",\"name\":\"Aeropuerto Castell\u00f3n\",\"description\":\"Aeropuerto Castell\u00f3n\",\"publisher\":{\"@id\":\"https:\/\/aeroportcastello.com\/es\/#organization\"},\"potentialAction\":[{\"@type\":\"SearchAction\",\"target\":{\"@type\":\"EntryPoint\",\"urlTemplate\":\"https:\/\/aeroportcastello.com\/es\/?s={search_term_string}\"},\"query-input\":\"required name=search_term_string\"}],\"inLanguage\":\"es\"},{\"@type\":\"Organization\",\"@id\":\"https:\/\/aeroportcastello.com\/es\/#organization\",\"name\":\"Aeropuerto Castell\u00f3n\",\"url\":\"https:\/\/aeroportcastello.com\/es\/\",\"logo\":{\"@type\":\"ImageObject\",\"inLanguage\":\"es\",\"@id\":\"https:\/\/aeroportcastello.com\/es\/#\/schema\/logo\/image\/\",\"url\":\"https:\/\/aeroportcastello.com\/wp-content\/uploads\/2021\/05\/logo_aeroport_castello-1.svg\",\"contentUrl\":\"https:\/\/aeroportcastello.com\/wp-content\/uploads\/2021\/05\/logo_aeroport_castello-1.svg\",\"width\":482.8999999999999772626324556767940521240234375,\"height\":93.7000000000000028421709430404007434844970703125,\"caption\":\"Aeropuerto Castell\u00f3n\"},\"image\":{\"@id\":\"https:\/\/aeroportcastello.com\/es\/#\/schema\/logo\/image\/\"}}]}<\/script>\n<!-- \/ Yoast SEO plugin. -->","yoast_head_json":{"title":"Rutas - Aeropuerto Castell\u00f3n","robots":{"index":"index","follow":"follow","max-snippet":"max-snippet:-1","max-image-preview":"max-image-preview:large","max-video-preview":"max-video-preview:-1"},"canonical":"https:\/\/aeroportcastello.com\/es\/vuelos-y-destinos\/rutas\/","og_locale":"es_ES","og_type":"article","og_title":"Rutas - Aeropuerto Castell\u00f3n","og_description":"Berl\u00edn Bruselas Budapest Cracovia D\u00fcsseldorf Londres Mil\u00e1n Oporto Manchester Bolonia ryanair.com Bucarest Cluj-Napoca wizzair.com Madrid Palma de Mallorca iberia.com Asturias Bilbao volotea.com Destino Aerol\u00ednea Per\u00edodo de operaciones Informaci\u00f3n Asturias (OVD) Volotea Temporada de verano www.volotea.com Berlin (BER) Ryanair Temporada de verano www.ryanair.com Bilbao (BIO) Volotea Temporada de verano www.volotea.com Bruselas (CRL) Ryanair Ruta anual www.ryanair.com ... Leer m\u00e1s","og_url":"https:\/\/aeroportcastello.com\/es\/vuelos-y-destinos\/rutas\/","og_site_name":"Aeropuerto Castell\u00f3n","article_modified_time":"2025-11-12T12:03:13+00:00","og_image":[{"url":"https:\/\/aeroportcastello.com\/wp-content\/uploads\/2025\/11\/ES.png"}],"twitter_card":"summary_large_image","twitter_misc":{"Tiempo de lectura":"2 minutos"},"schema":{"@context":"https:\/\/schema.org","@graph":[{"@type":"WebPage","@id":"https:\/\/aeroportcastello.com\/es\/vuelos-y-destinos\/rutas\/","url":"https:\/\/aeroportcastello.com\/es\/vuelos-y-destinos\/rutas\/","name":"Rutas - Aeropuerto Castell\u00f3n","isPartOf":{"@id":"https:\/\/aeroportcastello.com\/es\/#website"},"datePublished":"2021-06-30T09:43:42+00:00","dateModified":"2025-11-12T12:03:13+00:00","breadcrumb":{"@id":"https:\/\/aeroportcastello.com\/es\/vuelos-y-destinos\/rutas\/#breadcrumb"},"inLanguage":"es","potentialAction":[{"@type":"ReadAction","target":["https:\/\/aeroportcastello.com\/es\/vuelos-y-destinos\/rutas\/"]}]},{"@type":"BreadcrumbList","@id":"https:\/\/aeroportcastello.com\/es\/vuelos-y-destinos\/rutas\/#breadcrumb","itemListElement":[{"@type":"ListItem","position":1,"name":"Pasajeros","item":"https:\/\/aeroportcastello.com\/es\/"},{"@type":"ListItem","position":2,"name":"Vuelos y destinos","item":"https:\/\/aeroportcastello.com\/es\/vuelos-y-destinos\/"},{"@type":"ListItem","position":3,"name":"Rutas"}]},{"@type":"WebSite","@id":"https:\/\/aeroportcastello.com\/es\/#website","url":"https:\/\/aeroportcastello.com\/es\/","name":"Aeropuerto Castell\u00f3n","description":"Aeropuerto Castell\u00f3n","publisher":{"@id":"https:\/\/aeroportcastello.com\/es\/#organization"},"potentialAction":[{"@type":"SearchAction","target":{"@type":"EntryPoint","urlTemplate":"https:\/\/aeroportcastello.com\/es\/?s={search_term_string}"},"query-input":"required name=search_term_string"}],"inLanguage":"es"},{"@type":"Organization","@id":"https:\/\/aeroportcastello.com\/es\/#organization","name":"Aeropuerto Castell\u00f3n","url":"https:\/\/aeroportcastello.com\/es\/","logo":{"@type":"ImageObject","inLanguage":"es","@id":"https:\/\/aeroportcastello.com\/es\/#\/schema\/logo\/image\/","url":"https:\/\/aeroportcastello.com\/wp-content\/uploads\/2021\/05\/logo_aeroport_castello-1.svg","contentUrl":"https:\/\/aeroportcastello.com\/wp-content\/uploads\/2021\/05\/logo_aeroport_castello-1.svg","width":482.8999999999999772626324556767940521240234375,"height":93.7000000000000028421709430404007434844970703125,"caption":"Aeropuerto Castell\u00f3n"},"image":{"@id":"https:\/\/aeroportcastello.com\/es\/#\/schema\/logo\/image\/"}}]}},"_links":{"self":[{"href":"https:\/\/aeroportcastello.com\/es\/wp-json\/wp\/v2\/pages\/1323"}],"collection":[{"href":"https:\/\/aeroportcastello.com\/es\/wp-json\/wp\/v2\/pages"}],"about":[{"href":"https:\/\/aeroportcastello.com\/es\/wp-json\/wp\/v2\/types\/page"}],"author":[{"embeddable":true,"href":"https:\/\/aeroportcastello.com\/es\/wp-json\/wp\/v2\/users\/1"}],"replies":[{"embeddable":true,"href":"https:\/\/aeroportcastello.com\/es\/wp-json\/wp\/v2\/comments?post=1323"}],"version-history":[{"count":192,"href":"https:\/\/aeroportcastello.com\/es\/wp-json\/wp\/v2\/pages\/1323\/revisions"}],"predecessor-version":[{"id":14121,"href":"https:\/\/aeroportcastello.com\/es\/wp-json\/wp\/v2\/pages\/1323\/revisions\/14121"}],"up":[{"embeddable":true,"href":"https:\/\/aeroportcastello.com\/es\/wp-json\/wp\/v2\/pages\/1103"}],"wp:attachment":[{"href":"https:\/\/aeroportcastello.com\/es\/wp-json\/wp\/v2\/media?parent=1323"}],"curies":[{"name":"wp","href":"https:\/\/api.w.org\/{rel}","templated":true}]}}