{"id":8952,"date":"2023-12-15T12:35:33","date_gmt":"2023-12-15T11:35:33","guid":{"rendered":"https:\/\/aeroportcastello.com\/corporate\/airport-carbon-accreditation\/"},"modified":"2025-04-29T11:09:03","modified_gmt":"2025-04-29T09:09:03","slug":"airport-carbon-accreditation","status":"publish","type":"page","link":"https:\/\/aeroportcastello.com\/en\/corporate\/airport-carbon-accreditation\/","title":{"rendered":"Airport Carbon Accreditation"},"content":{"rendered":"\t\t<div data-elementor-type=\"wp-page\" data-elementor-id=\"8952\" class=\"elementor elementor-8952 elementor-8935\" data-elementor-post-type=\"page\">\n\t\t\t\t\t\t<section class=\"elementor-section elementor-top-section elementor-element elementor-element-1a120ec elementor-section-boxed elementor-section-height-default elementor-section-height-default\" data-id=\"1a120ec\" data-element_type=\"section\" data-settings=\"{&quot;jet_parallax_layout_list&quot;:[]}\">\n\t\t\t\t\t\t<div class=\"elementor-container elementor-column-gap-default\">\n\t\t\t\t\t<div class=\"elementor-column elementor-col-50 elementor-top-column elementor-element elementor-element-7d0397f\" data-id=\"7d0397f\" data-element_type=\"column\" data-settings=\"{&quot;background_background&quot;:&quot;classic&quot;}\">\n\t\t\t<div class=\"elementor-widget-wrap elementor-element-populated\">\n\t\t\t\t\t\t<div class=\"elementor-element elementor-element-989fe34 elementor-widget elementor-widget-image\" data-id=\"989fe34\" data-element_type=\"widget\" data-widget_type=\"image.default\">\n\t\t\t\t<div class=\"elementor-widget-container\">\n\t\t\t\t\t\t\t\t\t\t\t\t\t<img fetchpriority=\"high\" decoding=\"async\" width=\"287\" height=\"238\" src=\"https:\/\/aeroportcastello.com\/wp-content\/uploads\/2023\/12\/airport_carbon_accreditation.jpg\" class=\"attachment-large size-large wp-image-8941\" alt=\"\" \/>\t\t\t\t\t\t\t\t\t\t\t\t\t<\/div>\n\t\t\t\t<\/div>\n\t\t\t\t<div class=\"elementor-element elementor-element-f593a15 elementor-align-center elementor-widget elementor-widget-button\" data-id=\"f593a15\" data-element_type=\"widget\" data-widget_type=\"button.default\">\n\t\t\t\t<div class=\"elementor-widget-container\">\n\t\t\t\t\t<div class=\"elementor-button-wrapper\">\n\t\t\t<a class=\"elementor-button elementor-button-link elementor-size-sm\" href=\"https:\/\/aeroportcastello.com\/wp-content\/uploads\/2025\/04\/CDT-EUR-L2-20260316-Castellon-Certificate.pdf\" target=\"_blank\">\n\t\t\t\t\t\t<span class=\"elementor-button-content-wrapper\">\n\t\t\t\t\t\t<span class=\"elementor-button-text\">ACA Certificate<\/span>\n\t\t<\/span>\n\t\t\t\t\t<\/a>\n\t\t<\/div>\n\t\t\t\t<\/div>\n\t\t\t\t<\/div>\n\t\t\t\t\t<\/div>\n\t\t<\/div>\n\t\t\t\t<div class=\"elementor-column elementor-col-50 elementor-top-column elementor-element elementor-element-4c00df1\" data-id=\"4c00df1\" data-element_type=\"column\" data-settings=\"{&quot;background_background&quot;:&quot;classic&quot;}\">\n\t\t\t<div class=\"elementor-widget-wrap elementor-element-populated\">\n\t\t\t\t\t\t<div class=\"elementor-element elementor-element-80a5cbd elementor-widget__width-initial elementor-widget elementor-widget-text-editor\" data-id=\"80a5cbd\" data-element_type=\"widget\" data-widget_type=\"text-editor.default\">\n\t\t\t\t<div class=\"elementor-widget-container\">\n\t\t\t\t\t\t\t<p>El aeropuerto dispone del certificado <em>Airport Carbon Accreditation<\/em>, en el nivel 2 \u2018Reducci\u00f3n\u2019, en reconocimiento a las acciones que se han llevado a cabo para gestionar las emisiones de CO2, en el marco de la estrategia global de la industria aeroportuaria de respuesta al desaf\u00edo del cambio clim\u00e1tico. Tras la obtenci\u00f3n de este certificado, el aeropuerto ha iniciado la tramitaci\u00f3n para ascender al nivel 3 \u2018Optimizaci\u00f3n\u2019.<\/p><p><em>Airport Carbon Accreditation<\/em>\u00a0es el \u00fanico programa est\u00e1ndar de certificaci\u00f3n de gesti\u00f3n del carbono respaldado institucionalmente para aeropuertos. Eval\u00faa y reconoce de forma independiente los esfuerzos para gestionar y reducir las emisiones de carbono a trav\u00e9s de seis niveles de certificaci\u00f3n: \u2018Mapeo\u2019, \u2018Reducci\u00f3n\u2019, \u2018Optimizaci\u00f3n\u2019, \u2018Neutralidad\u2019, \u2018Transformaci\u00f3n\u2019 y \u2018Transici\u00f3n\u2019.<\/p><p>El programa se basa en metodolog\u00edas reconocidas internacionalmente, proporcionando un marco com\u00fan para la gesti\u00f3n del carbono con objetivos medibles.\u00a0Esta herramienta es flexible, en la medida en que tiene en cuenta los requisitos legales nacionales o locales, al tiempo que garantiza que la metodolog\u00eda utilizada sea siempre s\u00f3lida.<\/p><p><em>Airport Carbon Accreditation<\/em>\u00a0es propiedad del Consejo Internacional de Aeropuertos-Europa (ACI-Europe), una organizaci\u00f3n que agrupa a m\u00e1s de 500 aeropuertos (entre los que se encuentra el de Castell\u00f3n) de 55 pa\u00edses y que representan m\u00e1s del 90 por ciento del tr\u00e1fico comercial en Europa. El programa est\u00e1 administrado por WSP, la consultor\u00eda ambiental encargada de hacer cumplir los estrictos criterios de acreditaci\u00f3n y salvaguardar el car\u00e1cter independiente del marco del programa.<\/p>\t\t\t\t\t\t<\/div>\n\t\t\t\t<\/div>\n\t\t\t\t\t<\/div>\n\t\t<\/div>\n\t\t\t\t\t<\/div>\n\t\t<\/section>\n\t\t\t\t<section class=\"elementor-section elementor-top-section elementor-element elementor-element-49ca529 elementor-section-boxed elementor-section-height-default elementor-section-height-default\" data-id=\"49ca529\" data-element_type=\"section\" data-settings=\"{&quot;jet_parallax_layout_list&quot;:[]}\">\n\t\t\t\t\t\t<div class=\"elementor-container elementor-column-gap-default\">\n\t\t\t\t\t<div class=\"elementor-column elementor-col-100 elementor-top-column elementor-element elementor-element-ad28a15\" data-id=\"ad28a15\" data-element_type=\"column\">\n\t\t\t<div class=\"elementor-widget-wrap elementor-element-populated\">\n\t\t\t\t\t\t<div class=\"elementor-element elementor-element-09cb99d elementor-widget elementor-widget-spacer\" data-id=\"09cb99d\" data-element_type=\"widget\" data-widget_type=\"spacer.default\">\n\t\t\t\t<div class=\"elementor-widget-container\">\n\t\t\t\t\t<div class=\"elementor-spacer\">\n\t\t\t<div class=\"elementor-spacer-inner\"><\/div>\n\t\t<\/div>\n\t\t\t\t<\/div>\n\t\t\t\t<\/div>\n\t\t\t\t\t<\/div>\n\t\t<\/div>\n\t\t\t\t\t<\/div>\n\t\t<\/section>\n\t\t\t\t<\/div>\n\t\t","protected":false},"excerpt":{"rendered":"<p>ACA Certificate El aeropuerto dispone del certificado Airport Carbon Accreditation, en el nivel 2 \u2018Reducci\u00f3n\u2019, en reconocimiento a las acciones que se han llevado a cabo para gestionar las emisiones de CO2, en el marco de la estrategia global de la industria aeroportuaria de respuesta al desaf\u00edo del cambio clim\u00e1tico. Tras la obtenci\u00f3n de este &#8230; <\/p>\n<p class=\"read-more-container\"><a title=\"Airport Carbon Accreditation\" class=\"read-more button\" href=\"https:\/\/aeroportcastello.com\/en\/corporate\/airport-carbon-accreditation\/#more-8952\" aria-label=\"Read more about Airport Carbon Accreditation\">Read more<\/a><\/p>\n","protected":false},"author":1,"featured_media":0,"parent":2914,"menu_order":0,"comment_status":"closed","ping_status":"closed","template":"elementor_header_footer","meta":{"footnotes":""},"yoast_head":"<!-- This site is optimized with the Yoast SEO plugin v22.0 - https:\/\/yoast.com\/wordpress\/plugins\/seo\/ -->\n<title>Airport Carbon Accreditation - Aeropuerto Castell\u00f3n<\/title>\n<meta name=\"robots\" content=\"index, follow, max-snippet:-1, max-image-preview:large, max-video-preview:-1\" \/>\n<link rel=\"canonical\" href=\"https:\/\/aeroportcastello.com\/en\/corporate\/airport-carbon-accreditation\/\" \/>\n<meta property=\"og:locale\" content=\"en_US\" \/>\n<meta property=\"og:type\" content=\"article\" \/>\n<meta property=\"og:title\" content=\"Airport Carbon Accreditation - Aeropuerto Castell\u00f3n\" \/>\n<meta property=\"og:description\" content=\"ACA Certificate El aeropuerto dispone del certificado Airport Carbon Accreditation, en el nivel 2 \u2018Reducci\u00f3n\u2019, en reconocimiento a las acciones que se han llevado a cabo para gestionar las emisiones de CO2, en el marco de la estrategia global de la industria aeroportuaria de respuesta al desaf\u00edo del cambio clim\u00e1tico. Tras la obtenci\u00f3n de este ... Read more\" \/>\n<meta property=\"og:url\" content=\"https:\/\/aeroportcastello.com\/en\/corporate\/airport-carbon-accreditation\/\" \/>\n<meta property=\"og:site_name\" content=\"Aeropuerto Castell\u00f3n\" \/>\n<meta property=\"article:modified_time\" content=\"2025-04-29T09:09:03+00:00\" \/>\n<meta property=\"og:image\" content=\"https:\/\/aeroportcastello.com\/wp-content\/uploads\/2023\/12\/airport_carbon_accreditation.jpg\" \/>\n<meta name=\"twitter:card\" content=\"summary_large_image\" \/>\n<meta name=\"twitter:label1\" content=\"Est. reading time\" \/>\n\t<meta name=\"twitter:data1\" content=\"2 minutes\" \/>\n<script type=\"application\/ld+json\" class=\"yoast-schema-graph\">{\"@context\":\"https:\/\/schema.org\",\"@graph\":[{\"@type\":\"WebPage\",\"@id\":\"https:\/\/aeroportcastello.com\/en\/corporate\/airport-carbon-accreditation\/\",\"url\":\"https:\/\/aeroportcastello.com\/en\/corporate\/airport-carbon-accreditation\/\",\"name\":\"Airport Carbon Accreditation - Aeropuerto Castell\u00f3n\",\"isPartOf\":{\"@id\":\"https:\/\/aeroportcastello.com\/en\/#website\"},\"datePublished\":\"2023-12-15T11:35:33+00:00\",\"dateModified\":\"2025-04-29T09:09:03+00:00\",\"breadcrumb\":{\"@id\":\"https:\/\/aeroportcastello.com\/en\/corporate\/airport-carbon-accreditation\/#breadcrumb\"},\"inLanguage\":\"en-US\",\"potentialAction\":[{\"@type\":\"ReadAction\",\"target\":[\"https:\/\/aeroportcastello.com\/en\/corporate\/airport-carbon-accreditation\/\"]}]},{\"@type\":\"BreadcrumbList\",\"@id\":\"https:\/\/aeroportcastello.com\/en\/corporate\/airport-carbon-accreditation\/#breadcrumb\",\"itemListElement\":[{\"@type\":\"ListItem\",\"position\":1,\"name\":\"Passengers\",\"item\":\"https:\/\/aeroportcastello.com\/en\/\"},{\"@type\":\"ListItem\",\"position\":2,\"name\":\"Corporate\",\"item\":\"https:\/\/aeroportcastello.com\/en\/corporate\/\"},{\"@type\":\"ListItem\",\"position\":3,\"name\":\"Airport Carbon Accreditation\"}]},{\"@type\":\"WebSite\",\"@id\":\"https:\/\/aeroportcastello.com\/en\/#website\",\"url\":\"https:\/\/aeroportcastello.com\/en\/\",\"name\":\"Aeropuerto Castell\u00f3n\",\"description\":\"Aeropuerto Castell\u00f3n\",\"publisher\":{\"@id\":\"https:\/\/aeroportcastello.com\/en\/#organization\"},\"potentialAction\":[{\"@type\":\"SearchAction\",\"target\":{\"@type\":\"EntryPoint\",\"urlTemplate\":\"https:\/\/aeroportcastello.com\/en\/?s={search_term_string}\"},\"query-input\":\"required name=search_term_string\"}],\"inLanguage\":\"en-US\"},{\"@type\":\"Organization\",\"@id\":\"https:\/\/aeroportcastello.com\/en\/#organization\",\"name\":\"Aeropuerto Castell\u00f3n\",\"url\":\"https:\/\/aeroportcastello.com\/en\/\",\"logo\":{\"@type\":\"ImageObject\",\"inLanguage\":\"en-US\",\"@id\":\"https:\/\/aeroportcastello.com\/en\/#\/schema\/logo\/image\/\",\"url\":\"https:\/\/aeroportcastello.com\/wp-content\/uploads\/2021\/05\/logo_aeroport_castello-1.svg\",\"contentUrl\":\"https:\/\/aeroportcastello.com\/wp-content\/uploads\/2021\/05\/logo_aeroport_castello-1.svg\",\"width\":482.8999999999999772626324556767940521240234375,\"height\":93.7000000000000028421709430404007434844970703125,\"caption\":\"Aeropuerto Castell\u00f3n\"},\"image\":{\"@id\":\"https:\/\/aeroportcastello.com\/en\/#\/schema\/logo\/image\/\"}}]}<\/script>\n<!-- \/ Yoast SEO plugin. -->","yoast_head_json":{"title":"Airport Carbon Accreditation - Aeropuerto Castell\u00f3n","robots":{"index":"index","follow":"follow","max-snippet":"max-snippet:-1","max-image-preview":"max-image-preview:large","max-video-preview":"max-video-preview:-1"},"canonical":"https:\/\/aeroportcastello.com\/en\/corporate\/airport-carbon-accreditation\/","og_locale":"en_US","og_type":"article","og_title":"Airport Carbon Accreditation - Aeropuerto Castell\u00f3n","og_description":"ACA Certificate El aeropuerto dispone del certificado Airport Carbon Accreditation, en el nivel 2 \u2018Reducci\u00f3n\u2019, en reconocimiento a las acciones que se han llevado a cabo para gestionar las emisiones de CO2, en el marco de la estrategia global de la industria aeroportuaria de respuesta al desaf\u00edo del cambio clim\u00e1tico. Tras la obtenci\u00f3n de este ... Read more","og_url":"https:\/\/aeroportcastello.com\/en\/corporate\/airport-carbon-accreditation\/","og_site_name":"Aeropuerto Castell\u00f3n","article_modified_time":"2025-04-29T09:09:03+00:00","og_image":[{"url":"https:\/\/aeroportcastello.com\/wp-content\/uploads\/2023\/12\/airport_carbon_accreditation.jpg"}],"twitter_card":"summary_large_image","twitter_misc":{"Est. reading time":"2 minutes"},"schema":{"@context":"https:\/\/schema.org","@graph":[{"@type":"WebPage","@id":"https:\/\/aeroportcastello.com\/en\/corporate\/airport-carbon-accreditation\/","url":"https:\/\/aeroportcastello.com\/en\/corporate\/airport-carbon-accreditation\/","name":"Airport Carbon Accreditation - Aeropuerto Castell\u00f3n","isPartOf":{"@id":"https:\/\/aeroportcastello.com\/en\/#website"},"datePublished":"2023-12-15T11:35:33+00:00","dateModified":"2025-04-29T09:09:03+00:00","breadcrumb":{"@id":"https:\/\/aeroportcastello.com\/en\/corporate\/airport-carbon-accreditation\/#breadcrumb"},"inLanguage":"en-US","potentialAction":[{"@type":"ReadAction","target":["https:\/\/aeroportcastello.com\/en\/corporate\/airport-carbon-accreditation\/"]}]},{"@type":"BreadcrumbList","@id":"https:\/\/aeroportcastello.com\/en\/corporate\/airport-carbon-accreditation\/#breadcrumb","itemListElement":[{"@type":"ListItem","position":1,"name":"Passengers","item":"https:\/\/aeroportcastello.com\/en\/"},{"@type":"ListItem","position":2,"name":"Corporate","item":"https:\/\/aeroportcastello.com\/en\/corporate\/"},{"@type":"ListItem","position":3,"name":"Airport Carbon Accreditation"}]},{"@type":"WebSite","@id":"https:\/\/aeroportcastello.com\/en\/#website","url":"https:\/\/aeroportcastello.com\/en\/","name":"Aeropuerto Castell\u00f3n","description":"Aeropuerto Castell\u00f3n","publisher":{"@id":"https:\/\/aeroportcastello.com\/en\/#organization"},"potentialAction":[{"@type":"SearchAction","target":{"@type":"EntryPoint","urlTemplate":"https:\/\/aeroportcastello.com\/en\/?s={search_term_string}"},"query-input":"required name=search_term_string"}],"inLanguage":"en-US"},{"@type":"Organization","@id":"https:\/\/aeroportcastello.com\/en\/#organization","name":"Aeropuerto Castell\u00f3n","url":"https:\/\/aeroportcastello.com\/en\/","logo":{"@type":"ImageObject","inLanguage":"en-US","@id":"https:\/\/aeroportcastello.com\/en\/#\/schema\/logo\/image\/","url":"https:\/\/aeroportcastello.com\/wp-content\/uploads\/2021\/05\/logo_aeroport_castello-1.svg","contentUrl":"https:\/\/aeroportcastello.com\/wp-content\/uploads\/2021\/05\/logo_aeroport_castello-1.svg","width":482.8999999999999772626324556767940521240234375,"height":93.7000000000000028421709430404007434844970703125,"caption":"Aeropuerto Castell\u00f3n"},"image":{"@id":"https:\/\/aeroportcastello.com\/en\/#\/schema\/logo\/image\/"}}]}},"_links":{"self":[{"href":"https:\/\/aeroportcastello.com\/en\/wp-json\/wp\/v2\/pages\/8952"}],"collection":[{"href":"https:\/\/aeroportcastello.com\/en\/wp-json\/wp\/v2\/pages"}],"about":[{"href":"https:\/\/aeroportcastello.com\/en\/wp-json\/wp\/v2\/types\/page"}],"author":[{"embeddable":true,"href":"https:\/\/aeroportcastello.com\/en\/wp-json\/wp\/v2\/users\/1"}],"replies":[{"embeddable":true,"href":"https:\/\/aeroportcastello.com\/en\/wp-json\/wp\/v2\/comments?post=8952"}],"version-history":[{"count":25,"href":"https:\/\/aeroportcastello.com\/en\/wp-json\/wp\/v2\/pages\/8952\/revisions"}],"predecessor-version":[{"id":11619,"href":"https:\/\/aeroportcastello.com\/en\/wp-json\/wp\/v2\/pages\/8952\/revisions\/11619"}],"up":[{"embeddable":true,"href":"https:\/\/aeroportcastello.com\/en\/wp-json\/wp\/v2\/pages\/2914"}],"wp:attachment":[{"href":"https:\/\/aeroportcastello.com\/en\/wp-json\/wp\/v2\/media?parent=8952"}],"curies":[{"name":"wp","href":"https:\/\/api.w.org\/{rel}","templated":true}]}}