{"id":2587,"date":"2021-06-30T10:48:17","date_gmt":"2021-06-30T08:48:17","guid":{"rendered":"https:\/\/aeroportcastello.com\/airport\/sala-30\/"},"modified":"2025-08-08T12:41:04","modified_gmt":"2025-08-08T10:41:04","slug":"sala-30","status":"publish","type":"page","link":"https:\/\/aeroportcastello.com\/en\/airport\/sala-30\/","title":{"rendered":"Sala 30"},"content":{"rendered":"\t\t<div data-elementor-type=\"wp-page\" data-elementor-id=\"2587\" class=\"elementor elementor-2587 elementor-1293\" data-elementor-post-type=\"page\">\n\t\t\t\t<!-- dce invisible element 1e3e02f -->\t\t<section class=\"elementor-section elementor-top-section elementor-element elementor-element-d1ff030 elementor-section-boxed elementor-section-height-default elementor-section-height-default\" data-id=\"d1ff030\" data-element_type=\"section\" data-settings=\"{&quot;jet_parallax_layout_list&quot;:[]}\">\n\t\t\t\t\t\t<div class=\"elementor-container elementor-column-gap-default\">\n\t\t\t\t\t<div class=\"elementor-column elementor-col-100 elementor-top-column elementor-element elementor-element-ba72afd\" data-id=\"ba72afd\" data-element_type=\"column\" data-settings=\"{&quot;background_background&quot;:&quot;classic&quot;}\">\n\t\t\t<div class=\"elementor-widget-wrap elementor-element-populated\">\n\t\t\t\t\t\t<div class=\"elementor-element elementor-element-b8d6eba elementor-widget elementor-widget-text-editor\" data-id=\"b8d6eba\" data-element_type=\"widget\" data-widget_type=\"text-editor.default\">\n\t\t\t\t<div class=\"elementor-widget-container\">\n\t\t\t\t\t\t\t<p><img decoding=\"async\" class=\"aligncenter wp-image-617\" src=\"https:\/\/aeroportcastello.com\/wp-content\/uploads\/2021\/05\/sala-30.png\" alt=\"\" width=\"100\" height=\"111\" \/><\/p><p>El aeropuerto de Castello\u0301n acoge el proyecto \u2018Sala 30\u2019, que se desarrolla de forma conjunta con el Museu d\u2019Art Contemporani Vicente Aguilera Cerni (Macvac) de Vilafame\u0301s y que consiste en la habilitacio\u0301n de espacios arti\u0301sticos en la terminal de pasajeros. El Macvac asume la direcci\u00f3n art\u00edstica, de ah\u00ed el nombre \u00b4Sala 30\u00b4, ya que el museo de Vilafam\u00e9s dispone de 29 salas y los espacios expositivos del aeropuerto se conciben como una extensi\u00f3n.<\/p>\t\t\t\t\t\t<\/div>\n\t\t\t\t<\/div>\n\t\t\t\t\t<\/div>\n\t\t<\/div>\n\t\t\t\t\t<\/div>\n\t\t<\/section>\n\t\t\t\t<section class=\"elementor-section elementor-top-section elementor-element elementor-element-094a3ba elementor-section-boxed elementor-section-height-default elementor-section-height-default\" data-id=\"094a3ba\" data-element_type=\"section\" data-settings=\"{&quot;jet_parallax_layout_list&quot;:[]}\">\n\t\t\t\t\t\t<div class=\"elementor-container elementor-column-gap-default\">\n\t\t\t\t\t<div class=\"elementor-column elementor-col-100 elementor-top-column elementor-element elementor-element-3ddcd13\" data-id=\"3ddcd13\" data-element_type=\"column\">\n\t\t\t<div class=\"elementor-widget-wrap elementor-element-populated\">\n\t\t\t\t\t\t<div class=\"elementor-element elementor-element-160af84 elementor-widget elementor-widget-spacer\" data-id=\"160af84\" data-element_type=\"widget\" data-widget_type=\"spacer.default\">\n\t\t\t\t<div class=\"elementor-widget-container\">\n\t\t\t\t\t<div class=\"elementor-spacer\">\n\t\t\t<div class=\"elementor-spacer-inner\"><\/div>\n\t\t<\/div>\n\t\t\t\t<\/div>\n\t\t\t\t<\/div>\n\t\t\t\t\t<\/div>\n\t\t<\/div>\n\t\t\t\t\t<\/div>\n\t\t<\/section>\n\t\t\t\t<section class=\"elementor-section elementor-top-section elementor-element elementor-element-9c29e0d elementor-section-boxed elementor-section-height-default elementor-section-height-default\" data-id=\"9c29e0d\" data-element_type=\"section\" data-settings=\"{&quot;jet_parallax_layout_list&quot;:[]}\">\n\t\t\t\t\t\t<div class=\"elementor-container elementor-column-gap-default\">\n\t\t\t\t\t<div class=\"elementor-column elementor-col-50 elementor-top-column elementor-element elementor-element-df494bd\" data-id=\"df494bd\" data-element_type=\"column\" data-settings=\"{&quot;background_background&quot;:&quot;classic&quot;}\">\n\t\t\t<div class=\"elementor-widget-wrap elementor-element-populated\">\n\t\t\t\t\t\t<div class=\"elementor-element elementor-element-16f8d2a elementor-widget elementor-widget-heading\" data-id=\"16f8d2a\" data-element_type=\"widget\" data-widget_type=\"heading.default\">\n\t\t\t\t<div class=\"elementor-widget-container\">\n\t\t\t<h3 class=\"elementor-heading-title elementor-size-default\">Exposici\u00f3n actual<\/h3>\t\t<\/div>\n\t\t\t\t<\/div>\n\t\t\t\t<div class=\"elementor-element elementor-element-910bb4b elementor-widget-divider--view-line elementor-widget elementor-widget-divider\" data-id=\"910bb4b\" data-element_type=\"widget\" data-widget_type=\"divider.default\">\n\t\t\t\t<div class=\"elementor-widget-container\">\n\t\t\t\t\t<div class=\"elementor-divider\">\n\t\t\t<span class=\"elementor-divider-separator\">\n\t\t\t\t\t\t<\/span>\n\t\t<\/div>\n\t\t\t\t<\/div>\n\t\t\t\t<\/div>\n\t\t\t\t<div class=\"elementor-element elementor-element-457ab38 elementor-widget elementor-widget-text-editor\" data-id=\"457ab38\" data-element_type=\"widget\" data-widget_type=\"text-editor.default\">\n\t\t\t\t<div class=\"elementor-widget-container\">\n\t\t\t\t\t\t\t<p>\u2018ANA ROUSSEL. AUTORRETRATOS\u00a0\u2019. Puede descargarse <a href=\"https:\/\/aeroportcastello.com\/wp-content\/uploads\/2025\/08\/informacion-scaled.webp\" target=\"_blank\" rel=\"noopener\">aqu\u00ed<\/a> informaci\u00f3n sobre la exposici\u00f3n.<\/p>\t\t\t\t\t\t<\/div>\n\t\t\t\t<\/div>\n\t\t\t\t<div class=\"elementor-element elementor-element-e7ced5d elementor-widget elementor-widget-image\" data-id=\"e7ced5d\" data-element_type=\"widget\" data-widget_type=\"image.default\">\n\t\t\t\t<div class=\"elementor-widget-container\">\n\t\t\t\t\t\t\t\t\t\t\t\t\t<img fetchpriority=\"high\" decoding=\"async\" width=\"1024\" height=\"777\" src=\"https:\/\/aeroportcastello.com\/wp-content\/uploads\/2025\/08\/foto-1024x777.webp\" class=\"attachment-large size-large wp-image-13478\" alt=\"\" srcset=\"https:\/\/aeroportcastello.com\/wp-content\/uploads\/2025\/08\/foto-1024x777.webp 1024w, https:\/\/aeroportcastello.com\/wp-content\/uploads\/2025\/08\/foto-300x228.webp 300w, https:\/\/aeroportcastello.com\/wp-content\/uploads\/2025\/08\/foto-768x583.webp 768w, https:\/\/aeroportcastello.com\/wp-content\/uploads\/2025\/08\/foto.webp 1500w\" sizes=\"(max-width: 1024px) 100vw, 1024px\" \/>\t\t\t\t\t\t\t\t\t\t\t\t\t<\/div>\n\t\t\t\t<\/div>\n\t\t\t\t\t<\/div>\n\t\t<\/div>\n\t\t\t\t<div class=\"elementor-column elementor-col-50 elementor-top-column elementor-element elementor-element-47a8b6a\" data-id=\"47a8b6a\" data-element_type=\"column\" data-settings=\"{&quot;background_background&quot;:&quot;classic&quot;}\">\n\t\t\t<div class=\"elementor-widget-wrap elementor-element-populated\">\n\t\t\t\t\t\t<div class=\"elementor-element elementor-element-691f1e2 elementor-widget elementor-widget-heading\" data-id=\"691f1e2\" data-element_type=\"widget\" data-widget_type=\"heading.default\">\n\t\t\t\t<div class=\"elementor-widget-container\">\n\t\t\t<h3 class=\"elementor-heading-title elementor-size-default\">Exposiciones anteriores<\/h3>\t\t<\/div>\n\t\t\t\t<\/div>\n\t\t\t\t<div class=\"elementor-element elementor-element-fdadc75 elementor-widget-divider--view-line elementor-widget elementor-widget-divider\" data-id=\"fdadc75\" data-element_type=\"widget\" data-widget_type=\"divider.default\">\n\t\t\t\t<div class=\"elementor-widget-container\">\n\t\t\t\t\t<div class=\"elementor-divider\">\n\t\t\t<span class=\"elementor-divider-separator\">\n\t\t\t\t\t\t<\/span>\n\t\t<\/div>\n\t\t\t\t<\/div>\n\t\t\t\t<\/div>\n\t\t\t\t<div class=\"elementor-element elementor-element-743389c elementor-widget elementor-widget-text-editor\" data-id=\"743389c\" data-element_type=\"widget\" data-widget_type=\"text-editor.default\">\n\t\t\t\t<div class=\"elementor-widget-container\">\n\t\t\t\t\t\t\t<p>\u2018IN\/DISCIPLINA\u2019. Puede descargarse <a href=\"\/archivos\/pdf\/aeropuerto\/sala-30\/INDISCIPLINA_ART_I_DISSENY_AL_SEU_AIRE_INTERACTIVO.pdf\" target=\"_blank\" rel=\"noopener\">aqu\u00ed<\/a> informaci\u00f3n sobre la exposici\u00f3n.<\/p><p>\u2018\u00c0nima Animal\u2019. Puede descargarse\u00a0<a href=\"http:\/\/aeropuertocastellon.com\/archivos\/pdf\/aeropuerto\/sala-30\/DipticoAEROCASSala2020.pdf\" target=\"_blank\" rel=\"noopener\">aqu\u00ed<\/a> informaci\u00f3n sobre la exposici\u00f3n.<\/p><p>\u2018CV-13 En ruta\u2019. Puede descargarse\u00a0<a href=\"\/archivos\/pdf\/aeropuerto\/sala-30\/postal-CV-13.pdf\" target=\"_blank\" rel=\"noopener\">aqu\u00ed<\/a>\u00a0informaci\u00f3n sobre la exposici\u00f3n.<\/p><p>\u2018Inquitant\/e figura humana\u2019. Puede descargarse\u00a0<a href=\"\/archivos\/pdf\/aeropuerto\/sala-30\/SALA30-EXPO__FIGURA-HUMANA-esp.pdf\" target=\"_blank\" rel=\"noopener\">aqu\u00ed<\/a>\u00a0el d\u00edptico de la exposici\u00f3n.<\/p><p>&#8216;Nunca los lejos estuvieron tan cerca&#8217;. Puede descargarse\u00a0<a href=\"http:\/\/archivos\/pdf\/aeropuerto\/sala-30\/DipticoJoel-CAS.pdf\" target=\"_blank\" rel=\"noopener\" data-wplink-url-error=\"true\">aqu\u00ed<\/a>\u00a0el d\u00edptico de la exposici\u00f3n.<\/p><p>\u2018Cal\u00b7ligrafies convergents\u2019. Puede descargarse\u00a0<a href=\"\/archivos\/pdf\/aeropuerto\/sala-30\/diptico-caligrafias-convergentes-CAS.pdf\" target=\"_blank\" rel=\"noopener\">aqu\u00ed<\/a>\u00a0el d\u00edptico de la exposici\u00f3n.<\/p><p>\u2018THE ART OF RESISTANCE. UKRAINE-CASTELL\u00d3\u2019. Puede descargarse <a href=\"\/archivos\/pdf\/aeropuerto\/sala-30\/THE_ART_OF_RESISTANCE.pdf\" target=\"_blank\" rel=\"noopener\">aqu\u00ed<\/a> informaci\u00f3n sobre la exposici\u00f3n.<\/p>\t\t\t\t\t\t<\/div>\n\t\t\t\t<\/div>\n\t\t\t\t\t<\/div>\n\t\t<\/div>\n\t\t\t\t\t<\/div>\n\t\t<\/section>\n\t\t\t\t<section class=\"elementor-section elementor-top-section elementor-element elementor-element-9e41e3c elementor-section-boxed elementor-section-height-default elementor-section-height-default\" data-id=\"9e41e3c\" data-element_type=\"section\" data-settings=\"{&quot;jet_parallax_layout_list&quot;:[]}\">\n\t\t\t\t\t\t<div class=\"elementor-container elementor-column-gap-default\">\n\t\t\t\t\t<div class=\"elementor-column elementor-col-100 elementor-top-column elementor-element elementor-element-80fa709\" data-id=\"80fa709\" data-element_type=\"column\">\n\t\t\t<div class=\"elementor-widget-wrap elementor-element-populated\">\n\t\t\t\t\t\t<div class=\"elementor-element elementor-element-d684c39 elementor-widget elementor-widget-spacer\" data-id=\"d684c39\" data-element_type=\"widget\" data-widget_type=\"spacer.default\">\n\t\t\t\t<div class=\"elementor-widget-container\">\n\t\t\t\t\t<div class=\"elementor-spacer\">\n\t\t\t<div class=\"elementor-spacer-inner\"><\/div>\n\t\t<\/div>\n\t\t\t\t<\/div>\n\t\t\t\t<\/div>\n\t\t\t\t\t<\/div>\n\t\t<\/div>\n\t\t\t\t\t<\/div>\n\t\t<\/section>\n\t\t\t\t<section class=\"elementor-section elementor-top-section elementor-element elementor-element-9755551 elementor-section-boxed elementor-section-height-default elementor-section-height-default\" data-id=\"9755551\" data-element_type=\"section\" data-settings=\"{&quot;jet_parallax_layout_list&quot;:[]}\">\n\t\t\t\t\t\t<div class=\"elementor-container elementor-column-gap-default\">\n\t\t\t\t\t<div class=\"elementor-column elementor-col-50 elementor-top-column elementor-element elementor-element-17d5556\" data-id=\"17d5556\" data-element_type=\"column\" data-settings=\"{&quot;background_background&quot;:&quot;classic&quot;}\">\n\t\t\t<div class=\"elementor-widget-wrap elementor-element-populated\">\n\t\t\t\t\t\t<div class=\"elementor-element elementor-element-26d9b33 elementor-widget elementor-widget-heading\" data-id=\"26d9b33\" data-element_type=\"widget\" data-widget_type=\"heading.default\">\n\t\t\t\t<div class=\"elementor-widget-container\">\n\t\t\t<h3 class=\"elementor-heading-title elementor-size-default\">\"Totem\", de Trashformaciones<\/h3>\t\t<\/div>\n\t\t\t\t<\/div>\n\t\t\t\t<div class=\"elementor-element elementor-element-37b5440 elementor-widget-divider--view-line elementor-widget elementor-widget-divider\" data-id=\"37b5440\" data-element_type=\"widget\" data-widget_type=\"divider.default\">\n\t\t\t\t<div class=\"elementor-widget-container\">\n\t\t\t\t\t<div class=\"elementor-divider\">\n\t\t\t<span class=\"elementor-divider-separator\">\n\t\t\t\t\t\t<\/span>\n\t\t<\/div>\n\t\t\t\t<\/div>\n\t\t\t\t<\/div>\n\t\t\t\t<div class=\"elementor-element elementor-element-90c5690 elementor-widget elementor-widget-text-editor\" data-id=\"90c5690\" data-element_type=\"widget\" data-widget_type=\"text-editor.default\">\n\t\t\t\t<div class=\"elementor-widget-container\">\n\t\t\t\t\t\t\t<p>En el exterior de la terminal est\u00e1 emplazada la escultura \u2018Totem\u2019 de \u2018Trashformaciones\u2019.<\/p>\t\t\t\t\t\t<\/div>\n\t\t\t\t<\/div>\n\t\t\t\t<div class=\"elementor-element elementor-element-e3c9d67 elementor-widget elementor-widget-image\" data-id=\"e3c9d67\" data-element_type=\"widget\" data-widget_type=\"image.default\">\n\t\t\t\t<div class=\"elementor-widget-container\">\n\t\t\t\t\t\t\t\t\t\t\t\t\t<img decoding=\"async\" width=\"600\" height=\"468\" src=\"https:\/\/aeroportcastello.com\/wp-content\/uploads\/2021\/06\/sala_30_4.jpg\" class=\"attachment-full size-full wp-image-1299\" alt=\"\" srcset=\"https:\/\/aeroportcastello.com\/wp-content\/uploads\/2021\/06\/sala_30_4.jpg 600w, https:\/\/aeroportcastello.com\/wp-content\/uploads\/2021\/06\/sala_30_4-300x234.jpg 300w\" sizes=\"(max-width: 600px) 100vw, 600px\" \/>\t\t\t\t\t\t\t\t\t\t\t\t\t<\/div>\n\t\t\t\t<\/div>\n\t\t\t\t\t<\/div>\n\t\t<\/div>\n\t\t\t\t<div class=\"elementor-column elementor-col-50 elementor-top-column elementor-element elementor-element-ece74bd\" data-id=\"ece74bd\" data-element_type=\"column\" data-settings=\"{&quot;background_background&quot;:&quot;classic&quot;}\">\n\t\t\t<div class=\"elementor-widget-wrap elementor-element-populated\">\n\t\t\t\t\t\t<div class=\"elementor-element elementor-element-8ba39fe elementor-widget elementor-widget-heading\" data-id=\"8ba39fe\" data-element_type=\"widget\" data-widget_type=\"heading.default\">\n\t\t\t\t<div class=\"elementor-widget-container\">\n\t\t\t<h3 class=\"elementor-heading-title elementor-size-default\">\"Al vuelo\", de Fanny Galera<\/h3>\t\t<\/div>\n\t\t\t\t<\/div>\n\t\t\t\t<div class=\"elementor-element elementor-element-095644d elementor-widget-divider--view-line elementor-widget elementor-widget-divider\" data-id=\"095644d\" data-element_type=\"widget\" data-widget_type=\"divider.default\">\n\t\t\t\t<div class=\"elementor-widget-container\">\n\t\t\t\t\t<div class=\"elementor-divider\">\n\t\t\t<span class=\"elementor-divider-separator\">\n\t\t\t\t\t\t<\/span>\n\t\t<\/div>\n\t\t\t\t<\/div>\n\t\t\t\t<\/div>\n\t\t\t\t<div class=\"elementor-element elementor-element-af0edc5 elementor-widget elementor-widget-text-editor\" data-id=\"af0edc5\" data-element_type=\"widget\" data-widget_type=\"text-editor.default\">\n\t\t\t\t<div class=\"elementor-widget-container\">\n\t\t\t\t\t\t\t<p>En el corredor del acceso principal de la terminal de pasajeros se ha instalado la representacio\u0301n esculto\u0301rica \u2018Al vuelo\u2019, de la artista valenciana Fanny Galera.\u00a0<\/p>\t\t\t\t\t\t<\/div>\n\t\t\t\t<\/div>\n\t\t\t\t<div class=\"elementor-element elementor-element-2bb8b12 elementor-widget elementor-widget-image\" data-id=\"2bb8b12\" data-element_type=\"widget\" data-widget_type=\"image.default\">\n\t\t\t\t<div class=\"elementor-widget-container\">\n\t\t\t\t\t\t\t\t\t\t\t\t\t<img loading=\"lazy\" decoding=\"async\" width=\"600\" height=\"468\" src=\"https:\/\/aeroportcastello.com\/wp-content\/uploads\/2021\/06\/sala_30_5.jpg\" class=\"attachment-full size-full wp-image-1300\" alt=\"\" srcset=\"https:\/\/aeroportcastello.com\/wp-content\/uploads\/2021\/06\/sala_30_5.jpg 600w, https:\/\/aeroportcastello.com\/wp-content\/uploads\/2021\/06\/sala_30_5-300x234.jpg 300w\" sizes=\"(max-width: 600px) 100vw, 600px\" \/>\t\t\t\t\t\t\t\t\t\t\t\t\t<\/div>\n\t\t\t\t<\/div>\n\t\t\t\t\t<\/div>\n\t\t<\/div>\n\t\t\t\t\t<\/div>\n\t\t<\/section>\n\t\t\t\t<section class=\"elementor-section elementor-top-section elementor-element elementor-element-15e5e8b elementor-section-boxed elementor-section-height-default elementor-section-height-default\" data-id=\"15e5e8b\" data-element_type=\"section\" data-settings=\"{&quot;jet_parallax_layout_list&quot;:[]}\">\n\t\t\t\t\t\t<div class=\"elementor-container elementor-column-gap-default\">\n\t\t\t\t\t<div class=\"elementor-column elementor-col-100 elementor-top-column elementor-element elementor-element-7a1187a\" data-id=\"7a1187a\" data-element_type=\"column\">\n\t\t\t<div class=\"elementor-widget-wrap elementor-element-populated\">\n\t\t\t\t\t\t<div class=\"elementor-element elementor-element-d07da17 elementor-widget elementor-widget-spacer\" data-id=\"d07da17\" data-element_type=\"widget\" data-widget_type=\"spacer.default\">\n\t\t\t\t<div class=\"elementor-widget-container\">\n\t\t\t\t\t<div class=\"elementor-spacer\">\n\t\t\t<div class=\"elementor-spacer-inner\"><\/div>\n\t\t<\/div>\n\t\t\t\t<\/div>\n\t\t\t\t<\/div>\n\t\t\t\t\t<\/div>\n\t\t<\/div>\n\t\t\t\t\t<\/div>\n\t\t<\/section>\n\t\t\t\t<\/div>\n\t\t","protected":false},"excerpt":{"rendered":"<p>El aeropuerto de Castello\u0301n acoge el proyecto \u2018Sala 30\u2019, que se desarrolla de forma conjunta con el Museu d\u2019Art Contemporani Vicente Aguilera Cerni (Macvac) de Vilafame\u0301s y que consiste en la habilitacio\u0301n de espacios arti\u0301sticos en la terminal de pasajeros. El Macvac asume la direcci\u00f3n art\u00edstica, de ah\u00ed el nombre \u00b4Sala 30\u00b4, ya que el &#8230; <\/p>\n<p class=\"read-more-container\"><a title=\"Sala 30\" class=\"read-more button\" href=\"https:\/\/aeroportcastello.com\/en\/airport\/sala-30\/#more-2587\" aria-label=\"Read more about Sala 30\">Read more<\/a><\/p>\n","protected":false},"author":1,"featured_media":0,"parent":2423,"menu_order":0,"comment_status":"closed","ping_status":"closed","template":"elementor_header_footer","meta":{"footnotes":""},"yoast_head":"<!-- This site is optimized with the Yoast SEO plugin v22.0 - https:\/\/yoast.com\/wordpress\/plugins\/seo\/ -->\n<title>Sala 30 - Aeropuerto Castell\u00f3n<\/title>\n<meta name=\"robots\" content=\"index, follow, max-snippet:-1, max-image-preview:large, max-video-preview:-1\" \/>\n<link rel=\"canonical\" href=\"https:\/\/aeroportcastello.com\/en\/airport\/sala-30\/\" \/>\n<meta property=\"og:locale\" content=\"en_US\" \/>\n<meta property=\"og:type\" content=\"article\" \/>\n<meta property=\"og:title\" content=\"Sala 30 - Aeropuerto Castell\u00f3n\" \/>\n<meta property=\"og:description\" content=\"El aeropuerto de Castello\u0301n acoge el proyecto \u2018Sala 30\u2019, que se desarrolla de forma conjunta con el Museu d\u2019Art Contemporani Vicente Aguilera Cerni (Macvac) de Vilafame\u0301s y que consiste en la habilitacio\u0301n de espacios arti\u0301sticos en la terminal de pasajeros. El Macvac asume la direcci\u00f3n art\u00edstica, de ah\u00ed el nombre \u00b4Sala 30\u00b4, ya que el ... Read more\" \/>\n<meta property=\"og:url\" content=\"https:\/\/aeroportcastello.com\/en\/airport\/sala-30\/\" \/>\n<meta property=\"og:site_name\" content=\"Aeropuerto Castell\u00f3n\" \/>\n<meta property=\"article:modified_time\" content=\"2025-08-08T10:41:04+00:00\" \/>\n<meta property=\"og:image\" content=\"https:\/\/aeroportcastello.com\/wp-content\/uploads\/2021\/05\/sala-30.png\" \/>\n<meta name=\"twitter:card\" content=\"summary_large_image\" \/>\n<meta name=\"twitter:label1\" content=\"Est. reading time\" \/>\n\t<meta name=\"twitter:data1\" content=\"4 minutes\" \/>\n<script type=\"application\/ld+json\" class=\"yoast-schema-graph\">{\"@context\":\"https:\/\/schema.org\",\"@graph\":[{\"@type\":\"WebPage\",\"@id\":\"https:\/\/aeroportcastello.com\/en\/airport\/sala-30\/\",\"url\":\"https:\/\/aeroportcastello.com\/en\/airport\/sala-30\/\",\"name\":\"Sala 30 - Aeropuerto Castell\u00f3n\",\"isPartOf\":{\"@id\":\"https:\/\/aeroportcastello.com\/en\/#website\"},\"datePublished\":\"2021-06-30T08:48:17+00:00\",\"dateModified\":\"2025-08-08T10:41:04+00:00\",\"breadcrumb\":{\"@id\":\"https:\/\/aeroportcastello.com\/en\/airport\/sala-30\/#breadcrumb\"},\"inLanguage\":\"en-US\",\"potentialAction\":[{\"@type\":\"ReadAction\",\"target\":[\"https:\/\/aeroportcastello.com\/en\/airport\/sala-30\/\"]}]},{\"@type\":\"BreadcrumbList\",\"@id\":\"https:\/\/aeroportcastello.com\/en\/airport\/sala-30\/#breadcrumb\",\"itemListElement\":[{\"@type\":\"ListItem\",\"position\":1,\"name\":\"Passengers\",\"item\":\"https:\/\/aeroportcastello.com\/en\/\"},{\"@type\":\"ListItem\",\"position\":2,\"name\":\"Airport\",\"item\":\"https:\/\/aeroportcastello.com\/en\/airport\/\"},{\"@type\":\"ListItem\",\"position\":3,\"name\":\"Sala 30\"}]},{\"@type\":\"WebSite\",\"@id\":\"https:\/\/aeroportcastello.com\/en\/#website\",\"url\":\"https:\/\/aeroportcastello.com\/en\/\",\"name\":\"Aeropuerto Castell\u00f3n\",\"description\":\"Aeropuerto Castell\u00f3n\",\"publisher\":{\"@id\":\"https:\/\/aeroportcastello.com\/en\/#organization\"},\"potentialAction\":[{\"@type\":\"SearchAction\",\"target\":{\"@type\":\"EntryPoint\",\"urlTemplate\":\"https:\/\/aeroportcastello.com\/en\/?s={search_term_string}\"},\"query-input\":\"required name=search_term_string\"}],\"inLanguage\":\"en-US\"},{\"@type\":\"Organization\",\"@id\":\"https:\/\/aeroportcastello.com\/en\/#organization\",\"name\":\"Aeropuerto Castell\u00f3n\",\"url\":\"https:\/\/aeroportcastello.com\/en\/\",\"logo\":{\"@type\":\"ImageObject\",\"inLanguage\":\"en-US\",\"@id\":\"https:\/\/aeroportcastello.com\/en\/#\/schema\/logo\/image\/\",\"url\":\"https:\/\/aeroportcastello.com\/wp-content\/uploads\/2021\/05\/logo_aeroport_castello-1.svg\",\"contentUrl\":\"https:\/\/aeroportcastello.com\/wp-content\/uploads\/2021\/05\/logo_aeroport_castello-1.svg\",\"width\":482.8999999999999772626324556767940521240234375,\"height\":93.7000000000000028421709430404007434844970703125,\"caption\":\"Aeropuerto Castell\u00f3n\"},\"image\":{\"@id\":\"https:\/\/aeroportcastello.com\/en\/#\/schema\/logo\/image\/\"}}]}<\/script>\n<!-- \/ Yoast SEO plugin. -->","yoast_head_json":{"title":"Sala 30 - Aeropuerto Castell\u00f3n","robots":{"index":"index","follow":"follow","max-snippet":"max-snippet:-1","max-image-preview":"max-image-preview:large","max-video-preview":"max-video-preview:-1"},"canonical":"https:\/\/aeroportcastello.com\/en\/airport\/sala-30\/","og_locale":"en_US","og_type":"article","og_title":"Sala 30 - Aeropuerto Castell\u00f3n","og_description":"El aeropuerto de Castello\u0301n acoge el proyecto \u2018Sala 30\u2019, que se desarrolla de forma conjunta con el Museu d\u2019Art Contemporani Vicente Aguilera Cerni (Macvac) de Vilafame\u0301s y que consiste en la habilitacio\u0301n de espacios arti\u0301sticos en la terminal de pasajeros. El Macvac asume la direcci\u00f3n art\u00edstica, de ah\u00ed el nombre \u00b4Sala 30\u00b4, ya que el ... Read more","og_url":"https:\/\/aeroportcastello.com\/en\/airport\/sala-30\/","og_site_name":"Aeropuerto Castell\u00f3n","article_modified_time":"2025-08-08T10:41:04+00:00","og_image":[{"url":"https:\/\/aeroportcastello.com\/wp-content\/uploads\/2021\/05\/sala-30.png"}],"twitter_card":"summary_large_image","twitter_misc":{"Est. reading time":"4 minutes"},"schema":{"@context":"https:\/\/schema.org","@graph":[{"@type":"WebPage","@id":"https:\/\/aeroportcastello.com\/en\/airport\/sala-30\/","url":"https:\/\/aeroportcastello.com\/en\/airport\/sala-30\/","name":"Sala 30 - Aeropuerto Castell\u00f3n","isPartOf":{"@id":"https:\/\/aeroportcastello.com\/en\/#website"},"datePublished":"2021-06-30T08:48:17+00:00","dateModified":"2025-08-08T10:41:04+00:00","breadcrumb":{"@id":"https:\/\/aeroportcastello.com\/en\/airport\/sala-30\/#breadcrumb"},"inLanguage":"en-US","potentialAction":[{"@type":"ReadAction","target":["https:\/\/aeroportcastello.com\/en\/airport\/sala-30\/"]}]},{"@type":"BreadcrumbList","@id":"https:\/\/aeroportcastello.com\/en\/airport\/sala-30\/#breadcrumb","itemListElement":[{"@type":"ListItem","position":1,"name":"Passengers","item":"https:\/\/aeroportcastello.com\/en\/"},{"@type":"ListItem","position":2,"name":"Airport","item":"https:\/\/aeroportcastello.com\/en\/airport\/"},{"@type":"ListItem","position":3,"name":"Sala 30"}]},{"@type":"WebSite","@id":"https:\/\/aeroportcastello.com\/en\/#website","url":"https:\/\/aeroportcastello.com\/en\/","name":"Aeropuerto Castell\u00f3n","description":"Aeropuerto Castell\u00f3n","publisher":{"@id":"https:\/\/aeroportcastello.com\/en\/#organization"},"potentialAction":[{"@type":"SearchAction","target":{"@type":"EntryPoint","urlTemplate":"https:\/\/aeroportcastello.com\/en\/?s={search_term_string}"},"query-input":"required name=search_term_string"}],"inLanguage":"en-US"},{"@type":"Organization","@id":"https:\/\/aeroportcastello.com\/en\/#organization","name":"Aeropuerto Castell\u00f3n","url":"https:\/\/aeroportcastello.com\/en\/","logo":{"@type":"ImageObject","inLanguage":"en-US","@id":"https:\/\/aeroportcastello.com\/en\/#\/schema\/logo\/image\/","url":"https:\/\/aeroportcastello.com\/wp-content\/uploads\/2021\/05\/logo_aeroport_castello-1.svg","contentUrl":"https:\/\/aeroportcastello.com\/wp-content\/uploads\/2021\/05\/logo_aeroport_castello-1.svg","width":482.8999999999999772626324556767940521240234375,"height":93.7000000000000028421709430404007434844970703125,"caption":"Aeropuerto Castell\u00f3n"},"image":{"@id":"https:\/\/aeroportcastello.com\/en\/#\/schema\/logo\/image\/"}}]}},"_links":{"self":[{"href":"https:\/\/aeroportcastello.com\/en\/wp-json\/wp\/v2\/pages\/2587"}],"collection":[{"href":"https:\/\/aeroportcastello.com\/en\/wp-json\/wp\/v2\/pages"}],"about":[{"href":"https:\/\/aeroportcastello.com\/en\/wp-json\/wp\/v2\/types\/page"}],"author":[{"embeddable":true,"href":"https:\/\/aeroportcastello.com\/en\/wp-json\/wp\/v2\/users\/1"}],"replies":[{"embeddable":true,"href":"https:\/\/aeroportcastello.com\/en\/wp-json\/wp\/v2\/comments?post=2587"}],"version-history":[{"count":72,"href":"https:\/\/aeroportcastello.com\/en\/wp-json\/wp\/v2\/pages\/2587\/revisions"}],"predecessor-version":[{"id":13570,"href":"https:\/\/aeroportcastello.com\/en\/wp-json\/wp\/v2\/pages\/2587\/revisions\/13570"}],"up":[{"embeddable":true,"href":"https:\/\/aeroportcastello.com\/en\/wp-json\/wp\/v2\/pages\/2423"}],"wp:attachment":[{"href":"https:\/\/aeroportcastello.com\/en\/wp-json\/wp\/v2\/media?parent=2587"}],"curies":[{"name":"wp","href":"https:\/\/api.w.org\/{rel}","templated":true}]}}