{"id":10293,"date":"2024-11-21T13:46:05","date_gmt":"2024-11-21T12:46:05","guid":{"rendered":"https:\/\/aeroportcastello.com\/business\/training-2\/"},"modified":"2024-12-10T09:51:43","modified_gmt":"2024-12-10T08:51:43","slug":"training","status":"publish","type":"page","link":"https:\/\/aeroportcastello.com\/en\/training\/","title":{"rendered":"Training"},"content":{"rendered":"\t\t<div data-elementor-type=\"wp-page\" data-elementor-id=\"10293\" class=\"elementor elementor-10293 elementor-9927\" data-elementor-post-type=\"page\">\n\t\t\t\t\t\t<section class=\"elementor-section elementor-top-section elementor-element elementor-element-2f02764 elementor-section-boxed elementor-section-height-default elementor-section-height-default\" data-id=\"2f02764\" data-element_type=\"section\" data-settings=\"{&quot;jet_parallax_layout_list&quot;:[]}\">\n\t\t\t\t\t\t<div class=\"elementor-container elementor-column-gap-default\">\n\t\t\t\t\t<div class=\"elementor-column elementor-col-50 elementor-top-column elementor-element elementor-element-9cbefbf\" data-id=\"9cbefbf\" data-element_type=\"column\" data-settings=\"{&quot;background_background&quot;:&quot;classic&quot;}\">\n\t\t\t<div class=\"elementor-widget-wrap elementor-element-populated\">\n\t\t\t\t\t\t<div class=\"elementor-element elementor-element-2fedd5d elementor-widget elementor-widget-text-editor\" data-id=\"2fedd5d\" data-element_type=\"widget\" data-widget_type=\"text-editor.default\">\n\t\t\t\t<div class=\"elementor-widget-container\">\n\t\t\t\t\t\t\t<p>El aeropuerto de Castell\u00f3n acoge un centro de Formaci\u00f3n Profesional adscrito al <a style=\"color: #fff;\" href=\"https:\/\/portal.edu.gva.es\/iesvalldalba\/\" target=\"_blank\" rel=\"noopener\">IES La Vall d&#8217;Alba<\/a>, donde se imparten los siguientes ciclos:<\/p><ul><li>Montaje de estructuras e instalaciones de sistemas aeron\u00e1uticos (grado medio).<\/li><li>Mantenimiento aeromec\u00e1nico de aviones con motor de turbina (grado superior).<\/li><li>Mantenimiento aeromec\u00e1nico de helic\u00f3pteros con motor de turbina (grado superior).<\/li><li>Mantenimiento de sistemas electr\u00f3nicos y avi\u00f3nicos de aeronaves (grado superior).<\/li><\/ul>\t\t\t\t\t\t<\/div>\n\t\t\t\t<\/div>\n\t\t\t\t\t<\/div>\n\t\t<\/div>\n\t\t\t\t<div class=\"elementor-column elementor-col-50 elementor-top-column elementor-element elementor-element-a699b3e\" data-id=\"a699b3e\" data-element_type=\"column\">\n\t\t\t<div class=\"elementor-widget-wrap elementor-element-populated\">\n\t\t\t\t\t\t<div class=\"elementor-element elementor-element-3414108 elementor-widget elementor-widget-image\" data-id=\"3414108\" data-element_type=\"widget\" data-widget_type=\"image.default\">\n\t\t\t\t<div class=\"elementor-widget-container\">\n\t\t\t\t\t\t\t\t\t\t\t\t\t<img fetchpriority=\"high\" decoding=\"async\" width=\"846\" height=\"437\" src=\"https:\/\/aeroportcastello.com\/wp-content\/uploads\/2024\/12\/Aerocas-formacion.jpg\" class=\"attachment-2048x2048 size-2048x2048 wp-image-10579\" alt=\"\" srcset=\"https:\/\/aeroportcastello.com\/wp-content\/uploads\/2024\/12\/Aerocas-formacion.jpg 846w, https:\/\/aeroportcastello.com\/wp-content\/uploads\/2024\/12\/Aerocas-formacion-300x155.jpg 300w, https:\/\/aeroportcastello.com\/wp-content\/uploads\/2024\/12\/Aerocas-formacion-768x397.jpg 768w\" sizes=\"(max-width: 846px) 100vw, 846px\" \/>\t\t\t\t\t\t\t\t\t\t\t\t\t<\/div>\n\t\t\t\t<\/div>\n\t\t\t\t\t<\/div>\n\t\t<\/div>\n\t\t\t\t\t<\/div>\n\t\t<\/section>\n\t\t\t\t<section class=\"elementor-section elementor-top-section elementor-element elementor-element-3439248 elementor-section-boxed elementor-section-height-default elementor-section-height-default\" data-id=\"3439248\" data-element_type=\"section\" data-settings=\"{&quot;jet_parallax_layout_list&quot;:[]}\">\n\t\t\t\t\t\t<div class=\"elementor-container elementor-column-gap-default\">\n\t\t\t\t\t<div class=\"elementor-column elementor-col-100 elementor-top-column elementor-element elementor-element-b91d71f\" data-id=\"b91d71f\" data-element_type=\"column\">\n\t\t\t<div class=\"elementor-widget-wrap elementor-element-populated\">\n\t\t\t\t\t\t<div class=\"elementor-element elementor-element-c82bdc8 elementor-widget elementor-widget-spacer\" data-id=\"c82bdc8\" data-element_type=\"widget\" data-widget_type=\"spacer.default\">\n\t\t\t\t<div class=\"elementor-widget-container\">\n\t\t\t\t\t<div class=\"elementor-spacer\">\n\t\t\t<div class=\"elementor-spacer-inner\"><\/div>\n\t\t<\/div>\n\t\t\t\t<\/div>\n\t\t\t\t<\/div>\n\t\t\t\t\t<\/div>\n\t\t<\/div>\n\t\t\t\t\t<\/div>\n\t\t<\/section>\n\t\t\t\t<\/div>\n\t\t","protected":false},"excerpt":{"rendered":"<p>El aeropuerto de Castell\u00f3n acoge un centro de Formaci\u00f3n Profesional adscrito al IES La Vall d&#8217;Alba, donde se imparten los siguientes ciclos: Montaje de estructuras e instalaciones de sistemas aeron\u00e1uticos (grado medio). Mantenimiento aeromec\u00e1nico de aviones con motor de turbina (grado superior). Mantenimiento aeromec\u00e1nico de helic\u00f3pteros con motor de turbina (grado superior). Mantenimiento de sistemas &#8230; <\/p>\n<p class=\"read-more-container\"><a title=\"Training\" class=\"read-more button\" href=\"https:\/\/aeroportcastello.com\/en\/training\/#more-10293\" aria-label=\"Read more about Training\">Read more<\/a><\/p>\n","protected":false},"author":1,"featured_media":0,"parent":0,"menu_order":0,"comment_status":"closed","ping_status":"open","template":"elementor_header_footer","meta":{"footnotes":""},"yoast_head":"<!-- This site is optimized with the Yoast SEO plugin v22.0 - https:\/\/yoast.com\/wordpress\/plugins\/seo\/ -->\n<title>Training - Aeropuerto Castell\u00f3n<\/title>\n<meta name=\"robots\" content=\"index, follow, max-snippet:-1, max-image-preview:large, max-video-preview:-1\" \/>\n<link rel=\"canonical\" href=\"https:\/\/aeroportcastello.com\/en\/training\/\" \/>\n<meta property=\"og:locale\" content=\"en_US\" \/>\n<meta property=\"og:type\" content=\"article\" \/>\n<meta property=\"og:title\" content=\"Training - Aeropuerto Castell\u00f3n\" \/>\n<meta property=\"og:description\" content=\"El aeropuerto de Castell\u00f3n acoge un centro de Formaci\u00f3n Profesional adscrito al IES La Vall d&#8217;Alba, donde se imparten los siguientes ciclos: Montaje de estructuras e instalaciones de sistemas aeron\u00e1uticos (grado medio). Mantenimiento aeromec\u00e1nico de aviones con motor de turbina (grado superior). Mantenimiento aeromec\u00e1nico de helic\u00f3pteros con motor de turbina (grado superior). Mantenimiento de sistemas ... Read more\" \/>\n<meta property=\"og:url\" content=\"https:\/\/aeroportcastello.com\/en\/training\/\" \/>\n<meta property=\"og:site_name\" content=\"Aeropuerto Castell\u00f3n\" \/>\n<meta property=\"article:modified_time\" content=\"2024-12-10T08:51:43+00:00\" \/>\n<meta property=\"og:image\" content=\"https:\/\/aeroportcastello.com\/wp-content\/uploads\/2024\/12\/Aerocas-formacion.jpg\" \/>\n<meta name=\"twitter:card\" content=\"summary_large_image\" \/>\n<meta name=\"twitter:label1\" content=\"Est. reading time\" \/>\n\t<meta name=\"twitter:data1\" content=\"1 minute\" \/>\n<script type=\"application\/ld+json\" class=\"yoast-schema-graph\">{\"@context\":\"https:\/\/schema.org\",\"@graph\":[{\"@type\":\"WebPage\",\"@id\":\"https:\/\/aeroportcastello.com\/en\/training\/\",\"url\":\"https:\/\/aeroportcastello.com\/en\/training\/\",\"name\":\"Training - Aeropuerto Castell\u00f3n\",\"isPartOf\":{\"@id\":\"https:\/\/aeroportcastello.com\/en\/#website\"},\"datePublished\":\"2024-11-21T12:46:05+00:00\",\"dateModified\":\"2024-12-10T08:51:43+00:00\",\"breadcrumb\":{\"@id\":\"https:\/\/aeroportcastello.com\/en\/training\/#breadcrumb\"},\"inLanguage\":\"en-US\",\"potentialAction\":[{\"@type\":\"ReadAction\",\"target\":[\"https:\/\/aeroportcastello.com\/en\/training\/\"]}]},{\"@type\":\"BreadcrumbList\",\"@id\":\"https:\/\/aeroportcastello.com\/en\/training\/#breadcrumb\",\"itemListElement\":[{\"@type\":\"ListItem\",\"position\":1,\"name\":\"Passengers\",\"item\":\"https:\/\/aeroportcastello.com\/en\/\"},{\"@type\":\"ListItem\",\"position\":2,\"name\":\"Training\"}]},{\"@type\":\"WebSite\",\"@id\":\"https:\/\/aeroportcastello.com\/en\/#website\",\"url\":\"https:\/\/aeroportcastello.com\/en\/\",\"name\":\"Aeropuerto Castell\u00f3n\",\"description\":\"Aeropuerto Castell\u00f3n\",\"publisher\":{\"@id\":\"https:\/\/aeroportcastello.com\/en\/#organization\"},\"potentialAction\":[{\"@type\":\"SearchAction\",\"target\":{\"@type\":\"EntryPoint\",\"urlTemplate\":\"https:\/\/aeroportcastello.com\/en\/?s={search_term_string}\"},\"query-input\":\"required name=search_term_string\"}],\"inLanguage\":\"en-US\"},{\"@type\":\"Organization\",\"@id\":\"https:\/\/aeroportcastello.com\/en\/#organization\",\"name\":\"Aeropuerto Castell\u00f3n\",\"url\":\"https:\/\/aeroportcastello.com\/en\/\",\"logo\":{\"@type\":\"ImageObject\",\"inLanguage\":\"en-US\",\"@id\":\"https:\/\/aeroportcastello.com\/en\/#\/schema\/logo\/image\/\",\"url\":\"https:\/\/aeroportcastello.com\/wp-content\/uploads\/2021\/05\/logo_aeroport_castello-1.svg\",\"contentUrl\":\"https:\/\/aeroportcastello.com\/wp-content\/uploads\/2021\/05\/logo_aeroport_castello-1.svg\",\"width\":482.8999999999999772626324556767940521240234375,\"height\":93.7000000000000028421709430404007434844970703125,\"caption\":\"Aeropuerto Castell\u00f3n\"},\"image\":{\"@id\":\"https:\/\/aeroportcastello.com\/en\/#\/schema\/logo\/image\/\"}}]}<\/script>\n<!-- \/ Yoast SEO plugin. -->","yoast_head_json":{"title":"Training - Aeropuerto Castell\u00f3n","robots":{"index":"index","follow":"follow","max-snippet":"max-snippet:-1","max-image-preview":"max-image-preview:large","max-video-preview":"max-video-preview:-1"},"canonical":"https:\/\/aeroportcastello.com\/en\/training\/","og_locale":"en_US","og_type":"article","og_title":"Training - Aeropuerto Castell\u00f3n","og_description":"El aeropuerto de Castell\u00f3n acoge un centro de Formaci\u00f3n Profesional adscrito al IES La Vall d&#8217;Alba, donde se imparten los siguientes ciclos: Montaje de estructuras e instalaciones de sistemas aeron\u00e1uticos (grado medio). Mantenimiento aeromec\u00e1nico de aviones con motor de turbina (grado superior). Mantenimiento aeromec\u00e1nico de helic\u00f3pteros con motor de turbina (grado superior). Mantenimiento de sistemas ... Read more","og_url":"https:\/\/aeroportcastello.com\/en\/training\/","og_site_name":"Aeropuerto Castell\u00f3n","article_modified_time":"2024-12-10T08:51:43+00:00","og_image":[{"url":"https:\/\/aeroportcastello.com\/wp-content\/uploads\/2024\/12\/Aerocas-formacion.jpg"}],"twitter_card":"summary_large_image","twitter_misc":{"Est. reading time":"1 minute"},"schema":{"@context":"https:\/\/schema.org","@graph":[{"@type":"WebPage","@id":"https:\/\/aeroportcastello.com\/en\/training\/","url":"https:\/\/aeroportcastello.com\/en\/training\/","name":"Training - Aeropuerto Castell\u00f3n","isPartOf":{"@id":"https:\/\/aeroportcastello.com\/en\/#website"},"datePublished":"2024-11-21T12:46:05+00:00","dateModified":"2024-12-10T08:51:43+00:00","breadcrumb":{"@id":"https:\/\/aeroportcastello.com\/en\/training\/#breadcrumb"},"inLanguage":"en-US","potentialAction":[{"@type":"ReadAction","target":["https:\/\/aeroportcastello.com\/en\/training\/"]}]},{"@type":"BreadcrumbList","@id":"https:\/\/aeroportcastello.com\/en\/training\/#breadcrumb","itemListElement":[{"@type":"ListItem","position":1,"name":"Passengers","item":"https:\/\/aeroportcastello.com\/en\/"},{"@type":"ListItem","position":2,"name":"Training"}]},{"@type":"WebSite","@id":"https:\/\/aeroportcastello.com\/en\/#website","url":"https:\/\/aeroportcastello.com\/en\/","name":"Aeropuerto Castell\u00f3n","description":"Aeropuerto Castell\u00f3n","publisher":{"@id":"https:\/\/aeroportcastello.com\/en\/#organization"},"potentialAction":[{"@type":"SearchAction","target":{"@type":"EntryPoint","urlTemplate":"https:\/\/aeroportcastello.com\/en\/?s={search_term_string}"},"query-input":"required name=search_term_string"}],"inLanguage":"en-US"},{"@type":"Organization","@id":"https:\/\/aeroportcastello.com\/en\/#organization","name":"Aeropuerto Castell\u00f3n","url":"https:\/\/aeroportcastello.com\/en\/","logo":{"@type":"ImageObject","inLanguage":"en-US","@id":"https:\/\/aeroportcastello.com\/en\/#\/schema\/logo\/image\/","url":"https:\/\/aeroportcastello.com\/wp-content\/uploads\/2021\/05\/logo_aeroport_castello-1.svg","contentUrl":"https:\/\/aeroportcastello.com\/wp-content\/uploads\/2021\/05\/logo_aeroport_castello-1.svg","width":482.8999999999999772626324556767940521240234375,"height":93.7000000000000028421709430404007434844970703125,"caption":"Aeropuerto Castell\u00f3n"},"image":{"@id":"https:\/\/aeroportcastello.com\/en\/#\/schema\/logo\/image\/"}}]}},"_links":{"self":[{"href":"https:\/\/aeroportcastello.com\/en\/wp-json\/wp\/v2\/pages\/10293"}],"collection":[{"href":"https:\/\/aeroportcastello.com\/en\/wp-json\/wp\/v2\/pages"}],"about":[{"href":"https:\/\/aeroportcastello.com\/en\/wp-json\/wp\/v2\/types\/page"}],"author":[{"embeddable":true,"href":"https:\/\/aeroportcastello.com\/en\/wp-json\/wp\/v2\/users\/1"}],"replies":[{"embeddable":true,"href":"https:\/\/aeroportcastello.com\/en\/wp-json\/wp\/v2\/comments?post=10293"}],"version-history":[{"count":18,"href":"https:\/\/aeroportcastello.com\/en\/wp-json\/wp\/v2\/pages\/10293\/revisions"}],"predecessor-version":[{"id":10792,"href":"https:\/\/aeroportcastello.com\/en\/wp-json\/wp\/v2\/pages\/10293\/revisions\/10792"}],"wp:attachment":[{"href":"https:\/\/aeroportcastello.com\/en\/wp-json\/wp\/v2\/media?parent=10293"}],"curies":[{"name":"wp","href":"https:\/\/api.w.org\/{rel}","templated":true}]}}